{"id":7433,"date":"2020-08-22T14:36:49","date_gmt":"2020-08-22T12:36:49","guid":{"rendered":"https:\/\/movo-zaden.nl\/ruwvoer-teelt-vanaf-de-basis\/"},"modified":"2020-08-29T15:19:40","modified_gmt":"2020-08-29T13:19:40","slug":"ruwvoer-teelt-vanaf-de-basis","status":"publish","type":"page","link":"https:\/\/movo-zaden.nl\/be\/ruwvoer-teelt-vanaf-de-basis\/","title":{"rendered":"Ruwvoer teelt vanaf de basis"},"content":{"rendered":"<div class=\"wpb-content-wrapper\">[vc_row][vc_column]<div class=\"vcex-spacing wpex-w-100 wpex-clear\" style=\"height:40px;\"><\/div>[\/vc_column][\/vc_row][vc_row][vc_column]<h1 class=\"vcex-heading vcex-heading-plain vcex-module wpex-heading wpex-text-2xl wpex-text-left\"><span class=\"vcex-heading-inner wpex-inline-block\">Project Ruwvoer teelt vanaf de basis<\/span><\/h1><div class=\"vcex-module vcex-divider vcex-divider-solid vcex-divider-center wpex-mx-auto wpex-block wpex-h-0 wpex-border-b wpex-border-solid wpex-border-main\"><\/div><div class=\"vcex-spacing wpex-w-100 wpex-clear\"><\/div>[vc_row_inner equal_height=&#8221;yes&#8221;][vc_column_inner width=&#8221;2\/3&#8243; el_id=&#8221;equal-height-content&#8221;][vc_column_text]Ruwvoerteelt vanaf de basis. Hoe kunnen we zorgen voor vermindering van de milieubelasting? En hoe blijft dit praktisch haalbaar, duidelijk en effectief?<\/p>\n<p>Wij hebben in 2019 laten zien dat er alternatieven zijn voor een duurzame teelt, gedragen vanuit de praktijk. We hebben getest, ge-experimenteerd en vele succesvolle demodagen georganiseerd met praktijkvoorbeelden die in de basis bijdragen aan een gezonde bodem \u00e9n aan een lagere milieu belasting. Daarnaast hebben we, in samenwerkingen met WUR &#8211; Open teelten (voorheen PPo), gezorgd voor wetenschappelijk onderbouwde resultaten.<\/p>\n<p>We mochten in 2019 vele ge\u00efnteresseerden uit heel Nederland, Belgi\u00eb \u00e9n Duitsland ontvangen. Naast mensen uit het vakgebied, zoals agrari\u00ebrs, handelaren, mengvoederbedrijven en dergelijken, hebben we ook afgevaardigden van het ministerie, provincie, gemeente en scholen mogen ontvangen. Wat voor interessante en vrchtbare discussies zorgde.[\/vc_column_text][\/vc_column_inner][vc_column_inner width=&#8221;1\/3&#8243; el_id=&#8221;equal-height-content&#8221;]<figure class=\"vcex-image vcex-module\"><div class=\"vcex-image-inner wpex-relative wpex-inline-block\"><img width=\"2560\" height=\"1707\" src=\"https:\/\/movo-zaden.nl\/wp-content\/uploads\/2020\/02\/IMG_6346-scaled.jpg\" class=\"vcex-image-img wpex-align-middle\" alt=\"\" loading=\"lazy\" decoding=\"async\" srcset=\"https:\/\/movo-zaden.nl\/wp-content\/uploads\/2020\/02\/IMG_6346-scaled.jpg 2560w, https:\/\/movo-zaden.nl\/wp-content\/uploads\/2020\/02\/IMG_6346-300x200.jpg 300w, https:\/\/movo-zaden.nl\/wp-content\/uploads\/2020\/02\/IMG_6346-1024x683.jpg 1024w, https:\/\/movo-zaden.nl\/wp-content\/uploads\/2020\/02\/IMG_6346-768x512.jpg 768w, https:\/\/movo-zaden.nl\/wp-content\/uploads\/2020\/02\/IMG_6346-1536x1024.jpg 1536w, https:\/\/movo-zaden.nl\/wp-content\/uploads\/2020\/02\/IMG_6346-2048x1365.jpg 2048w, https:\/\/movo-zaden.nl\/wp-content\/uploads\/2020\/02\/IMG_6346-600x400.jpg 600w, https:\/\/movo-zaden.nl\/wp-content\/uploads\/2020\/02\/IMG_6346-scaled-1500x1000.jpg 1500w\" sizes=\"auto, (max-width: 2560px) 100vw, 2560px\" \/><\/div><\/figure>[\/vc_column_inner][\/vc_row_inner][\/vc_column][\/vc_row][vc_row][vc_column]<div class=\"vcex-spacing wpex-w-100 wpex-clear\"><\/div>[\/vc_column][\/vc_row]\n<\/div>","protected":false},"excerpt":{"rendered":"<p>[vc_row][vc_column][\/vc_column][\/vc_row][vc_row][vc_column][vc_row_inner equal_height=&#8221;yes&#8221;][vc_column_inner width=&#8221;2\/3&#8243; el_id=&#8221;equal-height-content&#8221;][vc_column_text]Ruwvoerteelt vanaf de basis. Hoe kunnen we zorgen voor vermindering van de milieubelasting? En hoe blijft dit praktisch haalbaar, duidelijk en effectief? Wij hebben in 2019 laten zien dat er alternatieven zijn voor een duurzame teelt, gedragen vanuit de praktijk. We hebben getest, ge-experimenteerd en vele succesvolle demodagen georganiseerd met praktijkvoorbeelden die&hellip;<\/p>\n","protected":false},"author":2,"featured_media":0,"parent":0,"menu_order":0,"comment_status":"closed","ping_status":"closed","template":"","meta":{"content-type":"","_monsterinsights_skip_tracking":false,"_monsterinsights_sitenote_active":false,"_monsterinsights_sitenote_note":"","_monsterinsights_sitenote_category":0,"footnotes":""},"class_list":["post-7433","page","type-page","status-publish","hentry","entry","no-media"],"yoast_head":"<!-- This site is optimized with the Yoast SEO plugin v27.1.1 - https:\/\/yoast.com\/product\/yoast-seo-wordpress\/ -->\n<title>Ruwvoer teelt vanaf de basis - MOVO-Zaden<\/title>\n<meta name=\"robots\" content=\"index, follow, max-snippet:-1, max-image-preview:large, max-video-preview:-1\" \/>\n<link rel=\"canonical\" href=\"https:\/\/movo-zaden.nl\/be\/ruwvoer-teelt-vanaf-de-basis\/\" \/>\n<meta property=\"og:locale\" content=\"nl_BE\" \/>\n<meta property=\"og:type\" content=\"article\" \/>\n<meta property=\"og:title\" content=\"Ruwvoer teelt vanaf de basis - MOVO-Zaden\" \/>\n<meta property=\"og:description\" content=\"[vc_row][vc_column][\/vc_column][\/vc_row][vc_row][vc_column][vc_row_inner equal_height=&#8221;yes&#8221;][vc_column_inner width=&#8221;2\/3&#8243; el_id=&#8221;equal-height-content&#8221;][vc_column_text]Ruwvoerteelt vanaf de basis. Hoe kunnen we zorgen voor vermindering van de milieubelasting? En hoe blijft dit praktisch haalbaar, duidelijk en effectief? Wij hebben in 2019 laten zien dat er alternatieven zijn voor een duurzame teelt, gedragen vanuit de praktijk. We hebben getest, ge-experimenteerd en vele succesvolle demodagen georganiseerd met praktijkvoorbeelden die&hellip;\" \/>\n<meta property=\"og:url\" content=\"https:\/\/movo-zaden.nl\/be\/ruwvoer-teelt-vanaf-de-basis\/\" \/>\n<meta property=\"og:site_name\" content=\"MOVO-Zaden\" \/>\n<meta property=\"article:modified_time\" content=\"2020-08-29T13:19:40+00:00\" \/>\n<meta name=\"twitter:card\" content=\"summary_large_image\" \/>\n<meta name=\"twitter:label1\" content=\"Geschatte leestijd\" \/>\n\t<meta name=\"twitter:data1\" content=\"1 minuut\" \/>\n<script type=\"application\/ld+json\" class=\"yoast-schema-graph\">{\"@context\":\"https:\/\/schema.org\",\"@graph\":[{\"@type\":\"WebPage\",\"@id\":\"https:\/\/movo-zaden.nl\/be\/ruwvoer-teelt-vanaf-de-basis\/\",\"url\":\"https:\/\/movo-zaden.nl\/be\/ruwvoer-teelt-vanaf-de-basis\/\",\"name\":\"Ruwvoer teelt vanaf de basis - MOVO-Zaden\",\"isPartOf\":{\"@id\":\"https:\/\/movo-zaden.nl\/#website\"},\"datePublished\":\"2020-08-22T12:36:49+00:00\",\"dateModified\":\"2020-08-29T13:19:40+00:00\",\"breadcrumb\":{\"@id\":\"https:\/\/movo-zaden.nl\/be\/ruwvoer-teelt-vanaf-de-basis\/#breadcrumb\"},\"inLanguage\":\"nl-BE\",\"potentialAction\":[{\"@type\":\"ReadAction\",\"target\":[\"https:\/\/movo-zaden.nl\/be\/ruwvoer-teelt-vanaf-de-basis\/\"]}]},{\"@type\":\"BreadcrumbList\",\"@id\":\"https:\/\/movo-zaden.nl\/be\/ruwvoer-teelt-vanaf-de-basis\/#breadcrumb\",\"itemListElement\":[{\"@type\":\"ListItem\",\"position\":1,\"name\":\"Home\",\"item\":\"https:\/\/movo-zaden.nl\/be\/\"},{\"@type\":\"ListItem\",\"position\":2,\"name\":\"Ruwvoer teelt vanaf de basis\"}]},{\"@type\":\"WebSite\",\"@id\":\"https:\/\/movo-zaden.nl\/#website\",\"url\":\"https:\/\/movo-zaden.nl\/\",\"name\":\"MOVO-Zaden\",\"description\":\"Groothandel en specialist in landbouwzaden\",\"publisher\":{\"@id\":\"https:\/\/movo-zaden.nl\/#organization\"},\"potentialAction\":[{\"@type\":\"SearchAction\",\"target\":{\"@type\":\"EntryPoint\",\"urlTemplate\":\"https:\/\/movo-zaden.nl\/?s={search_term_string}\"},\"query-input\":{\"@type\":\"PropertyValueSpecification\",\"valueRequired\":true,\"valueName\":\"search_term_string\"}}],\"inLanguage\":\"nl-BE\"},{\"@type\":\"Organization\",\"@id\":\"https:\/\/movo-zaden.nl\/#organization\",\"name\":\"MOVO-Zaden\",\"url\":\"https:\/\/movo-zaden.nl\/\",\"logo\":{\"@type\":\"ImageObject\",\"inLanguage\":\"nl-BE\",\"@id\":\"https:\/\/movo-zaden.nl\/#\/schema\/logo\/image\/\",\"url\":\"https:\/\/movo-zaden.nl\/wp-content\/uploads\/2020\/02\/Logo-MOVO-zaden-groot.png\",\"contentUrl\":\"https:\/\/movo-zaden.nl\/wp-content\/uploads\/2020\/02\/Logo-MOVO-zaden-groot.png\",\"width\":399,\"height\":148,\"caption\":\"MOVO-Zaden\"},\"image\":{\"@id\":\"https:\/\/movo-zaden.nl\/#\/schema\/logo\/image\/\"}}]}<\/script>\n<!-- \/ Yoast SEO plugin. -->","yoast_head_json":{"title":"Ruwvoer teelt vanaf de basis - MOVO-Zaden","robots":{"index":"index","follow":"follow","max-snippet":"max-snippet:-1","max-image-preview":"max-image-preview:large","max-video-preview":"max-video-preview:-1"},"canonical":"https:\/\/movo-zaden.nl\/be\/ruwvoer-teelt-vanaf-de-basis\/","og_locale":"nl_BE","og_type":"article","og_title":"Ruwvoer teelt vanaf de basis - MOVO-Zaden","og_description":"[vc_row][vc_column][\/vc_column][\/vc_row][vc_row][vc_column][vc_row_inner equal_height=&#8221;yes&#8221;][vc_column_inner width=&#8221;2\/3&#8243; el_id=&#8221;equal-height-content&#8221;][vc_column_text]Ruwvoerteelt vanaf de basis. Hoe kunnen we zorgen voor vermindering van de milieubelasting? En hoe blijft dit praktisch haalbaar, duidelijk en effectief? Wij hebben in 2019 laten zien dat er alternatieven zijn voor een duurzame teelt, gedragen vanuit de praktijk. We hebben getest, ge-experimenteerd en vele succesvolle demodagen georganiseerd met praktijkvoorbeelden die&hellip;","og_url":"https:\/\/movo-zaden.nl\/be\/ruwvoer-teelt-vanaf-de-basis\/","og_site_name":"MOVO-Zaden","article_modified_time":"2020-08-29T13:19:40+00:00","twitter_card":"summary_large_image","twitter_misc":{"Geschatte leestijd":"1 minuut"},"schema":{"@context":"https:\/\/schema.org","@graph":[{"@type":"WebPage","@id":"https:\/\/movo-zaden.nl\/be\/ruwvoer-teelt-vanaf-de-basis\/","url":"https:\/\/movo-zaden.nl\/be\/ruwvoer-teelt-vanaf-de-basis\/","name":"Ruwvoer teelt vanaf de basis - MOVO-Zaden","isPartOf":{"@id":"https:\/\/movo-zaden.nl\/#website"},"datePublished":"2020-08-22T12:36:49+00:00","dateModified":"2020-08-29T13:19:40+00:00","breadcrumb":{"@id":"https:\/\/movo-zaden.nl\/be\/ruwvoer-teelt-vanaf-de-basis\/#breadcrumb"},"inLanguage":"nl-BE","potentialAction":[{"@type":"ReadAction","target":["https:\/\/movo-zaden.nl\/be\/ruwvoer-teelt-vanaf-de-basis\/"]}]},{"@type":"BreadcrumbList","@id":"https:\/\/movo-zaden.nl\/be\/ruwvoer-teelt-vanaf-de-basis\/#breadcrumb","itemListElement":[{"@type":"ListItem","position":1,"name":"Home","item":"https:\/\/movo-zaden.nl\/be\/"},{"@type":"ListItem","position":2,"name":"Ruwvoer teelt vanaf de basis"}]},{"@type":"WebSite","@id":"https:\/\/movo-zaden.nl\/#website","url":"https:\/\/movo-zaden.nl\/","name":"MOVO-Zaden","description":"Groothandel en specialist in landbouwzaden","publisher":{"@id":"https:\/\/movo-zaden.nl\/#organization"},"potentialAction":[{"@type":"SearchAction","target":{"@type":"EntryPoint","urlTemplate":"https:\/\/movo-zaden.nl\/?s={search_term_string}"},"query-input":{"@type":"PropertyValueSpecification","valueRequired":true,"valueName":"search_term_string"}}],"inLanguage":"nl-BE"},{"@type":"Organization","@id":"https:\/\/movo-zaden.nl\/#organization","name":"MOVO-Zaden","url":"https:\/\/movo-zaden.nl\/","logo":{"@type":"ImageObject","inLanguage":"nl-BE","@id":"https:\/\/movo-zaden.nl\/#\/schema\/logo\/image\/","url":"https:\/\/movo-zaden.nl\/wp-content\/uploads\/2020\/02\/Logo-MOVO-zaden-groot.png","contentUrl":"https:\/\/movo-zaden.nl\/wp-content\/uploads\/2020\/02\/Logo-MOVO-zaden-groot.png","width":399,"height":148,"caption":"MOVO-Zaden"},"image":{"@id":"https:\/\/movo-zaden.nl\/#\/schema\/logo\/image\/"}}]}},"_links":{"self":[{"href":"https:\/\/movo-zaden.nl\/be\/wp-json\/wp\/v2\/pages\/7433","targetHints":{"allow":["GET"]}}],"collection":[{"href":"https:\/\/movo-zaden.nl\/be\/wp-json\/wp\/v2\/pages"}],"about":[{"href":"https:\/\/movo-zaden.nl\/be\/wp-json\/wp\/v2\/types\/page"}],"author":[{"embeddable":true,"href":"https:\/\/movo-zaden.nl\/be\/wp-json\/wp\/v2\/users\/2"}],"replies":[{"embeddable":true,"href":"https:\/\/movo-zaden.nl\/be\/wp-json\/wp\/v2\/comments?post=7433"}],"version-history":[{"count":0,"href":"https:\/\/movo-zaden.nl\/be\/wp-json\/wp\/v2\/pages\/7433\/revisions"}],"wp:attachment":[{"href":"https:\/\/movo-zaden.nl\/be\/wp-json\/wp\/v2\/media?parent=7433"}],"curies":[{"name":"wp","href":"https:\/\/api.w.org\/{rel}","templated":true}]}}