{"id":7870,"date":"2020-05-07T14:02:13","date_gmt":"2020-05-07T12:02:13","guid":{"rendered":"https:\/\/movo-zaden.nl\/anpassung\/"},"modified":"2022-04-19T11:43:13","modified_gmt":"2022-04-19T09:43:13","slug":"silphie","status":"publish","type":"page","link":"https:\/\/movo-zaden.nl\/de\/silphie\/","title":{"rendered":"Silphie"},"content":{"rendered":"<div class=\"wpb-content-wrapper\">[vc_row column_spacing=&#8220;30&#8243;][vc_column]<div class=\"vcex-spacing wpex-w-100 wpex-clear\" style=\"height:40px;\"><\/div><h1 class=\"vcex-heading vcex-heading-plain vcex-module wpex-heading wpex-text-2xl\"><span class=\"vcex-heading-inner wpex-inline-block\">Silphie<\/span><\/h1><div class=\"vcex-module vcex-divider vcex-divider-solid vcex-divider-center wpex-mx-auto wpex-block wpex-h-0 wpex-border-b wpex-border-solid wpex-border-main\"><\/div><div class=\"vcex-spacing wpex-w-100 wpex-clear\" style=\"height:20px;\"><\/div>[\/vc_column][\/vc_row][vc_row content_placement=&#8220;middle&#8220; equal_height=&#8220;yes&#8220;][vc_column width=&#8220;2\/3&#8243; el_id=&#8220;equal-height-content&#8220;][vc_column_text]Silphium perfoliatum, L, ist eine Dauerkultur und hat einen extrem hohen Mehrwert im Bereich Bodenverbesserung und Biodiversit\u00e4t. Es ist eine sehr starke Anlage mit enormem Potenzial in der Raufutter-, Faser- und Biogasindustrie.<\/p>\n<p>Das 1. Jahr ist Silphie i.c.w. angebauter Mais. Der Mais sorgt f\u00fcr Unkrautunterdr\u00fcckung, wobei die Silphie im 1. Jahr nicht viel h\u00f6her als kniehoch wird. Ab dem 2. Jahr und sp\u00e4ter k\u00f6nnen Sie von 14 tDS ansteigend auf 22 tDS pro ha ausgehen.<\/p>\n<p>Silphie (Silphium Perfoliatum) dient der Wiederherstellung der Natur und hilft den Menschen bei der Energiewende in Form einer Kreislaufwirtschaft.[\/vc_column_text][\/vc_column][vc_column width=&#8220;1\/3&#8243; css=&#8220;.vc_custom_1585903970867{margin-right: 15px !important;margin-left: 15px !important;background-color: #008cba !important;}&#8220;]<div class=\"vcex-spacing wpex-w-100 wpex-clear\" style=\"height:60px;\"><\/div>[vc_column_text text_align=&#8220;center&#8220; color=&#8220;#ffffff&#8220; css=&#8220;.vc_custom_1639735606206{padding-right: 30px !important;padding-left: 30px !important;}&#8220;]Sehen Sie hier Silphie, die immer mehr Energie, Fasern, Wurzeln und Bl\u00fcten bekommt![\/vc_column_text]<style>.vcex-button.vcex_69f4739fa51ef{width:80%;padding-inline:0px;margin-block-start:20px;}<\/style><div class=\"vc_custom_1639735337118 wpex-clr\"><div class=\"theme-button-wrap textcenter wpex-clr\"><a href=\"https:\/\/silphie.nl\/\" class=\"vcex-button theme-button align-center inline wpex-flex-shrink-0 vcex_69f4739fa51ef\"><span class=\"vcex-button-inner theme-button-inner wpex-flex wpex-flex-wrap wpex-items-center wpex-justify-center\">Mehr info<\/span><\/a><\/div><\/div> <div class=\"vcex-spacing wpex-w-100 wpex-clear\" style=\"height:60px;\"><\/div>[\/vc_column][\/vc_row][vc_row column_spacing=&#8220;30&#8243; css=&#8220;.vc_custom_1598185572695{margin-top: 30px !important;margin-bottom: 3px !important;}&#8220;][vc_column width=&#8220;1\/2&#8243;]<figure class=\"vcex-image vcex-module wpex-text-left\"><div class=\"vcex-image-inner wpex-relative wpex-inline-block\"><img width=\"2560\" height=\"1707\" src=\"https:\/\/movo-zaden.nl\/wp-content\/uploads\/2021\/12\/fb8-scaled.jpg\" class=\"vcex-image-img wpex-align-middle\" alt=\"Silphie mit Hochzit\" loading=\"lazy\" decoding=\"async\" srcset=\"https:\/\/movo-zaden.nl\/wp-content\/uploads\/2021\/12\/fb8-scaled.jpg 2560w, https:\/\/movo-zaden.nl\/wp-content\/uploads\/2021\/12\/fb8-300x200.jpg 300w, https:\/\/movo-zaden.nl\/wp-content\/uploads\/2021\/12\/fb8-1024x683.jpg 1024w, https:\/\/movo-zaden.nl\/wp-content\/uploads\/2021\/12\/fb8-768x512.jpg 768w, https:\/\/movo-zaden.nl\/wp-content\/uploads\/2021\/12\/fb8-1536x1024.jpg 1536w, https:\/\/movo-zaden.nl\/wp-content\/uploads\/2021\/12\/fb8-2048x1365.jpg 2048w, https:\/\/movo-zaden.nl\/wp-content\/uploads\/2021\/12\/fb8-600x400.jpg 600w\" sizes=\"auto, (max-width: 2560px) 100vw, 2560px\" \/><\/div><\/figure>[\/vc_column][vc_column width=&#8220;1\/2&#8243;]<figure class=\"vcex-image vcex-module wpex-text-left\"><div class=\"vcex-image-inner wpex-relative wpex-inline-block\"><img width=\"2560\" height=\"1707\" src=\"https:\/\/movo-zaden.nl\/wp-content\/uploads\/2021\/12\/post2-scaled.jpg\" class=\"vcex-image-img wpex-align-middle\" alt=\"Silphie-Pflanze mit Schmetterling\" loading=\"lazy\" decoding=\"async\" srcset=\"https:\/\/movo-zaden.nl\/wp-content\/uploads\/2021\/12\/post2-scaled.jpg 2560w, https:\/\/movo-zaden.nl\/wp-content\/uploads\/2021\/12\/post2-300x200.jpg 300w, https:\/\/movo-zaden.nl\/wp-content\/uploads\/2021\/12\/post2-1024x683.jpg 1024w, https:\/\/movo-zaden.nl\/wp-content\/uploads\/2021\/12\/post2-768x512.jpg 768w, https:\/\/movo-zaden.nl\/wp-content\/uploads\/2021\/12\/post2-1536x1024.jpg 1536w, https:\/\/movo-zaden.nl\/wp-content\/uploads\/2021\/12\/post2-2048x1365.jpg 2048w, https:\/\/movo-zaden.nl\/wp-content\/uploads\/2021\/12\/post2-600x400.jpg 600w\" sizes=\"auto, (max-width: 2560px) 100vw, 2560px\" \/><\/div><\/figure>[\/vc_column][\/vc_row]\n<\/div>","protected":false},"excerpt":{"rendered":"<p>[vc_row column_spacing=&#8220;30&#8243;][vc_column][\/vc_column][\/vc_row][vc_row content_placement=&#8220;middle&#8220; equal_height=&#8220;yes&#8220;][vc_column width=&#8220;2\/3&#8243; el_id=&#8220;equal-height-content&#8220;][vc_column_text]Silphium perfoliatum, L, ist eine Dauerkultur und hat einen extrem hohen Mehrwert im Bereich Bodenverbesserung und Biodiversit\u00e4t. Es ist eine sehr starke Anlage mit enormem Potenzial in der Raufutter-, Faser- und Biogasindustrie. Das 1. Jahr ist Silphie i.c.w. angebauter Mais. Der Mais sorgt f\u00fcr Unkrautunterdr\u00fcckung, wobei die Silphie im 1.&hellip;<\/p>\n","protected":false},"author":2,"featured_media":0,"parent":0,"menu_order":0,"comment_status":"closed","ping_status":"closed","template":"","meta":{"content-type":"","_monsterinsights_skip_tracking":false,"_monsterinsights_sitenote_active":false,"_monsterinsights_sitenote_note":"","_monsterinsights_sitenote_category":0,"footnotes":""},"class_list":["post-7870","page","type-page","status-publish","hentry","entry","no-media"],"yoast_head":"<!-- This site is optimized with the Yoast SEO plugin v27.1.1 - https:\/\/yoast.com\/product\/yoast-seo-wordpress\/ -->\n<title>Silphie | MOVO-Zaden | Energiepflanze<\/title>\n<meta name=\"description\" content=\"Silphie verhindert die Entwaldung, verbessert den Boden und hat ein enormes Potenzial in der Raufutter-, Faser- und Biogasindustrie. Kaufen Sie Ihre Silphie-Samen hier\" \/>\n<meta name=\"robots\" content=\"index, follow, max-snippet:-1, max-image-preview:large, max-video-preview:-1\" \/>\n<link rel=\"canonical\" href=\"https:\/\/movo-zaden.nl\/de\/silphie\/\" \/>\n<meta property=\"og:locale\" content=\"de_DE\" \/>\n<meta property=\"og:type\" content=\"article\" \/>\n<meta property=\"og:title\" content=\"Silphie | MOVO-Zaden | Energiepflanze\" \/>\n<meta property=\"og:description\" content=\"Silphie verhindert die Entwaldung, verbessert den Boden und hat ein enormes Potenzial in der Raufutter-, Faser- und Biogasindustrie. Kaufen Sie Ihre Silphie-Samen hier\" \/>\n<meta property=\"og:url\" content=\"https:\/\/movo-zaden.nl\/de\/silphie\/\" \/>\n<meta property=\"og:site_name\" content=\"MOVO-Zaden\" \/>\n<meta property=\"article:modified_time\" content=\"2022-04-19T09:43:13+00:00\" \/>\n<meta name=\"twitter:card\" content=\"summary_large_image\" \/>\n<meta name=\"twitter:label1\" content=\"Gesch\u00e4tzte Lesezeit\" \/>\n\t<meta name=\"twitter:data1\" content=\"1\u00a0Minute\" \/>\n<script type=\"application\/ld+json\" class=\"yoast-schema-graph\">{\"@context\":\"https:\/\/schema.org\",\"@graph\":[{\"@type\":\"WebPage\",\"@id\":\"https:\/\/movo-zaden.nl\/de\/silphie\/\",\"url\":\"https:\/\/movo-zaden.nl\/de\/silphie\/\",\"name\":\"Silphie | MOVO-Zaden | Energiepflanze\",\"isPartOf\":{\"@id\":\"https:\/\/movo-zaden.nl\/#website\"},\"datePublished\":\"2020-05-07T12:02:13+00:00\",\"dateModified\":\"2022-04-19T09:43:13+00:00\",\"description\":\"Silphie verhindert die Entwaldung, verbessert den Boden und hat ein enormes Potenzial in der Raufutter-, Faser- und Biogasindustrie. Kaufen Sie Ihre Silphie-Samen hier\",\"breadcrumb\":{\"@id\":\"https:\/\/movo-zaden.nl\/de\/silphie\/#breadcrumb\"},\"inLanguage\":\"de\",\"potentialAction\":[{\"@type\":\"ReadAction\",\"target\":[\"https:\/\/movo-zaden.nl\/de\/silphie\/\"]}]},{\"@type\":\"BreadcrumbList\",\"@id\":\"https:\/\/movo-zaden.nl\/de\/silphie\/#breadcrumb\",\"itemListElement\":[{\"@type\":\"ListItem\",\"position\":1,\"name\":\"Home\",\"item\":\"https:\/\/movo-zaden.nl\/de\/\"},{\"@type\":\"ListItem\",\"position\":2,\"name\":\"Silphie\"}]},{\"@type\":\"WebSite\",\"@id\":\"https:\/\/movo-zaden.nl\/#website\",\"url\":\"https:\/\/movo-zaden.nl\/\",\"name\":\"MOVO-Zaden\",\"description\":\"Groothandel en specialist in landbouwzaden\",\"publisher\":{\"@id\":\"https:\/\/movo-zaden.nl\/#organization\"},\"potentialAction\":[{\"@type\":\"SearchAction\",\"target\":{\"@type\":\"EntryPoint\",\"urlTemplate\":\"https:\/\/movo-zaden.nl\/?s={search_term_string}\"},\"query-input\":{\"@type\":\"PropertyValueSpecification\",\"valueRequired\":true,\"valueName\":\"search_term_string\"}}],\"inLanguage\":\"de\"},{\"@type\":\"Organization\",\"@id\":\"https:\/\/movo-zaden.nl\/#organization\",\"name\":\"MOVO-Zaden\",\"url\":\"https:\/\/movo-zaden.nl\/\",\"logo\":{\"@type\":\"ImageObject\",\"inLanguage\":\"de\",\"@id\":\"https:\/\/movo-zaden.nl\/#\/schema\/logo\/image\/\",\"url\":\"https:\/\/movo-zaden.nl\/wp-content\/uploads\/2020\/02\/Logo-MOVO-zaden-groot.png\",\"contentUrl\":\"https:\/\/movo-zaden.nl\/wp-content\/uploads\/2020\/02\/Logo-MOVO-zaden-groot.png\",\"width\":399,\"height\":148,\"caption\":\"MOVO-Zaden\"},\"image\":{\"@id\":\"https:\/\/movo-zaden.nl\/#\/schema\/logo\/image\/\"}}]}<\/script>\n<!-- \/ Yoast SEO plugin. -->","yoast_head_json":{"title":"Silphie | MOVO-Zaden | Energiepflanze","description":"Silphie verhindert die Entwaldung, verbessert den Boden und hat ein enormes Potenzial in der Raufutter-, Faser- und Biogasindustrie. Kaufen Sie Ihre Silphie-Samen hier","robots":{"index":"index","follow":"follow","max-snippet":"max-snippet:-1","max-image-preview":"max-image-preview:large","max-video-preview":"max-video-preview:-1"},"canonical":"https:\/\/movo-zaden.nl\/de\/silphie\/","og_locale":"de_DE","og_type":"article","og_title":"Silphie | MOVO-Zaden | Energiepflanze","og_description":"Silphie verhindert die Entwaldung, verbessert den Boden und hat ein enormes Potenzial in der Raufutter-, Faser- und Biogasindustrie. Kaufen Sie Ihre Silphie-Samen hier","og_url":"https:\/\/movo-zaden.nl\/de\/silphie\/","og_site_name":"MOVO-Zaden","article_modified_time":"2022-04-19T09:43:13+00:00","twitter_card":"summary_large_image","twitter_misc":{"Gesch\u00e4tzte Lesezeit":"1\u00a0Minute"},"schema":{"@context":"https:\/\/schema.org","@graph":[{"@type":"WebPage","@id":"https:\/\/movo-zaden.nl\/de\/silphie\/","url":"https:\/\/movo-zaden.nl\/de\/silphie\/","name":"Silphie | MOVO-Zaden | Energiepflanze","isPartOf":{"@id":"https:\/\/movo-zaden.nl\/#website"},"datePublished":"2020-05-07T12:02:13+00:00","dateModified":"2022-04-19T09:43:13+00:00","description":"Silphie verhindert die Entwaldung, verbessert den Boden und hat ein enormes Potenzial in der Raufutter-, Faser- und Biogasindustrie. Kaufen Sie Ihre Silphie-Samen hier","breadcrumb":{"@id":"https:\/\/movo-zaden.nl\/de\/silphie\/#breadcrumb"},"inLanguage":"de","potentialAction":[{"@type":"ReadAction","target":["https:\/\/movo-zaden.nl\/de\/silphie\/"]}]},{"@type":"BreadcrumbList","@id":"https:\/\/movo-zaden.nl\/de\/silphie\/#breadcrumb","itemListElement":[{"@type":"ListItem","position":1,"name":"Home","item":"https:\/\/movo-zaden.nl\/de\/"},{"@type":"ListItem","position":2,"name":"Silphie"}]},{"@type":"WebSite","@id":"https:\/\/movo-zaden.nl\/#website","url":"https:\/\/movo-zaden.nl\/","name":"MOVO-Zaden","description":"Groothandel en specialist in landbouwzaden","publisher":{"@id":"https:\/\/movo-zaden.nl\/#organization"},"potentialAction":[{"@type":"SearchAction","target":{"@type":"EntryPoint","urlTemplate":"https:\/\/movo-zaden.nl\/?s={search_term_string}"},"query-input":{"@type":"PropertyValueSpecification","valueRequired":true,"valueName":"search_term_string"}}],"inLanguage":"de"},{"@type":"Organization","@id":"https:\/\/movo-zaden.nl\/#organization","name":"MOVO-Zaden","url":"https:\/\/movo-zaden.nl\/","logo":{"@type":"ImageObject","inLanguage":"de","@id":"https:\/\/movo-zaden.nl\/#\/schema\/logo\/image\/","url":"https:\/\/movo-zaden.nl\/wp-content\/uploads\/2020\/02\/Logo-MOVO-zaden-groot.png","contentUrl":"https:\/\/movo-zaden.nl\/wp-content\/uploads\/2020\/02\/Logo-MOVO-zaden-groot.png","width":399,"height":148,"caption":"MOVO-Zaden"},"image":{"@id":"https:\/\/movo-zaden.nl\/#\/schema\/logo\/image\/"}}]}},"_links":{"self":[{"href":"https:\/\/movo-zaden.nl\/de\/wp-json\/wp\/v2\/pages\/7870","targetHints":{"allow":["GET"]}}],"collection":[{"href":"https:\/\/movo-zaden.nl\/de\/wp-json\/wp\/v2\/pages"}],"about":[{"href":"https:\/\/movo-zaden.nl\/de\/wp-json\/wp\/v2\/types\/page"}],"author":[{"embeddable":true,"href":"https:\/\/movo-zaden.nl\/de\/wp-json\/wp\/v2\/users\/2"}],"replies":[{"embeddable":true,"href":"https:\/\/movo-zaden.nl\/de\/wp-json\/wp\/v2\/comments?post=7870"}],"version-history":[{"count":4,"href":"https:\/\/movo-zaden.nl\/de\/wp-json\/wp\/v2\/pages\/7870\/revisions"}],"predecessor-version":[{"id":9098,"href":"https:\/\/movo-zaden.nl\/de\/wp-json\/wp\/v2\/pages\/7870\/revisions\/9098"}],"wp:attachment":[{"href":"https:\/\/movo-zaden.nl\/de\/wp-json\/wp\/v2\/media?parent=7870"}],"curies":[{"name":"wp","href":"https:\/\/api.w.org\/{rel}","templated":true}]}}