{"id":8182,"date":"2020-08-30T15:12:10","date_gmt":"2020-08-30T13:12:10","guid":{"rendered":"https:\/\/movo-zaden.nl\/biologisch\/"},"modified":"2020-09-06T12:55:39","modified_gmt":"2020-09-06T10:55:39","slug":"biologisch","status":"publish","type":"page","link":"https:\/\/movo-zaden.nl\/de\/biologisch\/","title":{"rendered":"Biologisch"},"content":{"rendered":"<div class=\"wpb-content-wrapper\">[vc_row column_spacing=&#8220;30&#8243;][vc_column]<div class=\"vcex-spacing wpex-w-100 wpex-clear\" style=\"height:40px;\"><\/div><h1 class=\"vcex-heading vcex-heading-plain vcex-module wpex-heading wpex-text-2xl\"><span class=\"vcex-heading-inner wpex-inline-block\">Biologisch<\/span><\/h1><div class=\"vcex-module vcex-divider vcex-divider-solid vcex-divider-center wpex-mx-auto wpex-block wpex-h-0 wpex-border-b wpex-border-solid wpex-border-main\"><\/div><div class=\"vcex-spacing wpex-w-100 wpex-clear\" style=\"height:20px;\"><\/div>[vc_column_text]In K\u00fcrze finden Sie hier weitere Informationen zu unseren Bio-Produkten[\/vc_column_text][\/vc_column][\/vc_row][vc_row][vc_column]<div class=\"vcex-spacing wpex-w-100 wpex-clear\" style=\"height:40px;\"><\/div>[\/vc_column][\/vc_row][vc_row content_placement=&#8220;middle&#8220; equal_height=&#8220;yes&#8220;][vc_column width=&#8220;2\/3&#8243; el_id=&#8220;equal-height-content&#8220;]<figure class=\"vcex-image vcex-module wpex-text-left vertellenfoto\"><div class=\"vcex-image-inner wpex-relative wpex-w-100\"><img width=\"2560\" height=\"1734\" src=\"https:\/\/movo-zaden.nl\/wp-content\/uploads\/2020\/02\/Foto-vertellen-scaled.jpg\" class=\"vcex-image-img wpex-align-middle wpex-w-100\" alt=\"\" loading=\"lazy\" decoding=\"async\" srcset=\"https:\/\/movo-zaden.nl\/wp-content\/uploads\/2020\/02\/Foto-vertellen-scaled.jpg 2560w, https:\/\/movo-zaden.nl\/wp-content\/uploads\/2020\/02\/Foto-vertellen-1024x694.jpg 1024w, https:\/\/movo-zaden.nl\/wp-content\/uploads\/2020\/02\/Foto-vertellen-768x520.jpg 768w, https:\/\/movo-zaden.nl\/wp-content\/uploads\/2020\/02\/Foto-vertellen-1536x1041.jpg 1536w, https:\/\/movo-zaden.nl\/wp-content\/uploads\/2020\/02\/Foto-vertellen-2048x1387.jpg 2048w, https:\/\/movo-zaden.nl\/wp-content\/uploads\/2020\/02\/Foto-vertellen-600x406.jpg 600w, https:\/\/movo-zaden.nl\/wp-content\/uploads\/2020\/02\/Foto-vertellen-scaled-443x300.jpg 443w, https:\/\/movo-zaden.nl\/wp-content\/uploads\/2020\/02\/Foto-vertellen-scaled-148x100.jpg 148w\" sizes=\"auto, (max-width: 2560px) 100vw, 2560px\" \/><\/div><\/figure>[\/vc_column][vc_column width=&#8220;1\/3&#8243; css=&#8220;.vc_custom_1585903970867{margin-right: 15px !important;margin-left: 15px !important;background-color: #008cba !important;}&#8220;]<div class=\"vcex-spacing wpex-w-100 wpex-clear\" style=\"height:60px;\"><\/div>[vc_column_text text_align=&#8220;center&#8220; color=&#8220;#ffffff&#8220; css=&#8220;.vc_custom_1585836643307{padding-right: 30px !important;padding-left: 30px !important;}&#8220;]Gerne informieren wir Sie in einem pers\u00f6nlichen Gespr\u00e4ch \u00fcber unsere Produkte und beraten Sie ma\u00dfgeschneidert.[\/vc_column_text]<style>.vcex-button.vcex_69f428d1d0c8a{width:80%;padding-inline:0px;margin-block-start:20px;}<\/style><div class=\"vc_custom_1599389733459 wpex-clr\"><div class=\"theme-button-wrap textcenter wpex-clr\"><a href=\"\/de\/?p=7876\" class=\"vcex-button theme-button align-center inline wpex-flex-shrink-0 vcex_69f428d1d0c8a\" title=\"Kontakt\"><span class=\"vcex-button-inner theme-button-inner wpex-flex wpex-flex-wrap wpex-items-center wpex-justify-center\"> Bitte kontaktieren Sie uns<\/span><\/a><\/div><\/div> <div class=\"vcex-spacing wpex-w-100 wpex-clear\" style=\"height:60px;\"><\/div>[\/vc_column][\/vc_row][vc_row][vc_column]<div class=\"vcex-spacing wpex-w-100 wpex-clear\" style=\"height:40px;\"><\/div>[\/vc_column][\/vc_row]\n<\/div>","protected":false},"excerpt":{"rendered":"<p>[vc_row column_spacing=&#8220;30&#8243;][vc_column][vc_column_text]In K\u00fcrze finden Sie hier weitere Informationen zu unseren Bio-Produkten[\/vc_column_text][\/vc_column][\/vc_row][vc_row][vc_column][\/vc_column][\/vc_row][vc_row content_placement=&#8220;middle&#8220; equal_height=&#8220;yes&#8220;][vc_column width=&#8220;2\/3&#8243; el_id=&#8220;equal-height-content&#8220;][\/vc_column][vc_column width=&#8220;1\/3&#8243; css=&#8220;.vc_custom_1585903970867{margin-right: 15px !important;margin-left: 15px !important;background-color: #008cba !important;}&#8220;][vc_column_text text_align=&#8220;center&#8220; color=&#8220;#ffffff&#8220; css=&#8220;.vc_custom_1585836643307{padding-right: 30px !important;padding-left: 30px !important;}&#8220;]Gerne informieren wir Sie in einem pers\u00f6nlichen Gespr\u00e4ch \u00fcber unsere Produkte und beraten Sie ma\u00dfgeschneidert.[\/vc_column_text][\/vc_column][\/vc_row][vc_row][vc_column][\/vc_column][\/vc_row]<\/p>\n","protected":false},"author":2,"featured_media":0,"parent":0,"menu_order":0,"comment_status":"closed","ping_status":"closed","template":"","meta":{"content-type":"","_monsterinsights_skip_tracking":false,"_monsterinsights_sitenote_active":false,"_monsterinsights_sitenote_note":"","_monsterinsights_sitenote_category":0,"footnotes":""},"class_list":["post-8182","page","type-page","status-publish","hentry","entry","no-media"],"yoast_head":"<!-- This site is optimized with the Yoast SEO plugin v27.1.1 - https:\/\/yoast.com\/product\/yoast-seo-wordpress\/ -->\n<title>Biologisch - MOVO-Zaden<\/title>\n<meta name=\"robots\" content=\"index, follow, max-snippet:-1, max-image-preview:large, max-video-preview:-1\" \/>\n<link rel=\"canonical\" href=\"https:\/\/movo-zaden.nl\/de\/biologisch\/\" \/>\n<meta property=\"og:locale\" content=\"de_DE\" \/>\n<meta property=\"og:type\" content=\"article\" \/>\n<meta property=\"og:title\" content=\"Biologisch - MOVO-Zaden\" \/>\n<meta property=\"og:description\" content=\"[vc_row column_spacing=&#8220;30&#8243;][vc_column][vc_column_text]In K\u00fcrze finden Sie hier weitere Informationen zu unseren Bio-Produkten[\/vc_column_text][\/vc_column][\/vc_row][vc_row][vc_column][\/vc_column][\/vc_row][vc_row content_placement=&#8220;middle&#8220; equal_height=&#8220;yes&#8220;][vc_column width=&#8220;2\/3&#8243; el_id=&#8220;equal-height-content&#8220;][\/vc_column][vc_column width=&#8220;1\/3&#8243; css=&#8220;.vc_custom_1585903970867{margin-right: 15px !important;margin-left: 15px !important;background-color: #008cba !important;}&#8220;][vc_column_text text_align=&#8220;center&#8220; color=&#8220;#ffffff&#8220; css=&#8220;.vc_custom_1585836643307{padding-right: 30px !important;padding-left: 30px !important;}&#8220;]Gerne informieren wir Sie in einem pers\u00f6nlichen Gespr\u00e4ch \u00fcber unsere Produkte und beraten Sie ma\u00dfgeschneidert.[\/vc_column_text][\/vc_column][\/vc_row][vc_row][vc_column][\/vc_column][\/vc_row]\" \/>\n<meta property=\"og:url\" content=\"https:\/\/movo-zaden.nl\/de\/biologisch\/\" \/>\n<meta property=\"og:site_name\" content=\"MOVO-Zaden\" \/>\n<meta property=\"article:modified_time\" content=\"2020-09-06T10:55:39+00:00\" \/>\n<meta name=\"twitter:card\" content=\"summary_large_image\" \/>\n<meta name=\"twitter:label1\" content=\"Gesch\u00e4tzte Lesezeit\" \/>\n\t<meta name=\"twitter:data1\" content=\"1\u00a0Minute\" \/>\n<script type=\"application\/ld+json\" class=\"yoast-schema-graph\">{\"@context\":\"https:\/\/schema.org\",\"@graph\":[{\"@type\":\"WebPage\",\"@id\":\"https:\/\/movo-zaden.nl\/de\/biologisch\/\",\"url\":\"https:\/\/movo-zaden.nl\/de\/biologisch\/\",\"name\":\"Biologisch - MOVO-Zaden\",\"isPartOf\":{\"@id\":\"https:\/\/movo-zaden.nl\/#website\"},\"datePublished\":\"2020-08-30T13:12:10+00:00\",\"dateModified\":\"2020-09-06T10:55:39+00:00\",\"breadcrumb\":{\"@id\":\"https:\/\/movo-zaden.nl\/de\/biologisch\/#breadcrumb\"},\"inLanguage\":\"de\",\"potentialAction\":[{\"@type\":\"ReadAction\",\"target\":[\"https:\/\/movo-zaden.nl\/de\/biologisch\/\"]}]},{\"@type\":\"BreadcrumbList\",\"@id\":\"https:\/\/movo-zaden.nl\/de\/biologisch\/#breadcrumb\",\"itemListElement\":[{\"@type\":\"ListItem\",\"position\":1,\"name\":\"Home\",\"item\":\"https:\/\/movo-zaden.nl\/de\/\"},{\"@type\":\"ListItem\",\"position\":2,\"name\":\"Biologisch\"}]},{\"@type\":\"WebSite\",\"@id\":\"https:\/\/movo-zaden.nl\/#website\",\"url\":\"https:\/\/movo-zaden.nl\/\",\"name\":\"MOVO-Zaden\",\"description\":\"Groothandel en specialist in landbouwzaden\",\"publisher\":{\"@id\":\"https:\/\/movo-zaden.nl\/#organization\"},\"potentialAction\":[{\"@type\":\"SearchAction\",\"target\":{\"@type\":\"EntryPoint\",\"urlTemplate\":\"https:\/\/movo-zaden.nl\/?s={search_term_string}\"},\"query-input\":{\"@type\":\"PropertyValueSpecification\",\"valueRequired\":true,\"valueName\":\"search_term_string\"}}],\"inLanguage\":\"de\"},{\"@type\":\"Organization\",\"@id\":\"https:\/\/movo-zaden.nl\/#organization\",\"name\":\"MOVO-Zaden\",\"url\":\"https:\/\/movo-zaden.nl\/\",\"logo\":{\"@type\":\"ImageObject\",\"inLanguage\":\"de\",\"@id\":\"https:\/\/movo-zaden.nl\/#\/schema\/logo\/image\/\",\"url\":\"https:\/\/movo-zaden.nl\/wp-content\/uploads\/2020\/02\/Logo-MOVO-zaden-groot.png\",\"contentUrl\":\"https:\/\/movo-zaden.nl\/wp-content\/uploads\/2020\/02\/Logo-MOVO-zaden-groot.png\",\"width\":399,\"height\":148,\"caption\":\"MOVO-Zaden\"},\"image\":{\"@id\":\"https:\/\/movo-zaden.nl\/#\/schema\/logo\/image\/\"}}]}<\/script>\n<!-- \/ Yoast SEO plugin. -->","yoast_head_json":{"title":"Biologisch - MOVO-Zaden","robots":{"index":"index","follow":"follow","max-snippet":"max-snippet:-1","max-image-preview":"max-image-preview:large","max-video-preview":"max-video-preview:-1"},"canonical":"https:\/\/movo-zaden.nl\/de\/biologisch\/","og_locale":"de_DE","og_type":"article","og_title":"Biologisch - MOVO-Zaden","og_description":"[vc_row column_spacing=&#8220;30&#8243;][vc_column][vc_column_text]In K\u00fcrze finden Sie hier weitere Informationen zu unseren Bio-Produkten[\/vc_column_text][\/vc_column][\/vc_row][vc_row][vc_column][\/vc_column][\/vc_row][vc_row content_placement=&#8220;middle&#8220; equal_height=&#8220;yes&#8220;][vc_column width=&#8220;2\/3&#8243; el_id=&#8220;equal-height-content&#8220;][\/vc_column][vc_column width=&#8220;1\/3&#8243; css=&#8220;.vc_custom_1585903970867{margin-right: 15px !important;margin-left: 15px !important;background-color: #008cba !important;}&#8220;][vc_column_text text_align=&#8220;center&#8220; color=&#8220;#ffffff&#8220; css=&#8220;.vc_custom_1585836643307{padding-right: 30px !important;padding-left: 30px !important;}&#8220;]Gerne informieren wir Sie in einem pers\u00f6nlichen Gespr\u00e4ch \u00fcber unsere Produkte und beraten Sie ma\u00dfgeschneidert.[\/vc_column_text][\/vc_column][\/vc_row][vc_row][vc_column][\/vc_column][\/vc_row]","og_url":"https:\/\/movo-zaden.nl\/de\/biologisch\/","og_site_name":"MOVO-Zaden","article_modified_time":"2020-09-06T10:55:39+00:00","twitter_card":"summary_large_image","twitter_misc":{"Gesch\u00e4tzte Lesezeit":"1\u00a0Minute"},"schema":{"@context":"https:\/\/schema.org","@graph":[{"@type":"WebPage","@id":"https:\/\/movo-zaden.nl\/de\/biologisch\/","url":"https:\/\/movo-zaden.nl\/de\/biologisch\/","name":"Biologisch - MOVO-Zaden","isPartOf":{"@id":"https:\/\/movo-zaden.nl\/#website"},"datePublished":"2020-08-30T13:12:10+00:00","dateModified":"2020-09-06T10:55:39+00:00","breadcrumb":{"@id":"https:\/\/movo-zaden.nl\/de\/biologisch\/#breadcrumb"},"inLanguage":"de","potentialAction":[{"@type":"ReadAction","target":["https:\/\/movo-zaden.nl\/de\/biologisch\/"]}]},{"@type":"BreadcrumbList","@id":"https:\/\/movo-zaden.nl\/de\/biologisch\/#breadcrumb","itemListElement":[{"@type":"ListItem","position":1,"name":"Home","item":"https:\/\/movo-zaden.nl\/de\/"},{"@type":"ListItem","position":2,"name":"Biologisch"}]},{"@type":"WebSite","@id":"https:\/\/movo-zaden.nl\/#website","url":"https:\/\/movo-zaden.nl\/","name":"MOVO-Zaden","description":"Groothandel en specialist in landbouwzaden","publisher":{"@id":"https:\/\/movo-zaden.nl\/#organization"},"potentialAction":[{"@type":"SearchAction","target":{"@type":"EntryPoint","urlTemplate":"https:\/\/movo-zaden.nl\/?s={search_term_string}"},"query-input":{"@type":"PropertyValueSpecification","valueRequired":true,"valueName":"search_term_string"}}],"inLanguage":"de"},{"@type":"Organization","@id":"https:\/\/movo-zaden.nl\/#organization","name":"MOVO-Zaden","url":"https:\/\/movo-zaden.nl\/","logo":{"@type":"ImageObject","inLanguage":"de","@id":"https:\/\/movo-zaden.nl\/#\/schema\/logo\/image\/","url":"https:\/\/movo-zaden.nl\/wp-content\/uploads\/2020\/02\/Logo-MOVO-zaden-groot.png","contentUrl":"https:\/\/movo-zaden.nl\/wp-content\/uploads\/2020\/02\/Logo-MOVO-zaden-groot.png","width":399,"height":148,"caption":"MOVO-Zaden"},"image":{"@id":"https:\/\/movo-zaden.nl\/#\/schema\/logo\/image\/"}}]}},"_links":{"self":[{"href":"https:\/\/movo-zaden.nl\/de\/wp-json\/wp\/v2\/pages\/8182","targetHints":{"allow":["GET"]}}],"collection":[{"href":"https:\/\/movo-zaden.nl\/de\/wp-json\/wp\/v2\/pages"}],"about":[{"href":"https:\/\/movo-zaden.nl\/de\/wp-json\/wp\/v2\/types\/page"}],"author":[{"embeddable":true,"href":"https:\/\/movo-zaden.nl\/de\/wp-json\/wp\/v2\/users\/2"}],"replies":[{"embeddable":true,"href":"https:\/\/movo-zaden.nl\/de\/wp-json\/wp\/v2\/comments?post=8182"}],"version-history":[{"count":0,"href":"https:\/\/movo-zaden.nl\/de\/wp-json\/wp\/v2\/pages\/8182\/revisions"}],"wp:attachment":[{"href":"https:\/\/movo-zaden.nl\/de\/wp-json\/wp\/v2\/media?parent=8182"}],"curies":[{"name":"wp","href":"https:\/\/api.w.org\/{rel}","templated":true}]}}