{"id":7852,"date":"2016-09-18T23:14:45","date_gmt":"2020-08-29T10:12:30","guid":{"rendered":"https:\/\/movo-zaden.nl\/product\/aalborg\/"},"modified":"2022-12-14T16:11:28","modified_gmt":"2022-12-14T15:11:28","slug":"aalborg","status":"publish","type":"product","link":"https:\/\/movo-zaden.nl\/de\/produkt\/aalborg\/","title":{"rendered":"Aalborg"},"content":{"rendered":"\t\t<div data-elementor-type=\"product-post\" data-elementor-id=\"7852\" class=\"elementor elementor-7852 elementor-896\" data-elementor-post-type=\"product\">\n\t\t\t\t\t\t<section class=\"elementor-section elementor-top-section elementor-element elementor-element-decf203 elementor-section-boxed elementor-section-height-default elementor-section-height-default\" data-id=\"decf203\" data-element_type=\"section\" data-e-type=\"section\">\n\t\t\t\t\t\t<div class=\"elementor-container elementor-column-gap-default\">\n\t\t\t\t\t<div class=\"elementor-column elementor-col-100 elementor-top-column elementor-element elementor-element-36745f9\" data-id=\"36745f9\" data-element_type=\"column\" data-e-type=\"column\">\n\t\t\t<div class=\"elementor-widget-wrap elementor-element-populated\">\n\t\t\t\t\t\t<div class=\"elementor-element elementor-element-65823b1 elementor-tabs-view-horizontal elementor-widget elementor-widget-tabs\" data-id=\"65823b1\" data-element_type=\"widget\" data-e-type=\"widget\" data-widget_type=\"tabs.default\">\n\t\t\t\t<div class=\"elementor-widget-container\">\n\t\t\t\t\t\t\t<div class=\"elementor-tabs\">\n\t\t\t<div class=\"elementor-tabs-wrapper\" role=\"tablist\" >\n\t\t\t\t\t\t\t\t\t<div id=\"elementor-tab-title-1061\" class=\"elementor-tab-title elementor-tab-desktop-title\" aria-selected=\"true\" data-tab=\"1\" role=\"tab\" tabindex=\"0\" aria-controls=\"elementor-tab-content-1061\" aria-expanded=\"false\">Resultate Euregio <\/div>\n\t\t\t\t\t\t\t\t\t<div id=\"elementor-tab-title-1062\" class=\"elementor-tab-title elementor-tab-desktop-title\" aria-selected=\"false\" data-tab=\"2\" role=\"tab\" tabindex=\"-1\" aria-controls=\"elementor-tab-content-1062\" aria-expanded=\"false\">Sortenbewertung Twente<\/div>\n\t\t\t\t\t\t\t<\/div>\n\t\t\t<div class=\"elementor-tabs-content-wrapper\" role=\"tablist\" aria-orientation=\"vertical\">\n\t\t\t\t\t\t\t\t\t<div class=\"elementor-tab-title elementor-tab-mobile-title\" aria-selected=\"true\" data-tab=\"1\" role=\"tab\" tabindex=\"0\" aria-controls=\"elementor-tab-content-1061\" aria-expanded=\"false\">Resultate Euregio <\/div>\n\t\t\t\t\t<div id=\"elementor-tab-content-1061\" class=\"elementor-tab-content elementor-clearfix\" data-tab=\"1\" role=\"tabpanel\" aria-labelledby=\"elementor-tab-title-1061\" tabindex=\"0\" hidden=\"false\"><table style=\"height: 168px; width: 0%; border-collapse: collapse;\" cellspacing=\"5\" cellpadding=\"5\"><tbody><tr style=\"height: 24px;\"><td style=\"width: 1.73611%; height: 24px; background-color: #008cba; color: #fff;\" colspan=\"2\"><strong>7-j\u00e4hrig<\/strong><\/td><\/tr><tr style=\"height: 24px;\"><td style=\"width: 1.73611%; height: 24px;\">Frischmasse (t)<\/td><td style=\"width: 32.1702%; height: 24px;\">39,6<\/td><\/tr><tr style=\"height: 24px;\"><td style=\"width: 1.73611%; height: 24px;\">TS%\u00a0<\/td><td style=\"width: 32.1702%; height: 24px;\">42<\/td><\/tr><tr style=\"height: 24px;\"><td style=\"width: 1.73611%; height: 24px;\">TS Ertrag (t)<\/td><td style=\"width: 32.1702%; height: 24px;\">16,5<\/td><\/tr><tr style=\"height: 24px;\"><td style=\"width: 1.73611%; height: 24px;\">Energie (VEM)<\/td><td style=\"width: 32.1702%; height: 24px;\">994<\/td><\/tr><tr style=\"height: 24px;\"><td style=\"width: 1.73611%; height: 24px;\">St\u00e4rke %<\/td><td style=\"width: 32.1702%; height: 24px;\">41,0<\/td><\/tr><tr style=\"height: 24px;\"><td style=\"width: 1.73611%; height: 24px;\">VEM \/ ha<\/td><td style=\"width: 32.1702%; height: 24px;\">16.406<\/td><\/tr><\/tbody><\/table><table style=\"height: 168px; width: 0%; border-collapse: collapse;\" cellspacing=\"5\" cellpadding=\"5\"><tbody><tr style=\"height: 24px;\"><td style=\"width: 1.73611%; height: 24px; background-color: #008cba; color: #fff;\" colspan=\"2\"><strong>Samen am 29. Mai 2015<\/strong><\/td><\/tr><tr style=\"height: 24px;\"><td style=\"width: 1.73611%; height: 24px;\">Frischmasse (t)<\/td><td style=\"width: 32.1702%; height: 24px;\">65,7<\/td><\/tr><tr style=\"height: 24px;\"><td style=\"width: 1.73611%; height: 24px;\">TS%<\/td><td style=\"width: 32.1702%; height: 24px;\">33,1<\/td><\/tr><tr style=\"height: 24px;\"><td style=\"width: 1.73611%; height: 24px;\">TS Ertrag (t)<\/td><td style=\"width: 32.1702%; height: 24px;\">21,7<\/td><\/tr><tr style=\"height: 24px;\"><td style=\"width: 1.73611%; height: 24px;\">Energie (VEM)<\/td><td style=\"width: 32.1702%; height: 24px;\">1002<\/td><\/tr><tr style=\"height: 24px;\"><td style=\"width: 1.73611%; height: 24px;\">St\u00e4rke %<\/td><td style=\"width: 32.1702%; height: 24px;\">34,3<\/td><\/tr><tr style=\"height: 24px;\"><td style=\"width: 1.73611%; height: 24px;\">Energie\/ha (VEM)<\/td><td style=\"width: 32.1702%; height: 24px;\">21.790<\/td><\/tr><\/tbody><\/table><\/div>\n\t\t\t\t\t\t\t\t\t<div class=\"elementor-tab-title elementor-tab-mobile-title\" aria-selected=\"false\" data-tab=\"2\" role=\"tab\" tabindex=\"-1\" aria-controls=\"elementor-tab-content-1062\" aria-expanded=\"false\">Sortenbewertung Twente<\/div>\n\t\t\t\t\t<div id=\"elementor-tab-content-1062\" class=\"elementor-tab-content elementor-clearfix\" data-tab=\"2\" role=\"tabpanel\" aria-labelledby=\"elementor-tab-title-1062\" tabindex=\"0\" hidden=\"hidden\"><table style=\"height: 168px; width: 0%; border-collapse: collapse;\" cellspacing=\"5\" cellpadding=\"5\"><tbody><tr style=\"height: 24px;\"><td style=\"width: 1.73611%; height: 24px; background-color: #008cba; color: #fff;\" colspan=\"2\"><strong>8-j\u00e4hrig<\/strong><strong><br \/><\/strong><\/td><\/tr><tr style=\"height: 24px;\"><td style=\"width: 1.73611%; height: 24px;\">Jugendentwicklung<\/td><td style=\"width: 32.1702%; height: 24px;\">7,0<\/td><\/tr><tr style=\"height: 24px;\"><td style=\"width: 1.73611%; height: 24px;\">Standfestigkeit<\/td><td style=\"width: 32.1702%; height: 24px;\">7.6<\/td><\/tr><tr style=\"height: 24px;\"><td style=\"width: 1.73611%; height: 24px;\">Resist. Fusarium<\/td><td style=\"width: 32.1702%; height: 24px;\">7,3<\/td><\/tr><tr style=\"height: 24px;\"><td style=\"width: 1.73611%; height: 24px;\">Resist. Blattkrankheit<\/td><td style=\"width: 32.1702%; height: 24px;\">7,4<\/td><\/tr><tr style=\"height: 24px;\"><td style=\"width: 1.73611%; height: 24px;\">Resist. Builenbrand<\/td><td style=\"width: 32.1702%; height: 24px;\">7,8<\/td><\/tr><tr style=\"height: 24px;\"><td style=\"width: 1.73611%; height: 24px;\">Allgemeiner Eindruck<\/td><td style=\"width: 32.1702%; height: 24px;\">7.3<\/td><\/tr><\/tbody><\/table><\/div>\n\t\t\t\t\t\t\t<\/div>\n\t\t<\/div>\n\t\t\t\t\t\t<\/div>\n\t\t\t\t<\/div>\n\t\t\t\t\t<\/div>\n\t\t<\/div>\n\t\t\t\t\t<\/div>\n\t\t<\/section>\n\t\t\t\t<\/div>\n\t\t","protected":false},"excerpt":{"rendered":"<p>Die sehr fr\u00fche Sorte!<\/p>\n<p>Aalborg eignet sich aufgrund seiner fr\u00fchen Reifung auch f\u00fcr die sp\u00e4tere Aussaat. Diese sehr fr\u00fche Sorte kombiniert einen guten Ertrag mit hohen N\u00e4hrwerten.<\/p>\n<p>Dar\u00fcber hinaus eignet sich Aalborg durch die rasche Jugendentwicklung hervorragend als Folgefrucht nach\u00a0 z.B. Feldgras, Wintergerste, GPS und Fr\u00fchkartoffeln<\/p>\n<p>Durch seinen niedrigen Feuchtigkeitsgehalt liegen die St\u00e4rken im Bereich K\u00f6rnermais und als Ertragreicher Silomais<\/p>\n<p>&nbsp;<\/p>\n<p>Aussaatempfehlung: 95.000 K\u00f6rner \/ ha.<\/p>\n","protected":false},"featured_media":9196,"template":"","meta":{"content-type":"","_monsterinsights_skip_tracking":false,"_monsterinsights_sitenote_active":false,"_monsterinsights_sitenote_note":"","_monsterinsights_sitenote_category":0},"product_brand":[],"product_cat":[145],"product_tag":[150],"class_list":{"0":"post-7852","1":"product","2":"type-product","3":"status-publish","4":"has-post-thumbnail","6":"product_cat-mais-de","7":"product_tag-opticoat-de","8":"pa_type-2-fermentation","9":"pa_type-2-getreidemais","10":"pa_type-2-mais","11":"pa_vroegheid-sehr-fruh","12":"entry","13":"has-media","15":"first","16":"instock","17":"shipping-taxable","18":"purchasable","19":"product-type-simple"},"yoast_head":"<!-- This site is optimized with the Yoast SEO plugin v27.1.1 - https:\/\/yoast.com\/product\/yoast-seo-wordpress\/ -->\n<title>Aalborg - MOVO-Zaden<\/title>\n<meta name=\"robots\" content=\"index, follow, max-snippet:-1, max-image-preview:large, max-video-preview:-1\" \/>\n<link rel=\"canonical\" href=\"https:\/\/movo-zaden.nl\/produkt\/aalborg-vroege-kolf-afrijping\/\" \/>\n<meta property=\"og:locale\" content=\"de_DE\" \/>\n<meta property=\"og:type\" content=\"article\" \/>\n<meta property=\"og:title\" content=\"Aalborg - MOVO-Zaden\" \/>\n<meta property=\"og:description\" content=\"Die sehr fr\u00fche Sorte!  Aalborg eignet sich aufgrund seiner fr\u00fchen Reifung auch f\u00fcr die sp\u00e4tere Aussaat. Diese sehr fr\u00fche Sorte kombiniert einen guten Ertrag mit hohen N\u00e4hrwerten.  Dar\u00fcber hinaus eignet sich Aalborg durch die rasche Jugendentwicklung hervorragend als Folgefrucht nach\u00a0 z.B. Feldgras, Wintergerste, GPS und Fr\u00fchkartoffeln  Durch seinen niedrigen Feuchtigkeitsgehalt liegen die St\u00e4rken im Bereich K\u00f6rnermais und als Ertragreicher Silomais  &nbsp;  Aussaatempfehlung: 95.000 K\u00f6rner \/ ha.\" \/>\n<meta property=\"og:url\" content=\"https:\/\/movo-zaden.nl\/produkt\/aalborg-vroege-kolf-afrijping\/\" \/>\n<meta property=\"og:site_name\" content=\"MOVO-Zaden\" \/>\n<meta property=\"article:modified_time\" content=\"2022-12-14T15:11:28+00:00\" \/>\n<meta property=\"og:image\" content=\"https:\/\/movo-zaden.nl\/wp-content\/uploads\/2022\/01\/maize-5463051_1920.jpg\" \/>\n\t<meta property=\"og:image:width\" content=\"1920\" \/>\n\t<meta property=\"og:image:height\" content=\"1280\" \/>\n\t<meta property=\"og:image:type\" content=\"image\/jpeg\" \/>\n<meta name=\"twitter:card\" content=\"summary_large_image\" \/>\n<meta name=\"twitter:label1\" content=\"Gesch\u00e4tzte Lesezeit\" \/>\n\t<meta name=\"twitter:data1\" content=\"1\u00a0Minute\" \/>\n<script type=\"application\/ld+json\" class=\"yoast-schema-graph\">{\"@context\":\"https:\/\/schema.org\",\"@graph\":[{\"@type\":\"WebPage\",\"@id\":\"https:\/\/movo-zaden.nl\/produkt\/aalborg-vroege-kolf-afrijping\/\",\"url\":\"https:\/\/movo-zaden.nl\/produkt\/aalborg-vroege-kolf-afrijping\/\",\"name\":\"Aalborg - MOVO-Zaden\",\"isPartOf\":{\"@id\":\"https:\/\/movo-zaden.nl\/#website\"},\"primaryImageOfPage\":{\"@id\":\"https:\/\/movo-zaden.nl\/produkt\/aalborg-vroege-kolf-afrijping\/#primaryimage\"},\"image\":{\"@id\":\"https:\/\/movo-zaden.nl\/produkt\/aalborg-vroege-kolf-afrijping\/#primaryimage\"},\"thumbnailUrl\":\"https:\/\/movo-zaden.nl\/wp-content\/uploads\/2022\/01\/maize-5463051_1920.jpg\",\"datePublished\":\"2020-08-29T10:12:30+00:00\",\"dateModified\":\"2022-12-14T15:11:28+00:00\",\"breadcrumb\":{\"@id\":\"https:\/\/movo-zaden.nl\/produkt\/aalborg-vroege-kolf-afrijping\/#breadcrumb\"},\"inLanguage\":\"de\",\"potentialAction\":[{\"@type\":\"ReadAction\",\"target\":[\"https:\/\/movo-zaden.nl\/produkt\/aalborg-vroege-kolf-afrijping\/\"]}]},{\"@type\":\"ImageObject\",\"inLanguage\":\"de\",\"@id\":\"https:\/\/movo-zaden.nl\/produkt\/aalborg-vroege-kolf-afrijping\/#primaryimage\",\"url\":\"https:\/\/movo-zaden.nl\/wp-content\/uploads\/2022\/01\/maize-5463051_1920.jpg\",\"contentUrl\":\"https:\/\/movo-zaden.nl\/wp-content\/uploads\/2022\/01\/maize-5463051_1920.jpg\",\"width\":1920,\"height\":1280},{\"@type\":\"BreadcrumbList\",\"@id\":\"https:\/\/movo-zaden.nl\/produkt\/aalborg-vroege-kolf-afrijping\/#breadcrumb\",\"itemListElement\":[{\"@type\":\"ListItem\",\"position\":1,\"name\":\"Home\",\"item\":\"https:\/\/movo-zaden.nl\/de\/\"},{\"@type\":\"ListItem\",\"position\":2,\"name\":\"Producten\",\"item\":\"https:\/\/movo-zaden.nl\/be\/shop\/\"},{\"@type\":\"ListItem\",\"position\":3,\"name\":\"Aalborg\"}]},{\"@type\":\"WebSite\",\"@id\":\"https:\/\/movo-zaden.nl\/#website\",\"url\":\"https:\/\/movo-zaden.nl\/\",\"name\":\"MOVO-Zaden\",\"description\":\"Groothandel en specialist in landbouwzaden\",\"publisher\":{\"@id\":\"https:\/\/movo-zaden.nl\/#organization\"},\"potentialAction\":[{\"@type\":\"SearchAction\",\"target\":{\"@type\":\"EntryPoint\",\"urlTemplate\":\"https:\/\/movo-zaden.nl\/?s={search_term_string}\"},\"query-input\":{\"@type\":\"PropertyValueSpecification\",\"valueRequired\":true,\"valueName\":\"search_term_string\"}}],\"inLanguage\":\"de\"},{\"@type\":\"Organization\",\"@id\":\"https:\/\/movo-zaden.nl\/#organization\",\"name\":\"MOVO-Zaden\",\"url\":\"https:\/\/movo-zaden.nl\/\",\"logo\":{\"@type\":\"ImageObject\",\"inLanguage\":\"de\",\"@id\":\"https:\/\/movo-zaden.nl\/#\/schema\/logo\/image\/\",\"url\":\"https:\/\/movo-zaden.nl\/wp-content\/uploads\/2020\/02\/Logo-MOVO-zaden-groot.png\",\"contentUrl\":\"https:\/\/movo-zaden.nl\/wp-content\/uploads\/2020\/02\/Logo-MOVO-zaden-groot.png\",\"width\":399,\"height\":148,\"caption\":\"MOVO-Zaden\"},\"image\":{\"@id\":\"https:\/\/movo-zaden.nl\/#\/schema\/logo\/image\/\"}}]}<\/script>\n<!-- \/ Yoast SEO plugin. -->","yoast_head_json":{"title":"Aalborg - MOVO-Zaden","robots":{"index":"index","follow":"follow","max-snippet":"max-snippet:-1","max-image-preview":"max-image-preview:large","max-video-preview":"max-video-preview:-1"},"canonical":"https:\/\/movo-zaden.nl\/produkt\/aalborg-vroege-kolf-afrijping\/","og_locale":"de_DE","og_type":"article","og_title":"Aalborg - MOVO-Zaden","og_description":"Die sehr fr\u00fche Sorte!  Aalborg eignet sich aufgrund seiner fr\u00fchen Reifung auch f\u00fcr die sp\u00e4tere Aussaat. Diese sehr fr\u00fche Sorte kombiniert einen guten Ertrag mit hohen N\u00e4hrwerten.  Dar\u00fcber hinaus eignet sich Aalborg durch die rasche Jugendentwicklung hervorragend als Folgefrucht nach\u00a0 z.B. Feldgras, Wintergerste, GPS und Fr\u00fchkartoffeln  Durch seinen niedrigen Feuchtigkeitsgehalt liegen die St\u00e4rken im Bereich K\u00f6rnermais und als Ertragreicher Silomais  &nbsp;  Aussaatempfehlung: 95.000 K\u00f6rner \/ ha.","og_url":"https:\/\/movo-zaden.nl\/produkt\/aalborg-vroege-kolf-afrijping\/","og_site_name":"MOVO-Zaden","article_modified_time":"2022-12-14T15:11:28+00:00","og_image":[{"width":1920,"height":1280,"url":"https:\/\/movo-zaden.nl\/wp-content\/uploads\/2022\/01\/maize-5463051_1920.jpg","type":"image\/jpeg"}],"twitter_card":"summary_large_image","twitter_misc":{"Gesch\u00e4tzte Lesezeit":"1\u00a0Minute"},"schema":{"@context":"https:\/\/schema.org","@graph":[{"@type":"WebPage","@id":"https:\/\/movo-zaden.nl\/produkt\/aalborg-vroege-kolf-afrijping\/","url":"https:\/\/movo-zaden.nl\/produkt\/aalborg-vroege-kolf-afrijping\/","name":"Aalborg - MOVO-Zaden","isPartOf":{"@id":"https:\/\/movo-zaden.nl\/#website"},"primaryImageOfPage":{"@id":"https:\/\/movo-zaden.nl\/produkt\/aalborg-vroege-kolf-afrijping\/#primaryimage"},"image":{"@id":"https:\/\/movo-zaden.nl\/produkt\/aalborg-vroege-kolf-afrijping\/#primaryimage"},"thumbnailUrl":"https:\/\/movo-zaden.nl\/wp-content\/uploads\/2022\/01\/maize-5463051_1920.jpg","datePublished":"2020-08-29T10:12:30+00:00","dateModified":"2022-12-14T15:11:28+00:00","breadcrumb":{"@id":"https:\/\/movo-zaden.nl\/produkt\/aalborg-vroege-kolf-afrijping\/#breadcrumb"},"inLanguage":"de","potentialAction":[{"@type":"ReadAction","target":["https:\/\/movo-zaden.nl\/produkt\/aalborg-vroege-kolf-afrijping\/"]}]},{"@type":"ImageObject","inLanguage":"de","@id":"https:\/\/movo-zaden.nl\/produkt\/aalborg-vroege-kolf-afrijping\/#primaryimage","url":"https:\/\/movo-zaden.nl\/wp-content\/uploads\/2022\/01\/maize-5463051_1920.jpg","contentUrl":"https:\/\/movo-zaden.nl\/wp-content\/uploads\/2022\/01\/maize-5463051_1920.jpg","width":1920,"height":1280},{"@type":"BreadcrumbList","@id":"https:\/\/movo-zaden.nl\/produkt\/aalborg-vroege-kolf-afrijping\/#breadcrumb","itemListElement":[{"@type":"ListItem","position":1,"name":"Home","item":"https:\/\/movo-zaden.nl\/de\/"},{"@type":"ListItem","position":2,"name":"Producten","item":"https:\/\/movo-zaden.nl\/be\/shop\/"},{"@type":"ListItem","position":3,"name":"Aalborg"}]},{"@type":"WebSite","@id":"https:\/\/movo-zaden.nl\/#website","url":"https:\/\/movo-zaden.nl\/","name":"MOVO-Zaden","description":"Groothandel en specialist in landbouwzaden","publisher":{"@id":"https:\/\/movo-zaden.nl\/#organization"},"potentialAction":[{"@type":"SearchAction","target":{"@type":"EntryPoint","urlTemplate":"https:\/\/movo-zaden.nl\/?s={search_term_string}"},"query-input":{"@type":"PropertyValueSpecification","valueRequired":true,"valueName":"search_term_string"}}],"inLanguage":"de"},{"@type":"Organization","@id":"https:\/\/movo-zaden.nl\/#organization","name":"MOVO-Zaden","url":"https:\/\/movo-zaden.nl\/","logo":{"@type":"ImageObject","inLanguage":"de","@id":"https:\/\/movo-zaden.nl\/#\/schema\/logo\/image\/","url":"https:\/\/movo-zaden.nl\/wp-content\/uploads\/2020\/02\/Logo-MOVO-zaden-groot.png","contentUrl":"https:\/\/movo-zaden.nl\/wp-content\/uploads\/2020\/02\/Logo-MOVO-zaden-groot.png","width":399,"height":148,"caption":"MOVO-Zaden"},"image":{"@id":"https:\/\/movo-zaden.nl\/#\/schema\/logo\/image\/"}}]}},"_links":{"self":[{"href":"https:\/\/movo-zaden.nl\/de\/wp-json\/wp\/v2\/product\/7852","targetHints":{"allow":["GET"]}}],"collection":[{"href":"https:\/\/movo-zaden.nl\/de\/wp-json\/wp\/v2\/product"}],"about":[{"href":"https:\/\/movo-zaden.nl\/de\/wp-json\/wp\/v2\/types\/product"}],"version-history":[{"count":13,"href":"https:\/\/movo-zaden.nl\/de\/wp-json\/wp\/v2\/product\/7852\/revisions"}],"predecessor-version":[{"id":9448,"href":"https:\/\/movo-zaden.nl\/de\/wp-json\/wp\/v2\/product\/7852\/revisions\/9448"}],"wp:featuredmedia":[{"embeddable":true,"href":"https:\/\/movo-zaden.nl\/de\/wp-json\/wp\/v2\/media\/9196"}],"wp:attachment":[{"href":"https:\/\/movo-zaden.nl\/de\/wp-json\/wp\/v2\/media?parent=7852"}],"wp:term":[{"taxonomy":"product_brand","embeddable":true,"href":"https:\/\/movo-zaden.nl\/de\/wp-json\/wp\/v2\/product_brand?post=7852"},{"taxonomy":"product_cat","embeddable":true,"href":"https:\/\/movo-zaden.nl\/de\/wp-json\/wp\/v2\/product_cat?post=7852"},{"taxonomy":"product_tag","embeddable":true,"href":"https:\/\/movo-zaden.nl\/de\/wp-json\/wp\/v2\/product_tag?post=7852"}],"curies":[{"name":"wp","href":"https:\/\/api.w.org\/{rel}","templated":true}]}}