{"id":7920,"date":"2020-03-12T13:27:42","date_gmt":"2020-08-29T13:41:48","guid":{"rendered":"https:\/\/movo-zaden.nl\/product\/rapide\/"},"modified":"2022-08-05T13:08:27","modified_gmt":"2022-08-05T11:08:27","slug":"rapide","status":"publish","type":"product","link":"https:\/\/movo-zaden.nl\/de\/produkt\/rapide\/","title":{"rendered":"Rapide"},"content":{"rendered":"\t\t<div data-elementor-type=\"product-post\" data-elementor-id=\"7920\" class=\"elementor elementor-7920 elementor-6896\" data-elementor-post-type=\"product\">\n\t\t\t\t\t\t<section class=\"elementor-section elementor-top-section elementor-element elementor-element-decf203 elementor-section-boxed elementor-section-height-default elementor-section-height-default\" data-id=\"decf203\" data-element_type=\"section\" data-e-type=\"section\">\n\t\t\t\t\t\t<div class=\"elementor-container elementor-column-gap-default\">\n\t\t\t\t\t<div class=\"elementor-column elementor-col-100 elementor-top-column elementor-element elementor-element-36745f9\" data-id=\"36745f9\" data-element_type=\"column\" data-e-type=\"column\">\n\t\t\t<div class=\"elementor-widget-wrap elementor-element-populated\">\n\t\t\t\t\t\t<div class=\"elementor-element elementor-element-65823b1 elementor-tabs-view-horizontal elementor-widget elementor-widget-tabs\" data-id=\"65823b1\" data-element_type=\"widget\" data-e-type=\"widget\" data-widget_type=\"tabs.default\">\n\t\t\t\t<div class=\"elementor-widget-container\">\n\t\t\t\t\t\t\t<div class=\"elementor-tabs\">\n\t\t\t<div class=\"elementor-tabs-wrapper\" role=\"tablist\" >\n\t\t\t\t\t\t\t\t\t<div id=\"elementor-tab-title-1061\" class=\"elementor-tab-title elementor-tab-desktop-title\" aria-selected=\"true\" data-tab=\"1\" role=\"tab\" tabindex=\"0\" aria-controls=\"elementor-tab-content-1061\" aria-expanded=\"false\">Sortenpr\u00fcfung Twente<\/div>\n\t\t\t\t\t\t\t\t\t<div id=\"elementor-tab-title-1062\" class=\"elementor-tab-title elementor-tab-desktop-title\" aria-selected=\"false\" data-tab=\"2\" role=\"tab\" tabindex=\"-1\" aria-controls=\"elementor-tab-content-1062\" aria-expanded=\"false\">Sortenbewertung Twente<\/div>\n\t\t\t\t\t\t\t\t\t<div id=\"elementor-tab-title-1063\" class=\"elementor-tab-title elementor-tab-desktop-title\" aria-selected=\"false\" data-tab=\"3\" role=\"tab\" tabindex=\"-1\" aria-controls=\"elementor-tab-content-1063\" aria-expanded=\"false\">Sortenversuch North By WUR Open Crops<\/div>\n\t\t\t\t\t\t\t\t\t<div id=\"elementor-tab-title-1064\" class=\"elementor-tab-title elementor-tab-desktop-title\" aria-selected=\"false\" data-tab=\"4\" role=\"tab\" tabindex=\"-1\" aria-controls=\"elementor-tab-content-1064\" aria-expanded=\"false\">Sortenversuch East By WUR Open Crops<\/div>\n\t\t\t\t\t\t\t<\/div>\n\t\t\t<div class=\"elementor-tabs-content-wrapper\" role=\"tablist\" aria-orientation=\"vertical\">\n\t\t\t\t\t\t\t\t\t<div class=\"elementor-tab-title elementor-tab-mobile-title\" aria-selected=\"true\" data-tab=\"1\" role=\"tab\" tabindex=\"0\" aria-controls=\"elementor-tab-content-1061\" aria-expanded=\"false\">Sortenpr\u00fcfung Twente<\/div>\n\t\t\t\t\t<div id=\"elementor-tab-content-1061\" class=\"elementor-tab-content elementor-clearfix\" data-tab=\"1\" role=\"tabpanel\" aria-labelledby=\"elementor-tab-title-1061\" tabindex=\"0\" hidden=\"false\"><table style=\"height: 168px; width: 0%; border-collapse: collapse;\" cellspacing=\"5\" cellpadding=\"5\">\n<tbody>\n<tr style=\"height: 24px;\">\n<td style=\"width: 1.73611%; height: 24px; background-color: #008cba; color: #fff;\" colspan=\"2\"><strong>2-Jahres-Durchschnitt<\/strong><\/td>\n<\/tr>\n<tr style=\"height: 24px;\">\n<td style=\"width: 1.73611%; height: 24px;\"> Frisches Erzeugnis <\/td>\n<td style=\"width: 32.1702%; height: 24px;\"> 55,9 Tonnen <\/td>\n<\/tr>\n<tr style=\"height: 24px;\">\n<td style=\"width: 1.73611%; height: 24px;\"> Ds% <\/td>\n<td style=\"width: 32.1702%; height: 24px;\"> 40% <\/td>\n<\/tr>\n<tr style=\"height: 24px;\">\n<td style=\"width: 1.73611%; height: 24px;\"> Ds Ausbeute <\/td>\n<td style=\"width: 32.1702%; height: 24px;\"> 22.4 <\/td>\n<\/tr>\n<tr style=\"height: 24px;\">\n<td style=\"width: 1.73611%; height: 24px;\"> VEM <\/td>\n<td style=\"width: 32.1702%; height: 24px;\"> 995 <\/td>\n<\/tr>\n<tr style=\"height: 24px;\">\n<td style=\"width: 1.73611%; height: 24px;\"> St\u00e4rke <\/td>\n<td style=\"width: 32.1702%; height: 24px;\"> 411 <\/td>\n<\/tr>\n<tr style=\"height: 24px;\">\n<td style=\"width: 1.73611%; height: 24px;\"> VEM \/ ha <\/td>\n<td style=\"width: 32.1702%; height: 24px;\"> 22,288 <\/td>\n<\/tr>\n<\/tbody>\n<\/table>\n<\/div>\n\t\t\t\t\t\t\t\t\t<div class=\"elementor-tab-title elementor-tab-mobile-title\" aria-selected=\"false\" data-tab=\"2\" role=\"tab\" tabindex=\"-1\" aria-controls=\"elementor-tab-content-1062\" aria-expanded=\"false\">Sortenbewertung Twente<\/div>\n\t\t\t\t\t<div id=\"elementor-tab-content-1062\" class=\"elementor-tab-content elementor-clearfix\" data-tab=\"2\" role=\"tabpanel\" aria-labelledby=\"elementor-tab-title-1062\" tabindex=\"0\" hidden=\"hidden\"><table style=\"height: 168px; width: 0%; border-collapse: collapse;\" cellspacing=\"5\" cellpadding=\"5\">\n<tbody>\n<tr style=\"height: 24px;\">\n<td style=\"width: 33.9063%; height: 24px; background-color: #008cba; color: #ffffff;\" colspan=\"2\"><strong>3-Jahres-Durchschnitt<\/strong><strong><br \/><\/strong><\/td>\n<\/tr>\n<tr style=\"height: 24px;\">\n<td style=\"width: 1.73611%; height: 24px;\"> Erste Entwicklung <\/td>\n<td style=\"width: 32.1702%; height: 24px;\"> 7.8 <\/td>\n<\/tr>\n<tr style=\"height: 24px;\">\n<td style=\"width: 1.73611%; height: 24px;\"> Haltbarkeit \/ Legierung <\/td>\n<td style=\"width: 32.1702%; height: 24px;\"> 7.5 <\/td>\n<\/tr>\n<tr style=\"height: 24px;\">\n<td style=\"width: 1.73611%; height: 24px;\">Widerstehen. Fusarium<\/td>\n<td style=\"width: 32.1702%; height: 24px;\">7,7<\/td>\n<\/tr>\n<tr style=\"height: 24px;\">\n<td style=\"width: 1.73611%; height: 24px;\">Widerstehen. Blattkrankheit<\/td>\n<td style=\"width: 32.1702%; height: 24px;\">7,7<\/td>\n<\/tr>\n<tr style=\"height: 24px;\">\n<td style=\"width: 1.73611%; height: 24px;\">Widerstehen. Builenbrand<\/td>\n<td style=\"width: 32.1702%; height: 24px;\">7,8<\/td>\n<\/tr>\n<tr style=\"height: 24px;\">\n<td style=\"width: 1.73611%; height: 24px;\"> Allgemeiner Eindruck <\/td>\n<td style=\"width: 32.1702%; height: 24px;\"> 7.6 <\/td>\n<\/tr>\n<\/tbody>\n<\/table>\n<\/div>\n\t\t\t\t\t\t\t\t\t<div class=\"elementor-tab-title elementor-tab-mobile-title\" aria-selected=\"false\" data-tab=\"3\" role=\"tab\" tabindex=\"-1\" aria-controls=\"elementor-tab-content-1063\" aria-expanded=\"false\">Sortenversuch North By WUR Open Crops<\/div>\n\t\t\t\t\t<div id=\"elementor-tab-content-1063\" class=\"elementor-tab-content elementor-clearfix\" data-tab=\"3\" role=\"tabpanel\" aria-labelledby=\"elementor-tab-title-1063\" tabindex=\"0\" hidden=\"hidden\"><table style=\"height: 168px; width: 0%; border-collapse: collapse;\" cellspacing=\"5\" cellpadding=\"5\">\n<tbody>\n<tr style=\"height: 24px;\">\n<td style=\"width: 1.73611%; height: 24px; background-color: #008cba; color: #fff;\" colspan=\"2\"><strong>1 Jahr alt<\/strong><\/td>\n<\/tr>\n<tr style=\"height: 24px;\">\n<td style=\"width: 1.73611%; height: 24px;\"> Frisches Erzeugnis <\/td>\n<td style=\"width: 32.1702%; height: 24px;\"> 60.6 <\/td>\n<\/tr>\n<tr style=\"height: 24px;\">\n<td style=\"width: 1.73611%; height: 24px;\"> Ds% <\/td>\n<td style=\"width: 32.1702%; height: 24px;\"> 38,9% <\/td>\n<\/tr>\n<tr style=\"height: 24px;\">\n<td style=\"width: 1.73611%; height: 24px;\"> Ds Ausbeute <\/td>\n<td style=\"width: 32.1702%; height: 24px;\"> 23.3 <\/td>\n<\/tr>\n<tr style=\"height: 24px;\">\n<td style=\"width: 1.73611%; height: 24px;\"> VEM <\/td>\n<td style=\"width: 32.1702%; height: 24px;\"> 953 <\/td>\n<\/tr>\n<tr style=\"height: 24px;\">\n<td style=\"width: 1.73611%; height: 24px;\"> St\u00e4rke <\/td>\n<td style=\"width: 32.1702%; height: 24px;\"> 401 <\/td>\n<\/tr>\n<tr style=\"height: 24px;\">\n<td style=\"width: 1.73611%; height: 24px;\"> VEM \/ ha <\/td>\n<td style=\"width: 32.1702%; height: 24px;\"> 22.400 <\/td>\n<\/tr>\n<\/tbody>\n<\/table>\n<p>Forschung durchgef\u00fchrt von Wageningen University &amp; Research im Auftrag von MOVO-Zaden. Jahr 2017; Lage Wijckel.<\/p>\n<\/div>\n\t\t\t\t\t\t\t\t\t<div class=\"elementor-tab-title elementor-tab-mobile-title\" aria-selected=\"false\" data-tab=\"4\" role=\"tab\" tabindex=\"-1\" aria-controls=\"elementor-tab-content-1064\" aria-expanded=\"false\">Sortenversuch East By WUR Open Crops<\/div>\n\t\t\t\t\t<div id=\"elementor-tab-content-1064\" class=\"elementor-tab-content elementor-clearfix\" data-tab=\"4\" role=\"tabpanel\" aria-labelledby=\"elementor-tab-title-1064\" tabindex=\"0\" hidden=\"hidden\"><table style=\"height: 168px; width: 0%; border-collapse: collapse;\" cellspacing=\"5\" cellpadding=\"5\">\n<tbody>\n<tr style=\"height: 24px;\">\n<td style=\"width: 1.73611%; height: 24px; background-color: #008cba; color: #fff;\" colspan=\"2\"><strong>2-Jahres-Durchschnitt<\/strong><\/td>\n<\/tr>\n<tr style=\"height: 24px;\">\n<td style=\"width: 1.73611%; height: 24px;\"> Frisches Erzeugnis <\/td>\n<td style=\"width: 32.1702%; height: 24px;\"> 53 <\/td>\n<\/tr>\n<tr style=\"height: 24px;\">\n<td style=\"width: 1.73611%; height: 24px;\"> Ds% <\/td>\n<td style=\"width: 32.1702%; height: 24px;\"> 41,2% <\/td>\n<\/tr>\n<tr style=\"height: 24px;\">\n<td style=\"width: 1.73611%; height: 24px;\"> Ds Ausbeute <\/td>\n<td style=\"width: 32.1702%; height: 24px;\"> 21.8 <\/td>\n<\/tr>\n<tr style=\"height: 24px;\">\n<td style=\"width: 1.73611%; height: 24px;\"> VEM <\/td>\n<td style=\"width: 32.1702%; height: 24px;\"> 958 <\/td>\n<\/tr>\n<tr style=\"height: 24px;\">\n<td style=\"width: 1.73611%; height: 24px;\"> St\u00e4rke <\/td>\n<td style=\"width: 32.1702%; height: 24px;\"> 407 <\/td>\n<\/tr>\n<tr style=\"height: 24px;\">\n<td style=\"width: 1.73611%; height: 24px;\">VEM \/ ha<\/td>\n<td style=\"width: 32.1702%; height: 24px;\">\n<p>20.884<\/p>\n<\/td>\n<\/tr>\n<\/tbody>\n<\/table>\n<p>Forschung durchgef\u00fchrt von Wageningen University &amp; Research im Auftrag von MOVO Zaden. Jahr 2016, 2017; Lage Lemele \/ Luttenberg.<\/p>\n<\/div>\n\t\t\t\t\t\t\t<\/div>\n\t\t<\/div>\n\t\t\t\t\t\t<\/div>\n\t\t\t\t<\/div>\n\t\t\t\t\t<\/div>\n\t\t<\/div>\n\t\t\t\t\t<\/div>\n\t\t<\/section>\n\t\t\t\t<\/div>\n\t\t","protected":false},"excerpt":{"rendered":"<p>Rapide ist eine Elite Sortenkombination im fr\u00fchen Segment, welche seit Jahren beste Ertr\u00e4ge liefert. Rapide steht f\u00fcr eine sichere und gesunde Ernte, die ihre St\u00e4rken auf trockenen B\u00f6den zeigt.\u00a0 Rapide bildet starke Maiskolben, liefert hohe zuverl\u00e4ssige Ertr\u00e4ge und N\u00e4hrwerte.<\/p>\n<p>Der fr\u00fche Qualit\u00e4ts- und Ertrags-Topper!<\/p>\n<p>Da wir seit einigen Jahren feststellen, dass Kombinationen aus den besten Sorten besser abschneiden als solo, sind wir und unsere Kunden von dieser fr\u00fchen Top-Kombination sehr begeistert.<\/p>\n<p><strong>Aussaatempfehlung: 85.000 K\u00f6rner \/ ha.<\/strong><\/p>\n","protected":false},"featured_media":8815,"template":"","meta":{"content-type":"","_monsterinsights_skip_tracking":false,"_monsterinsights_sitenote_active":false,"_monsterinsights_sitenote_note":"","_monsterinsights_sitenote_category":0},"product_brand":[],"product_cat":[145],"product_tag":[150],"class_list":{"0":"post-7920","1":"product","2":"type-product","3":"status-publish","4":"has-post-thumbnail","6":"product_cat-mais-de","7":"product_tag-opticoat-de","8":"pa_type-2-mais","9":"pa_vroegheid-sehr-fruh","10":"entry","11":"has-media","13":"first","14":"instock","15":"shipping-taxable","16":"purchasable","17":"product-type-simple"},"yoast_head":"<!-- This site is optimized with the Yoast SEO plugin v27.1.1 - https:\/\/yoast.com\/product\/yoast-seo-wordpress\/ -->\n<title>Rapide - MOVO-Zaden<\/title>\n<meta name=\"robots\" content=\"index, follow, max-snippet:-1, max-image-preview:large, max-video-preview:-1\" \/>\n<link rel=\"canonical\" href=\"https:\/\/movo-zaden.nl\/de\/produkt\/rapide\/\" \/>\n<meta property=\"og:locale\" content=\"de_DE\" \/>\n<meta property=\"og:type\" content=\"article\" \/>\n<meta property=\"og:title\" content=\"Rapide - MOVO-Zaden\" \/>\n<meta property=\"og:description\" content=\"Rapide ist eine Elite Sortenkombination im fr\u00fchen Segment, welche seit Jahren beste Ertr\u00e4ge liefert. Rapide steht f\u00fcr eine sichere und gesunde Ernte, die ihre St\u00e4rken auf trockenen B\u00f6den zeigt.\u00a0 Rapide bildet starke Maiskolben, liefert hohe zuverl\u00e4ssige Ertr\u00e4ge und N\u00e4hrwerte.  Der fr\u00fche Qualit\u00e4ts- und Ertrags-Topper!  Da wir seit einigen Jahren feststellen, dass Kombinationen aus den besten Sorten besser abschneiden als solo, sind wir und unsere Kunden von dieser fr\u00fchen Top-Kombination sehr begeistert.  Aussaatempfehlung: 85.000 K\u00f6rner \/ ha.\" \/>\n<meta property=\"og:url\" content=\"https:\/\/movo-zaden.nl\/de\/produkt\/rapide\/\" \/>\n<meta property=\"og:site_name\" content=\"MOVO-Zaden\" \/>\n<meta property=\"article:modified_time\" content=\"2022-08-05T11:08:27+00:00\" \/>\n<meta name=\"twitter:card\" content=\"summary_large_image\" \/>\n<meta name=\"twitter:label1\" content=\"Gesch\u00e4tzte Lesezeit\" \/>\n\t<meta name=\"twitter:data1\" content=\"1\u00a0Minute\" \/>\n<script type=\"application\/ld+json\" class=\"yoast-schema-graph\">{\"@context\":\"https:\/\/schema.org\",\"@graph\":[{\"@type\":\"WebPage\",\"@id\":\"https:\/\/movo-zaden.nl\/de\/produkt\/rapide\/\",\"url\":\"https:\/\/movo-zaden.nl\/de\/produkt\/rapide\/\",\"name\":\"Rapide - MOVO-Zaden\",\"isPartOf\":{\"@id\":\"https:\/\/movo-zaden.nl\/#website\"},\"primaryImageOfPage\":{\"@id\":\"https:\/\/movo-zaden.nl\/de\/produkt\/rapide\/#primaryimage\"},\"image\":{\"@id\":\"https:\/\/movo-zaden.nl\/de\/produkt\/rapide\/#primaryimage\"},\"thumbnailUrl\":\"https:\/\/movo-zaden.nl\/wp-content\/uploads\/2022\/01\/cornfield-2526666_1920.jpg\",\"datePublished\":\"2020-08-29T13:41:48+00:00\",\"dateModified\":\"2022-08-05T11:08:27+00:00\",\"breadcrumb\":{\"@id\":\"https:\/\/movo-zaden.nl\/de\/produkt\/rapide\/#breadcrumb\"},\"inLanguage\":\"de\",\"potentialAction\":[{\"@type\":\"ReadAction\",\"target\":[\"https:\/\/movo-zaden.nl\/de\/produkt\/rapide\/\"]}]},{\"@type\":\"ImageObject\",\"inLanguage\":\"de\",\"@id\":\"https:\/\/movo-zaden.nl\/de\/produkt\/rapide\/#primaryimage\",\"url\":\"https:\/\/movo-zaden.nl\/wp-content\/uploads\/2022\/01\/cornfield-2526666_1920.jpg\",\"contentUrl\":\"https:\/\/movo-zaden.nl\/wp-content\/uploads\/2022\/01\/cornfield-2526666_1920.jpg\",\"width\":1920,\"height\":1280,\"caption\":\"Kwalitatieve combinatie\"},{\"@type\":\"BreadcrumbList\",\"@id\":\"https:\/\/movo-zaden.nl\/de\/produkt\/rapide\/#breadcrumb\",\"itemListElement\":[{\"@type\":\"ListItem\",\"position\":1,\"name\":\"Home\",\"item\":\"https:\/\/movo-zaden.nl\/de\/\"},{\"@type\":\"ListItem\",\"position\":2,\"name\":\"Producten\",\"item\":\"https:\/\/movo-zaden.nl\/be\/shop\/\"},{\"@type\":\"ListItem\",\"position\":3,\"name\":\"Rapide\"}]},{\"@type\":\"WebSite\",\"@id\":\"https:\/\/movo-zaden.nl\/#website\",\"url\":\"https:\/\/movo-zaden.nl\/\",\"name\":\"MOVO-Zaden\",\"description\":\"Groothandel en specialist in landbouwzaden\",\"publisher\":{\"@id\":\"https:\/\/movo-zaden.nl\/#organization\"},\"potentialAction\":[{\"@type\":\"SearchAction\",\"target\":{\"@type\":\"EntryPoint\",\"urlTemplate\":\"https:\/\/movo-zaden.nl\/?s={search_term_string}\"},\"query-input\":{\"@type\":\"PropertyValueSpecification\",\"valueRequired\":true,\"valueName\":\"search_term_string\"}}],\"inLanguage\":\"de\"},{\"@type\":\"Organization\",\"@id\":\"https:\/\/movo-zaden.nl\/#organization\",\"name\":\"MOVO-Zaden\",\"url\":\"https:\/\/movo-zaden.nl\/\",\"logo\":{\"@type\":\"ImageObject\",\"inLanguage\":\"de\",\"@id\":\"https:\/\/movo-zaden.nl\/#\/schema\/logo\/image\/\",\"url\":\"https:\/\/movo-zaden.nl\/wp-content\/uploads\/2020\/02\/Logo-MOVO-zaden-groot.png\",\"contentUrl\":\"https:\/\/movo-zaden.nl\/wp-content\/uploads\/2020\/02\/Logo-MOVO-zaden-groot.png\",\"width\":399,\"height\":148,\"caption\":\"MOVO-Zaden\"},\"image\":{\"@id\":\"https:\/\/movo-zaden.nl\/#\/schema\/logo\/image\/\"}}]}<\/script>\n<!-- \/ Yoast SEO plugin. -->","yoast_head_json":{"title":"Rapide - MOVO-Zaden","robots":{"index":"index","follow":"follow","max-snippet":"max-snippet:-1","max-image-preview":"max-image-preview:large","max-video-preview":"max-video-preview:-1"},"canonical":"https:\/\/movo-zaden.nl\/de\/produkt\/rapide\/","og_locale":"de_DE","og_type":"article","og_title":"Rapide - MOVO-Zaden","og_description":"Rapide ist eine Elite Sortenkombination im fr\u00fchen Segment, welche seit Jahren beste Ertr\u00e4ge liefert. Rapide steht f\u00fcr eine sichere und gesunde Ernte, die ihre St\u00e4rken auf trockenen B\u00f6den zeigt.\u00a0 Rapide bildet starke Maiskolben, liefert hohe zuverl\u00e4ssige Ertr\u00e4ge und N\u00e4hrwerte.  Der fr\u00fche Qualit\u00e4ts- und Ertrags-Topper!  Da wir seit einigen Jahren feststellen, dass Kombinationen aus den besten Sorten besser abschneiden als solo, sind wir und unsere Kunden von dieser fr\u00fchen Top-Kombination sehr begeistert.  Aussaatempfehlung: 85.000 K\u00f6rner \/ ha.","og_url":"https:\/\/movo-zaden.nl\/de\/produkt\/rapide\/","og_site_name":"MOVO-Zaden","article_modified_time":"2022-08-05T11:08:27+00:00","twitter_card":"summary_large_image","twitter_misc":{"Gesch\u00e4tzte Lesezeit":"1\u00a0Minute"},"schema":{"@context":"https:\/\/schema.org","@graph":[{"@type":"WebPage","@id":"https:\/\/movo-zaden.nl\/de\/produkt\/rapide\/","url":"https:\/\/movo-zaden.nl\/de\/produkt\/rapide\/","name":"Rapide - MOVO-Zaden","isPartOf":{"@id":"https:\/\/movo-zaden.nl\/#website"},"primaryImageOfPage":{"@id":"https:\/\/movo-zaden.nl\/de\/produkt\/rapide\/#primaryimage"},"image":{"@id":"https:\/\/movo-zaden.nl\/de\/produkt\/rapide\/#primaryimage"},"thumbnailUrl":"https:\/\/movo-zaden.nl\/wp-content\/uploads\/2022\/01\/cornfield-2526666_1920.jpg","datePublished":"2020-08-29T13:41:48+00:00","dateModified":"2022-08-05T11:08:27+00:00","breadcrumb":{"@id":"https:\/\/movo-zaden.nl\/de\/produkt\/rapide\/#breadcrumb"},"inLanguage":"de","potentialAction":[{"@type":"ReadAction","target":["https:\/\/movo-zaden.nl\/de\/produkt\/rapide\/"]}]},{"@type":"ImageObject","inLanguage":"de","@id":"https:\/\/movo-zaden.nl\/de\/produkt\/rapide\/#primaryimage","url":"https:\/\/movo-zaden.nl\/wp-content\/uploads\/2022\/01\/cornfield-2526666_1920.jpg","contentUrl":"https:\/\/movo-zaden.nl\/wp-content\/uploads\/2022\/01\/cornfield-2526666_1920.jpg","width":1920,"height":1280,"caption":"Kwalitatieve combinatie"},{"@type":"BreadcrumbList","@id":"https:\/\/movo-zaden.nl\/de\/produkt\/rapide\/#breadcrumb","itemListElement":[{"@type":"ListItem","position":1,"name":"Home","item":"https:\/\/movo-zaden.nl\/de\/"},{"@type":"ListItem","position":2,"name":"Producten","item":"https:\/\/movo-zaden.nl\/be\/shop\/"},{"@type":"ListItem","position":3,"name":"Rapide"}]},{"@type":"WebSite","@id":"https:\/\/movo-zaden.nl\/#website","url":"https:\/\/movo-zaden.nl\/","name":"MOVO-Zaden","description":"Groothandel en specialist in landbouwzaden","publisher":{"@id":"https:\/\/movo-zaden.nl\/#organization"},"potentialAction":[{"@type":"SearchAction","target":{"@type":"EntryPoint","urlTemplate":"https:\/\/movo-zaden.nl\/?s={search_term_string}"},"query-input":{"@type":"PropertyValueSpecification","valueRequired":true,"valueName":"search_term_string"}}],"inLanguage":"de"},{"@type":"Organization","@id":"https:\/\/movo-zaden.nl\/#organization","name":"MOVO-Zaden","url":"https:\/\/movo-zaden.nl\/","logo":{"@type":"ImageObject","inLanguage":"de","@id":"https:\/\/movo-zaden.nl\/#\/schema\/logo\/image\/","url":"https:\/\/movo-zaden.nl\/wp-content\/uploads\/2020\/02\/Logo-MOVO-zaden-groot.png","contentUrl":"https:\/\/movo-zaden.nl\/wp-content\/uploads\/2020\/02\/Logo-MOVO-zaden-groot.png","width":399,"height":148,"caption":"MOVO-Zaden"},"image":{"@id":"https:\/\/movo-zaden.nl\/#\/schema\/logo\/image\/"}}]}},"_links":{"self":[{"href":"https:\/\/movo-zaden.nl\/de\/wp-json\/wp\/v2\/product\/7920","targetHints":{"allow":["GET"]}}],"collection":[{"href":"https:\/\/movo-zaden.nl\/de\/wp-json\/wp\/v2\/product"}],"about":[{"href":"https:\/\/movo-zaden.nl\/de\/wp-json\/wp\/v2\/types\/product"}],"version-history":[{"count":1,"href":"https:\/\/movo-zaden.nl\/de\/wp-json\/wp\/v2\/product\/7920\/revisions"}],"predecessor-version":[{"id":9262,"href":"https:\/\/movo-zaden.nl\/de\/wp-json\/wp\/v2\/product\/7920\/revisions\/9262"}],"wp:featuredmedia":[{"embeddable":true,"href":"https:\/\/movo-zaden.nl\/de\/wp-json\/wp\/v2\/media\/8815"}],"wp:attachment":[{"href":"https:\/\/movo-zaden.nl\/de\/wp-json\/wp\/v2\/media?parent=7920"}],"wp:term":[{"taxonomy":"product_brand","embeddable":true,"href":"https:\/\/movo-zaden.nl\/de\/wp-json\/wp\/v2\/product_brand?post=7920"},{"taxonomy":"product_cat","embeddable":true,"href":"https:\/\/movo-zaden.nl\/de\/wp-json\/wp\/v2\/product_cat?post=7920"},{"taxonomy":"product_tag","embeddable":true,"href":"https:\/\/movo-zaden.nl\/de\/wp-json\/wp\/v2\/product_tag?post=7920"}],"curies":[{"name":"wp","href":"https:\/\/api.w.org\/{rel}","templated":true}]}}