{"id":7924,"date":"2020-03-12T12:07:15","date_gmt":"2020-08-29T13:43:34","guid":{"rendered":"https:\/\/movo-zaden.nl\/product\/fliessen\/"},"modified":"2020-08-30T11:16:06","modified_gmt":"2020-08-30T09:16:06","slug":"flow","status":"publish","type":"product","link":"https:\/\/movo-zaden.nl\/de\/produkt\/flow\/","title":{"rendered":"Flow"},"content":{"rendered":"\t\t<div data-elementor-type=\"product-post\" data-elementor-id=\"7924\" class=\"elementor elementor-7924 elementor-6867\" data-elementor-post-type=\"product\">\n\t\t\t\t\t\t<section class=\"elementor-section elementor-top-section elementor-element elementor-element-decf203 elementor-section-boxed elementor-section-height-default elementor-section-height-default\" data-id=\"decf203\" data-element_type=\"section\" data-e-type=\"section\">\n\t\t\t\t\t\t<div class=\"elementor-container elementor-column-gap-default\">\n\t\t\t\t\t<div class=\"elementor-column elementor-col-100 elementor-top-column elementor-element elementor-element-36745f9\" data-id=\"36745f9\" data-element_type=\"column\" data-e-type=\"column\">\n\t\t\t<div class=\"elementor-widget-wrap elementor-element-populated\">\n\t\t\t\t\t\t<div class=\"elementor-element elementor-element-65823b1 elementor-tabs-view-horizontal elementor-widget elementor-widget-tabs\" data-id=\"65823b1\" data-element_type=\"widget\" data-e-type=\"widget\" data-widget_type=\"tabs.default\">\n\t\t\t\t<div class=\"elementor-widget-container\">\n\t\t\t\t\t\t\t<div class=\"elementor-tabs\">\n\t\t\t<div class=\"elementor-tabs-wrapper\" role=\"tablist\" >\n\t\t\t\t\t\t\t\t\t<div id=\"elementor-tab-title-1061\" class=\"elementor-tab-title elementor-tab-desktop-title\" aria-selected=\"true\" data-tab=\"1\" role=\"tab\" tabindex=\"0\" aria-controls=\"elementor-tab-content-1061\" aria-expanded=\"false\">Sortenpr\u00fcfung Twente<\/div>\n\t\t\t\t\t\t\t\t\t<div id=\"elementor-tab-title-1062\" class=\"elementor-tab-title elementor-tab-desktop-title\" aria-selected=\"false\" data-tab=\"2\" role=\"tab\" tabindex=\"-1\" aria-controls=\"elementor-tab-content-1062\" aria-expanded=\"false\">Sortenbewertung Twente<\/div>\n\t\t\t\t\t\t\t\t\t<div id=\"elementor-tab-title-1063\" class=\"elementor-tab-title elementor-tab-desktop-title\" aria-selected=\"false\" data-tab=\"3\" role=\"tab\" tabindex=\"-1\" aria-controls=\"elementor-tab-content-1063\" aria-expanded=\"false\">Sortenversuch East NL<\/div>\n\t\t\t\t\t\t\t\t\t<div id=\"elementor-tab-title-1064\" class=\"elementor-tab-title elementor-tab-desktop-title\" aria-selected=\"false\" data-tab=\"4\" role=\"tab\" tabindex=\"-1\" aria-controls=\"elementor-tab-content-1064\" aria-expanded=\"false\">Sortenversuch North By WUR Open Crops<\/div>\n\t\t\t\t\t\t\t<\/div>\n\t\t\t<div class=\"elementor-tabs-content-wrapper\" role=\"tablist\" aria-orientation=\"vertical\">\n\t\t\t\t\t\t\t\t\t<div class=\"elementor-tab-title elementor-tab-mobile-title\" aria-selected=\"true\" data-tab=\"1\" role=\"tab\" tabindex=\"0\" aria-controls=\"elementor-tab-content-1061\" aria-expanded=\"false\">Sortenpr\u00fcfung Twente<\/div>\n\t\t\t\t\t<div id=\"elementor-tab-content-1061\" class=\"elementor-tab-content elementor-clearfix\" data-tab=\"1\" role=\"tabpanel\" aria-labelledby=\"elementor-tab-title-1061\" tabindex=\"0\" hidden=\"false\"><table style=\"height: 168px; width: 0%; border-collapse: collapse;\" cellspacing=\"5\" cellpadding=\"5\">\n<tbody>\n<tr style=\"height: 24px;\">\n<td style=\"width: 1.73611%; height: 24px; background-color: #008cba; color: #fff;\" colspan=\"2\"><strong>2-Jahres-Durchschnitt<\/strong><\/td>\n<\/tr>\n<tr style=\"height: 24px;\">\n<td style=\"width: 1.73611%; height: 24px;\">Frisches Erzeugnis<\/td>\n<td style=\"width: 32.1702%; height: 24px;\">55,9 Tonnen<\/td>\n<\/tr>\n<tr style=\"height: 24px;\">\n<td style=\"width: 1.73611%; height: 24px;\">Ds%<\/td>\n<td style=\"width: 32.1702%; height: 24px;\">40%<\/td>\n<\/tr>\n<tr style=\"height: 24px;\">\n<td style=\"width: 1.73611%; height: 24px;\">Ds Ausbeute<\/td>\n<td style=\"width: 32.1702%; height: 24px;\">22.4<\/td>\n<\/tr>\n<tr style=\"height: 24px;\">\n<td style=\"width: 1.73611%; height: 24px;\">VEM<\/td>\n<td style=\"width: 32.1702%; height: 24px;\">995<\/td>\n<\/tr>\n<tr style=\"height: 24px;\">\n<td style=\"width: 1.73611%; height: 24px;\">St\u00e4rke<\/td>\n<td style=\"width: 32.1702%; height: 24px;\">411<\/td>\n<\/tr>\n<tr style=\"height: 24px;\">\n<td style=\"width: 1.73611%; height: 24px;\">VEM \/ ha<\/td>\n<td style=\"width: 32.1702%; height: 24px;\">22,288<\/td>\n<\/tr>\n<\/tbody>\n<\/table>\n<\/div>\n\t\t\t\t\t\t\t\t\t<div class=\"elementor-tab-title elementor-tab-mobile-title\" aria-selected=\"false\" data-tab=\"2\" role=\"tab\" tabindex=\"-1\" aria-controls=\"elementor-tab-content-1062\" aria-expanded=\"false\">Sortenbewertung Twente<\/div>\n\t\t\t\t\t<div id=\"elementor-tab-content-1062\" class=\"elementor-tab-content elementor-clearfix\" data-tab=\"2\" role=\"tabpanel\" aria-labelledby=\"elementor-tab-title-1062\" tabindex=\"0\" hidden=\"hidden\"><table style=\"height: 168px; width: 0%; border-collapse: collapse;\" cellspacing=\"5\" cellpadding=\"5\">\n<tbody>\n<tr style=\"height: 24px;\">\n<td style=\"width: 1.73611%; height: 24px; background-color: #008cba; color: #fff;\" colspan=\"2\"><strong>3 Jahre alt<\/strong><strong><br \/>\n<\/strong><\/td>\n<\/tr>\n<tr style=\"height: 24px;\">\n<td style=\"width: 1.73611%; height: 24px;\">Erste Entwicklung<\/td>\n<td style=\"width: 32.1702%; height: 24px;\">7.5<\/td>\n<\/tr>\n<tr style=\"height: 24px;\">\n<td style=\"width: 1.73611%; height: 24px;\">Haltbarkeit \/ Legierung<\/td>\n<td style=\"width: 32.1702%; height: 24px;\">7.0<\/td>\n<\/tr>\n<tr style=\"height: 24px;\">\n<td style=\"width: 1.73611%; height: 24px;\">Widerstehen. Fusarium<\/td>\n<td style=\"width: 32.1702%; height: 24px;\">7,1<\/td>\n<\/tr>\n<tr style=\"height: 24px;\">\n<td style=\"width: 1.73611%; height: 24px;\">Widerstehen. Blattkrankheit<\/td>\n<td style=\"width: 32.1702%; height: 24px;\">8,0<\/td>\n<\/tr>\n<tr style=\"height: 24px;\">\n<td style=\"width: 1.73611%; height: 24px;\">Widerstehen. Builenbrand<\/td>\n<td style=\"width: 32.1702%; height: 24px;\">7,6<\/td>\n<\/tr>\n<tr style=\"height: 24px;\">\n<td style=\"width: 1.73611%; height: 24px;\">Allgemeiner Eindruck<\/td>\n<td style=\"width: 32.1702%; height: 24px;\">7.0<\/td>\n<\/tr>\n<\/tbody>\n<\/table>\n<\/div>\n\t\t\t\t\t\t\t\t\t<div class=\"elementor-tab-title elementor-tab-mobile-title\" aria-selected=\"false\" data-tab=\"3\" role=\"tab\" tabindex=\"-1\" aria-controls=\"elementor-tab-content-1063\" aria-expanded=\"false\">Sortenversuch East NL<\/div>\n\t\t\t\t\t<div id=\"elementor-tab-content-1063\" class=\"elementor-tab-content elementor-clearfix\" data-tab=\"3\" role=\"tabpanel\" aria-labelledby=\"elementor-tab-title-1063\" tabindex=\"0\" hidden=\"hidden\"><table style=\"height: 168px; width: 0%; border-collapse: collapse;\" cellspacing=\"5\" cellpadding=\"5\">\n<tbody>\n<tr style=\"height: 24px;\">\n<td style=\"width: 1.73611%; height: 24px; background-color: #008cba; color: #fff;\" colspan=\"2\"><b>2019 relativ<\/b><\/td>\n<\/tr>\n<tr style=\"height: 24px;\">\n<td style=\"width: 1.73611%; height: 24px;\">Frisches Erzeugnis<\/td>\n<td style=\"width: 32.1702%; height: 24px;\">90<\/td>\n<\/tr>\n<tr style=\"height: 24px;\">\n<td style=\"width: 1.73611%; height: 24px;\">Ds%<\/td>\n<td style=\"width: 32.1702%; height: 24px;\">107<\/td>\n<\/tr>\n<tr style=\"height: 24px;\">\n<td style=\"width: 1.73611%; height: 24px;\">Ds Ausbeute<\/td>\n<td style=\"width: 32.1702%; height: 24px;\">95<\/td>\n<\/tr>\n<tr style=\"height: 24px;\">\n<td style=\"width: 1.73611%; height: 24px;\">VEM<\/td>\n<td style=\"width: 32.1702%; height: 24px;\">102<\/td>\n<\/tr>\n<tr style=\"height: 24px;\">\n<td style=\"width: 1.73611%; height: 24px;\">St\u00e4rke<\/td>\n<td style=\"width: 32.1702%; height: 24px;\">106<\/td>\n<\/tr>\n<tr style=\"height: 24px;\">\n<td style=\"width: 1.73611%; height: 24px;\">VEM \/ ha<\/td>\n<td style=\"width: 32.1702%; height: 24px;\">96<\/td>\n<\/tr>\n<\/tbody>\n<\/table>\n<p>Im Vergleich zu 46 fr\u00fchen bis sp\u00e4ten Sorten. Jahr 2019; Standort Breklenkamp.<\/p>\n<\/div>\n\t\t\t\t\t\t\t\t\t<div class=\"elementor-tab-title elementor-tab-mobile-title\" aria-selected=\"false\" data-tab=\"4\" role=\"tab\" tabindex=\"-1\" aria-controls=\"elementor-tab-content-1064\" aria-expanded=\"false\">Sortenversuch North By WUR Open Crops<\/div>\n\t\t\t\t\t<div id=\"elementor-tab-content-1064\" class=\"elementor-tab-content elementor-clearfix\" data-tab=\"4\" role=\"tabpanel\" aria-labelledby=\"elementor-tab-title-1064\" tabindex=\"0\" hidden=\"hidden\"><table style=\"height: 168px; width: 0%; border-collapse: collapse;\" cellspacing=\"5\" cellpadding=\"5\">\n<tbody>\n<tr style=\"height: 24px;\">\n<td style=\"width: 1.73611%; height: 24px; background-color: #008cba; color: #fff;\" colspan=\"2\"><strong>2017 relativ<\/strong><\/td>\n<\/tr>\n<tr style=\"height: 24px;\">\n<td style=\"width: 1.73611%; height: 24px;\">Frisches Erzeugnis<\/td>\n<td style=\"width: 32.1702%; height: 24px;\">89<\/td>\n<\/tr>\n<tr style=\"height: 24px;\">\n<td style=\"width: 1.73611%; height: 24px;\">Ds%<\/td>\n<td style=\"width: 32.1702%; height: 24px;\">109<\/td>\n<\/tr>\n<tr style=\"height: 24px;\">\n<td style=\"width: 1.73611%; height: 24px;\">Ds Ausbeute<\/td>\n<td style=\"width: 32.1702%; height: 24px;\">98<\/td>\n<\/tr>\n<tr style=\"height: 24px;\">\n<td style=\"width: 1.73611%; height: 24px;\">VEM<\/td>\n<td style=\"width: 32.1702%; height: 24px;\">102<\/td>\n<\/tr>\n<tr style=\"height: 24px;\">\n<td style=\"width: 1.73611%; height: 24px;\">St\u00e4rke<\/td>\n<td style=\"width: 32.1702%; height: 24px;\">126<\/td>\n<\/tr>\n<tr style=\"height: 24px;\">\n<td style=\"width: 1.73611%; height: 24px;\">VEM \/ ha<\/td>\n<td style=\"width: 32.1702%; height: 24px;\">99<\/td>\n<\/tr>\n<\/tbody>\n<\/table>\n<p>Forschung durchgef\u00fchrt von Wageningen University &amp; Research im Auftrag von MOVO-Zaden. Jahr 2017; Lage Wijckel.<\/p>\n<\/div>\n\t\t\t\t\t\t\t<\/div>\n\t\t<\/div>\n\t\t\t\t\t\t<\/div>\n\t\t\t\t<\/div>\n\t\t\t\t\t<\/div>\n\t\t<\/div>\n\t\t\t\t\t<\/div>\n\t\t<\/section>\n\t\t\t\t<\/div>\n\t\t","protected":false},"excerpt":{"rendered":"<p>Eine sehr fr\u00fche Sortenkombination mit viel Sicherheit. Sehr gesunde, starke Pflanzen und beste N\u00e4hrwerte.<\/p>\n<p>Die Kombination von Gesundheit und N\u00e4hrwert f\u00f6rdert die Absorption.<\/p>\n<p>Da Flow seine Fr\u00fchzeitigkeit mit sehr hohen Ertr\u00e4gen kombiniert, ist Flow sehr interessant. Vergessen Sie also nicht, Flow 2019 zu verwenden!<\/p>\n<p><strong>Aussaatempfehlung: 85.000 Samen \/ ha.<\/strong><\/p>\n","protected":false},"featured_media":8828,"template":"","meta":{"content-type":"","_monsterinsights_skip_tracking":false,"_monsterinsights_sitenote_active":false,"_monsterinsights_sitenote_note":"","_monsterinsights_sitenote_category":0},"product_brand":[],"product_cat":[145],"product_tag":[150],"class_list":{"0":"post-7924","1":"product","2":"type-product","3":"status-publish","4":"has-post-thumbnail","6":"product_cat-mais-de","7":"product_tag-opticoat-de","8":"pa_type-2-mais","9":"pa_vroegheid-sehr-fruh","10":"entry","11":"has-media","13":"first","14":"instock","15":"shipping-taxable","16":"purchasable","17":"product-type-simple"},"yoast_head":"<!-- This site is optimized with the Yoast SEO plugin v27.1.1 - https:\/\/yoast.com\/product\/yoast-seo-wordpress\/ -->\n<title>Flow - MOVO-Zaden<\/title>\n<meta name=\"robots\" content=\"index, follow, max-snippet:-1, max-image-preview:large, max-video-preview:-1\" \/>\n<link rel=\"canonical\" href=\"https:\/\/movo-zaden.nl\/produkt\/bam-mais\/\" \/>\n<meta property=\"og:locale\" content=\"de_DE\" \/>\n<meta property=\"og:type\" content=\"article\" \/>\n<meta property=\"og:title\" content=\"Flow - MOVO-Zaden\" \/>\n<meta property=\"og:description\" content=\"Eine sehr fr\u00fche Sortenkombination mit viel Sicherheit. Sehr gesunde, starke Pflanzen und beste N\u00e4hrwerte.  Die Kombination von Gesundheit und N\u00e4hrwert f\u00f6rdert die Absorption.  Da Flow seine Fr\u00fchzeitigkeit mit sehr hohen Ertr\u00e4gen kombiniert, ist Flow sehr interessant. Vergessen Sie also nicht, Flow 2019 zu verwenden!  Aussaatempfehlung: 85.000 Samen \/ ha.\" \/>\n<meta property=\"og:url\" content=\"https:\/\/movo-zaden.nl\/produkt\/bam-mais\/\" \/>\n<meta property=\"og:site_name\" content=\"MOVO-Zaden\" \/>\n<meta property=\"article:modified_time\" content=\"2020-08-30T09:16:06+00:00\" \/>\n<meta name=\"twitter:card\" content=\"summary_large_image\" \/>\n<meta name=\"twitter:label1\" content=\"Gesch\u00e4tzte Lesezeit\" \/>\n\t<meta name=\"twitter:data1\" content=\"1\u00a0Minute\" \/>\n<script type=\"application\/ld+json\" class=\"yoast-schema-graph\">{\"@context\":\"https:\/\/schema.org\",\"@graph\":[{\"@type\":\"WebPage\",\"@id\":\"https:\/\/movo-zaden.nl\/produkt\/bam-mais\/\",\"url\":\"https:\/\/movo-zaden.nl\/produkt\/bam-mais\/\",\"name\":\"Flow - MOVO-Zaden\",\"isPartOf\":{\"@id\":\"https:\/\/movo-zaden.nl\/#website\"},\"primaryImageOfPage\":{\"@id\":\"https:\/\/movo-zaden.nl\/produkt\/bam-mais\/#primaryimage\"},\"image\":{\"@id\":\"https:\/\/movo-zaden.nl\/produkt\/bam-mais\/#primaryimage\"},\"thumbnailUrl\":\"https:\/\/movo-zaden.nl\/wp-content\/uploads\/2022\/01\/IMG_9784-scaled.jpg\",\"datePublished\":\"2020-08-29T13:43:34+00:00\",\"dateModified\":\"2020-08-30T09:16:06+00:00\",\"breadcrumb\":{\"@id\":\"https:\/\/movo-zaden.nl\/produkt\/bam-mais\/#breadcrumb\"},\"inLanguage\":\"de\",\"potentialAction\":[{\"@type\":\"ReadAction\",\"target\":[\"https:\/\/movo-zaden.nl\/produkt\/bam-mais\/\"]}]},{\"@type\":\"ImageObject\",\"inLanguage\":\"de\",\"@id\":\"https:\/\/movo-zaden.nl\/produkt\/bam-mais\/#primaryimage\",\"url\":\"https:\/\/movo-zaden.nl\/wp-content\/uploads\/2022\/01\/IMG_9784-scaled.jpg\",\"contentUrl\":\"https:\/\/movo-zaden.nl\/wp-content\/uploads\/2022\/01\/IMG_9784-scaled.jpg\",\"width\":2560,\"height\":1707,\"caption\":\"Gezond en top voederwaarden\"},{\"@type\":\"BreadcrumbList\",\"@id\":\"https:\/\/movo-zaden.nl\/produkt\/bam-mais\/#breadcrumb\",\"itemListElement\":[{\"@type\":\"ListItem\",\"position\":1,\"name\":\"Home\",\"item\":\"https:\/\/movo-zaden.nl\/de\/\"},{\"@type\":\"ListItem\",\"position\":2,\"name\":\"Producten\",\"item\":\"https:\/\/movo-zaden.nl\/be\/shop\/\"},{\"@type\":\"ListItem\",\"position\":3,\"name\":\"Flow\"}]},{\"@type\":\"WebSite\",\"@id\":\"https:\/\/movo-zaden.nl\/#website\",\"url\":\"https:\/\/movo-zaden.nl\/\",\"name\":\"MOVO-Zaden\",\"description\":\"Groothandel en specialist in landbouwzaden\",\"publisher\":{\"@id\":\"https:\/\/movo-zaden.nl\/#organization\"},\"potentialAction\":[{\"@type\":\"SearchAction\",\"target\":{\"@type\":\"EntryPoint\",\"urlTemplate\":\"https:\/\/movo-zaden.nl\/?s={search_term_string}\"},\"query-input\":{\"@type\":\"PropertyValueSpecification\",\"valueRequired\":true,\"valueName\":\"search_term_string\"}}],\"inLanguage\":\"de\"},{\"@type\":\"Organization\",\"@id\":\"https:\/\/movo-zaden.nl\/#organization\",\"name\":\"MOVO-Zaden\",\"url\":\"https:\/\/movo-zaden.nl\/\",\"logo\":{\"@type\":\"ImageObject\",\"inLanguage\":\"de\",\"@id\":\"https:\/\/movo-zaden.nl\/#\/schema\/logo\/image\/\",\"url\":\"https:\/\/movo-zaden.nl\/wp-content\/uploads\/2020\/02\/Logo-MOVO-zaden-groot.png\",\"contentUrl\":\"https:\/\/movo-zaden.nl\/wp-content\/uploads\/2020\/02\/Logo-MOVO-zaden-groot.png\",\"width\":399,\"height\":148,\"caption\":\"MOVO-Zaden\"},\"image\":{\"@id\":\"https:\/\/movo-zaden.nl\/#\/schema\/logo\/image\/\"}}]}<\/script>\n<!-- \/ Yoast SEO plugin. -->","yoast_head_json":{"title":"Flow - MOVO-Zaden","robots":{"index":"index","follow":"follow","max-snippet":"max-snippet:-1","max-image-preview":"max-image-preview:large","max-video-preview":"max-video-preview:-1"},"canonical":"https:\/\/movo-zaden.nl\/produkt\/bam-mais\/","og_locale":"de_DE","og_type":"article","og_title":"Flow - MOVO-Zaden","og_description":"Eine sehr fr\u00fche Sortenkombination mit viel Sicherheit. Sehr gesunde, starke Pflanzen und beste N\u00e4hrwerte.  Die Kombination von Gesundheit und N\u00e4hrwert f\u00f6rdert die Absorption.  Da Flow seine Fr\u00fchzeitigkeit mit sehr hohen Ertr\u00e4gen kombiniert, ist Flow sehr interessant. Vergessen Sie also nicht, Flow 2019 zu verwenden!  Aussaatempfehlung: 85.000 Samen \/ ha.","og_url":"https:\/\/movo-zaden.nl\/produkt\/bam-mais\/","og_site_name":"MOVO-Zaden","article_modified_time":"2020-08-30T09:16:06+00:00","twitter_card":"summary_large_image","twitter_misc":{"Gesch\u00e4tzte Lesezeit":"1\u00a0Minute"},"schema":{"@context":"https:\/\/schema.org","@graph":[{"@type":"WebPage","@id":"https:\/\/movo-zaden.nl\/produkt\/bam-mais\/","url":"https:\/\/movo-zaden.nl\/produkt\/bam-mais\/","name":"Flow - MOVO-Zaden","isPartOf":{"@id":"https:\/\/movo-zaden.nl\/#website"},"primaryImageOfPage":{"@id":"https:\/\/movo-zaden.nl\/produkt\/bam-mais\/#primaryimage"},"image":{"@id":"https:\/\/movo-zaden.nl\/produkt\/bam-mais\/#primaryimage"},"thumbnailUrl":"https:\/\/movo-zaden.nl\/wp-content\/uploads\/2022\/01\/IMG_9784-scaled.jpg","datePublished":"2020-08-29T13:43:34+00:00","dateModified":"2020-08-30T09:16:06+00:00","breadcrumb":{"@id":"https:\/\/movo-zaden.nl\/produkt\/bam-mais\/#breadcrumb"},"inLanguage":"de","potentialAction":[{"@type":"ReadAction","target":["https:\/\/movo-zaden.nl\/produkt\/bam-mais\/"]}]},{"@type":"ImageObject","inLanguage":"de","@id":"https:\/\/movo-zaden.nl\/produkt\/bam-mais\/#primaryimage","url":"https:\/\/movo-zaden.nl\/wp-content\/uploads\/2022\/01\/IMG_9784-scaled.jpg","contentUrl":"https:\/\/movo-zaden.nl\/wp-content\/uploads\/2022\/01\/IMG_9784-scaled.jpg","width":2560,"height":1707,"caption":"Gezond en top voederwaarden"},{"@type":"BreadcrumbList","@id":"https:\/\/movo-zaden.nl\/produkt\/bam-mais\/#breadcrumb","itemListElement":[{"@type":"ListItem","position":1,"name":"Home","item":"https:\/\/movo-zaden.nl\/de\/"},{"@type":"ListItem","position":2,"name":"Producten","item":"https:\/\/movo-zaden.nl\/be\/shop\/"},{"@type":"ListItem","position":3,"name":"Flow"}]},{"@type":"WebSite","@id":"https:\/\/movo-zaden.nl\/#website","url":"https:\/\/movo-zaden.nl\/","name":"MOVO-Zaden","description":"Groothandel en specialist in landbouwzaden","publisher":{"@id":"https:\/\/movo-zaden.nl\/#organization"},"potentialAction":[{"@type":"SearchAction","target":{"@type":"EntryPoint","urlTemplate":"https:\/\/movo-zaden.nl\/?s={search_term_string}"},"query-input":{"@type":"PropertyValueSpecification","valueRequired":true,"valueName":"search_term_string"}}],"inLanguage":"de"},{"@type":"Organization","@id":"https:\/\/movo-zaden.nl\/#organization","name":"MOVO-Zaden","url":"https:\/\/movo-zaden.nl\/","logo":{"@type":"ImageObject","inLanguage":"de","@id":"https:\/\/movo-zaden.nl\/#\/schema\/logo\/image\/","url":"https:\/\/movo-zaden.nl\/wp-content\/uploads\/2020\/02\/Logo-MOVO-zaden-groot.png","contentUrl":"https:\/\/movo-zaden.nl\/wp-content\/uploads\/2020\/02\/Logo-MOVO-zaden-groot.png","width":399,"height":148,"caption":"MOVO-Zaden"},"image":{"@id":"https:\/\/movo-zaden.nl\/#\/schema\/logo\/image\/"}}]}},"_links":{"self":[{"href":"https:\/\/movo-zaden.nl\/de\/wp-json\/wp\/v2\/product\/7924","targetHints":{"allow":["GET"]}}],"collection":[{"href":"https:\/\/movo-zaden.nl\/de\/wp-json\/wp\/v2\/product"}],"about":[{"href":"https:\/\/movo-zaden.nl\/de\/wp-json\/wp\/v2\/types\/product"}],"version-history":[{"count":0,"href":"https:\/\/movo-zaden.nl\/de\/wp-json\/wp\/v2\/product\/7924\/revisions"}],"wp:featuredmedia":[{"embeddable":true,"href":"https:\/\/movo-zaden.nl\/de\/wp-json\/wp\/v2\/media\/8828"}],"wp:attachment":[{"href":"https:\/\/movo-zaden.nl\/de\/wp-json\/wp\/v2\/media?parent=7924"}],"wp:term":[{"taxonomy":"product_brand","embeddable":true,"href":"https:\/\/movo-zaden.nl\/de\/wp-json\/wp\/v2\/product_brand?post=7924"},{"taxonomy":"product_cat","embeddable":true,"href":"https:\/\/movo-zaden.nl\/de\/wp-json\/wp\/v2\/product_cat?post=7924"},{"taxonomy":"product_tag","embeddable":true,"href":"https:\/\/movo-zaden.nl\/de\/wp-json\/wp\/v2\/product_tag?post=7924"}],"curies":[{"name":"wp","href":"https:\/\/api.w.org\/{rel}","templated":true}]}}