{"id":7926,"date":"2020-03-12T12:00:52","date_gmt":"2020-08-29T13:43:35","guid":{"rendered":"https:\/\/movo-zaden.nl\/product\/energi\/"},"modified":"2020-08-30T11:13:39","modified_gmt":"2020-08-30T09:13:39","slug":"energi","status":"publish","type":"product","link":"https:\/\/movo-zaden.nl\/de\/produkt\/energi\/","title":{"rendered":"Energi"},"content":{"rendered":"\t\t<div data-elementor-type=\"product-post\" data-elementor-id=\"7926\" class=\"elementor elementor-7926 elementor-6863\" data-elementor-post-type=\"product\">\n\t\t\t\t\t\t<section class=\"elementor-section elementor-top-section elementor-element elementor-element-decf203 elementor-section-boxed elementor-section-height-default elementor-section-height-default\" data-id=\"decf203\" data-element_type=\"section\" data-e-type=\"section\">\n\t\t\t\t\t\t<div class=\"elementor-container elementor-column-gap-default\">\n\t\t\t\t\t<div class=\"elementor-column elementor-col-100 elementor-top-column elementor-element elementor-element-36745f9\" data-id=\"36745f9\" data-element_type=\"column\" data-e-type=\"column\">\n\t\t\t<div class=\"elementor-widget-wrap elementor-element-populated\">\n\t\t\t\t\t\t<div class=\"elementor-element elementor-element-65823b1 elementor-tabs-view-horizontal elementor-widget elementor-widget-tabs\" data-id=\"65823b1\" data-element_type=\"widget\" data-e-type=\"widget\" data-widget_type=\"tabs.default\">\n\t\t\t\t<div class=\"elementor-widget-container\">\n\t\t\t\t\t\t\t<div class=\"elementor-tabs\">\n\t\t\t<div class=\"elementor-tabs-wrapper\" role=\"tablist\" >\n\t\t\t\t\t\t\t\t\t<div id=\"elementor-tab-title-1061\" class=\"elementor-tab-title elementor-tab-desktop-title\" aria-selected=\"true\" data-tab=\"1\" role=\"tab\" tabindex=\"0\" aria-controls=\"elementor-tab-content-1061\" aria-expanded=\"false\">Sortenpr\u00fcfung Twente<\/div>\n\t\t\t\t\t\t\t\t\t<div id=\"elementor-tab-title-1062\" class=\"elementor-tab-title elementor-tab-desktop-title\" aria-selected=\"false\" data-tab=\"2\" role=\"tab\" tabindex=\"-1\" aria-controls=\"elementor-tab-content-1062\" aria-expanded=\"false\">Sortenbewertung Twente<\/div>\n\t\t\t\t\t\t\t\t\t<div id=\"elementor-tab-title-1063\" class=\"elementor-tab-title elementor-tab-desktop-title\" aria-selected=\"false\" data-tab=\"3\" role=\"tab\" tabindex=\"-1\" aria-controls=\"elementor-tab-content-1063\" aria-expanded=\"false\">Sortenversuch South By WUR Open Crops<\/div>\n\t\t\t\t\t\t\t<\/div>\n\t\t\t<div class=\"elementor-tabs-content-wrapper\" role=\"tablist\" aria-orientation=\"vertical\">\n\t\t\t\t\t\t\t\t\t<div class=\"elementor-tab-title elementor-tab-mobile-title\" aria-selected=\"true\" data-tab=\"1\" role=\"tab\" tabindex=\"0\" aria-controls=\"elementor-tab-content-1061\" aria-expanded=\"false\">Sortenpr\u00fcfung Twente<\/div>\n\t\t\t\t\t<div id=\"elementor-tab-content-1061\" class=\"elementor-tab-content elementor-clearfix\" data-tab=\"1\" role=\"tabpanel\" aria-labelledby=\"elementor-tab-title-1061\" tabindex=\"0\" hidden=\"false\"><table style=\"height: 168px; width: 0%; border-collapse: collapse;\" cellspacing=\"5\" cellpadding=\"5\">\n<tbody>\n<tr style=\"height: 24px;\">\n<td style=\"width: 1.73611%; height: 24px; background-color: #008cba; color: #fff;\" colspan=\"2\"><strong>3-Jahres-Durchschnitt<\/strong><\/td>\n<\/tr>\n<tr style=\"height: 24px;\">\n<td style=\"width: 1.73611%; height: 24px;\"> Frisches Erzeugnis <\/td>\n<td style=\"width: 32.1702%; height: 24px;\"> 66,0 Tonnen <\/td>\n<\/tr>\n<tr style=\"height: 24px;\">\n<td style=\"width: 1.73611%; height: 24px;\"> Ds% <\/td>\n<td style=\"width: 32.1702%; height: 24px;\"> 37% <\/td>\n<\/tr>\n<tr style=\"height: 24px;\">\n<td style=\"width: 1.73611%; height: 24px;\"> Ds Ausbeute <\/td>\n<td style=\"width: 32.1702%; height: 24px;\"> 24.4 <\/td>\n<\/tr>\n<tr style=\"height: 24px;\">\n<td style=\"width: 1.73611%; height: 24px;\"> VEM <\/td>\n<td style=\"width: 32.1702%; height: 24px;\"> 996 <\/td>\n<\/tr>\n<tr style=\"height: 24px;\">\n<td style=\"width: 1.73611%; height: 24px;\"> St\u00e4rke <\/td>\n<td style=\"width: 32.1702%; height: 24px;\"> 400 <\/td>\n<\/tr>\n<tr style=\"height: 24px;\">\n<td style=\"width: 1.73611%; height: 24px;\"> VEM \/ ha <\/td>\n<td style=\"width: 32.1702%; height: 24px;\"> 24.302 <\/td>\n<\/tr>\n<\/tbody>\n<\/table>\n<\/div>\n\t\t\t\t\t\t\t\t\t<div class=\"elementor-tab-title elementor-tab-mobile-title\" aria-selected=\"false\" data-tab=\"2\" role=\"tab\" tabindex=\"-1\" aria-controls=\"elementor-tab-content-1062\" aria-expanded=\"false\">Sortenbewertung Twente<\/div>\n\t\t\t\t\t<div id=\"elementor-tab-content-1062\" class=\"elementor-tab-content elementor-clearfix\" data-tab=\"2\" role=\"tabpanel\" aria-labelledby=\"elementor-tab-title-1062\" tabindex=\"0\" hidden=\"hidden\"><table style=\"height: 168px; width: 0%; border-collapse: collapse;\" cellspacing=\"5\" cellpadding=\"5\">\n<tbody>\n<tr style=\"height: 24px;\">\n<td style=\"width: 1.73611%; height: 24px; background-color: #008cba; color: #fff;\" colspan=\"2\"><strong>4-Jahres-Mittelwert<\/strong><strong style=\"font-family: inherit; font-size: inherit;\"> <\/strong><strong><br \/><\/strong><\/td>\n<\/tr>\n<tr style=\"height: 24px;\">\n<td style=\"width: 1.73611%; height: 24px;\"> Erste Entwicklung <\/td>\n<td style=\"width: 32.1702%; height: 24px;\"> 8.2 <\/td>\n<\/tr>\n<tr style=\"height: 24px;\">\n<td style=\"width: 1.73611%; height: 24px;\"> Haltbarkeit \/ Legierung <\/td>\n<td style=\"width: 32.1702%; height: 24px;\"> 7.9 <\/td>\n<\/tr>\n<tr style=\"height: 24px;\">\n<td style=\"width: 1.73611%; height: 24px;\">Widerstehen. Fusarium<\/td>\n<td style=\"width: 32.1702%; height: 24px;\">7,9<\/td>\n<\/tr>\n<tr style=\"height: 24px;\">\n<td style=\"width: 1.73611%; height: 24px;\">Widerstehen. Blattkrankheit<\/td>\n<td style=\"width: 32.1702%; height: 24px;\">7,8<\/td>\n<\/tr>\n<tr style=\"height: 24px;\">\n<td style=\"width: 1.73611%; height: 24px;\">Widerstehen. Builenbrand<\/td>\n<td style=\"width: 32.1702%; height: 24px;\">8,0<\/td>\n<\/tr>\n<tr style=\"height: 24px;\">\n<td style=\"width: 1.73611%; height: 24px;\"> Allgemeiner Eindruck <\/td>\n<td style=\"width: 32.1702%; height: 24px;\"> 7.7 <\/td>\n<\/tr>\n<\/tbody>\n<\/table>\n<\/div>\n\t\t\t\t\t\t\t\t\t<div class=\"elementor-tab-title elementor-tab-mobile-title\" aria-selected=\"false\" data-tab=\"3\" role=\"tab\" tabindex=\"-1\" aria-controls=\"elementor-tab-content-1063\" aria-expanded=\"false\">Sortenversuch South By WUR Open Crops<\/div>\n\t\t\t\t\t<div id=\"elementor-tab-content-1063\" class=\"elementor-tab-content elementor-clearfix\" data-tab=\"3\" role=\"tabpanel\" aria-labelledby=\"elementor-tab-title-1063\" tabindex=\"0\" hidden=\"hidden\"><table style=\"height: 168px; width: 0%; border-collapse: collapse;\" cellspacing=\"5\" cellpadding=\"5\">\n<tbody>\n<tr style=\"height: 24px;\">\n<td style=\"width: 1.73611%; height: 24px; background-color: #008cba; color: #fff;\" colspan=\"2\"><strong>3-Jahres-Durchschnitt<\/strong><\/td>\n<\/tr>\n<tr style=\"height: 24px;\">\n<td style=\"width: 1.73611%; height: 24px;\"> Frisches Erzeugnis <\/td>\n<td style=\"width: 32.1702%; height: 24px;\"> 67.9 <\/td>\n<\/tr>\n<tr style=\"height: 24px;\">\n<td style=\"width: 1.73611%; height: 24px;\"> Ds% <\/td>\n<td style=\"width: 32.1702%; height: 24px;\"> 36,8% <\/td>\n<\/tr>\n<tr style=\"height: 24px;\">\n<td style=\"width: 1.73611%; height: 24px;\"> Ds Ausbeute <\/td>\n<td style=\"width: 32.1702%; height: 24px;\"> 24.8 <\/td>\n<\/tr>\n<tr style=\"height: 24px;\">\n<td style=\"width: 1.73611%; height: 24px;\"> VEM <\/td>\n<td style=\"width: 32.1702%; height: 24px;\"> 996 <\/td>\n<\/tr>\n<tr style=\"height: 24px;\">\n<td style=\"width: 1.73611%; height: 24px;\"> St\u00e4rke <\/td>\n<td style=\"width: 32.1702%; height: 24px;\"> 385 <\/td>\n<\/tr>\n<tr style=\"height: 24px;\">\n<td style=\"width: 1.73611%; height: 24px;\"> VEM \/ ha <\/td>\n<td style=\"width: 32.1702%; height: 24px;\"> 24.675 <\/td>\n<\/tr>\n<\/tbody>\n<\/table>\n<p>Forschung durchgef\u00fchrt von Wageningen University &amp; Research im Auftrag von MOVO Zaden. Jahr 2015, 2016, 2017; Standort Weert \/ Veldhoven \/ Weert.<\/p>\n<\/div>\n\t\t\t\t\t\t\t<\/div>\n\t\t<\/div>\n\t\t\t\t\t\t<\/div>\n\t\t\t\t<\/div>\n\t\t\t\t\t<\/div>\n\t\t<\/div>\n\t\t\t\t\t<\/div>\n\t\t<\/section>\n\t\t\t\t<\/div>\n\t\t","protected":false},"excerpt":{"rendered":"<p>Diese auff\u00e4llige Ernte steht f\u00fcr Qualit\u00e4t, Masse und Gesundheit!<\/p>\n<p>Wir haben mit gro\u00dfer Sorgfalt nach einer optimalen Ernte f\u00fcr die mittelfr\u00fche Gruppe gesucht. Dies hat zur Kombination Energi gef\u00fchrt. Die Eindr\u00fccke und Ergebnisse unserer Demo- und Testfelder haben uns so viel Vertrauen in Energi gegeben, weshalb wir diese Sorte als absolute Spitze in der Mitte der fr\u00fchen Gruppe empfehlen.<\/p>\n<p>Energi eignet sich hervorragend f\u00fcr Biogas, aber auch als mittelfr\u00fches Silomais. Energi ist eine sehr massive, lange und robuste Ernte mit sch\u00f6nen, langen, gut gef\u00fcllten Maiskolben mit einem sehr hohen ha. Ausbeuten und mit hoher Energie. Charakteristisch ist die sehr gesunde, gr\u00fcne und robuste Pflanze.<\/p>\n<p><strong>Aussaatempfehlung: 80.000 Samen \/ ha.<\/strong><\/p>\n","protected":false},"featured_media":8871,"template":"","meta":{"content-type":"","_monsterinsights_skip_tracking":false,"_monsterinsights_sitenote_active":false,"_monsterinsights_sitenote_note":"","_monsterinsights_sitenote_category":0},"product_brand":[],"product_cat":[145],"product_tag":[150],"class_list":{"0":"post-7926","1":"product","2":"type-product","3":"status-publish","4":"has-post-thumbnail","6":"product_cat-mais-de","7":"product_tag-opticoat-de","8":"pa_type-2-fermentation","9":"pa_type-2-mais","10":"pa_vroegheid-mitte-fruh","11":"entry","12":"has-media","14":"first","15":"instock","16":"shipping-taxable","17":"purchasable","18":"product-type-simple"},"yoast_head":"<!-- This site is optimized with the Yoast SEO plugin v27.1.1 - https:\/\/yoast.com\/product\/yoast-seo-wordpress\/ -->\n<title>Energi - MOVO-Zaden<\/title>\n<meta name=\"robots\" content=\"index, follow, max-snippet:-1, max-image-preview:large, max-video-preview:-1\" \/>\n<link rel=\"canonical\" href=\"https:\/\/movo-zaden.nl\/de\/produkt\/energi\/\" \/>\n<meta property=\"og:locale\" content=\"de_DE\" \/>\n<meta property=\"og:type\" content=\"article\" \/>\n<meta property=\"og:title\" content=\"Energi - MOVO-Zaden\" \/>\n<meta property=\"og:description\" content=\"Diese auff\u00e4llige Ernte steht f\u00fcr Qualit\u00e4t, Masse und Gesundheit!  Wir haben mit gro\u00dfer Sorgfalt nach einer optimalen Ernte f\u00fcr die mittelfr\u00fche Gruppe gesucht. Dies hat zur Kombination Energi gef\u00fchrt. Die Eindr\u00fccke und Ergebnisse unserer Demo- und Testfelder haben uns so viel Vertrauen in Energi gegeben, weshalb wir diese Sorte als absolute Spitze in der Mitte der fr\u00fchen Gruppe empfehlen.  Energi eignet sich hervorragend f\u00fcr Biogas, aber auch als mittelfr\u00fches Silomais. Energi ist eine sehr massive, lange und robuste Ernte mit sch\u00f6nen, langen, gut gef\u00fcllten Maiskolben mit einem sehr hohen ha. Ausbeuten und mit hoher Energie. Charakteristisch ist die sehr gesunde, gr\u00fcne und robuste Pflanze.  Aussaatempfehlung: 80.000 Samen \/ ha.\" \/>\n<meta property=\"og:url\" content=\"https:\/\/movo-zaden.nl\/de\/produkt\/energi\/\" \/>\n<meta property=\"og:site_name\" content=\"MOVO-Zaden\" \/>\n<meta property=\"article:modified_time\" content=\"2020-08-30T09:13:39+00:00\" \/>\n<meta property=\"og:image\" content=\"https:\/\/movo-zaden.nl\/wp-content\/uploads\/2020\/03\/IMG___-scaled.jpg\" \/>\n\t<meta property=\"og:image:width\" content=\"2560\" \/>\n\t<meta property=\"og:image:height\" content=\"1707\" \/>\n\t<meta property=\"og:image:type\" content=\"image\/jpeg\" \/>\n<meta name=\"twitter:card\" content=\"summary_large_image\" \/>\n<script type=\"application\/ld+json\" class=\"yoast-schema-graph\">{\"@context\":\"https:\/\/schema.org\",\"@graph\":[{\"@type\":\"WebPage\",\"@id\":\"https:\/\/movo-zaden.nl\/de\/produkt\/energi\/\",\"url\":\"https:\/\/movo-zaden.nl\/de\/produkt\/energi\/\",\"name\":\"Energi - MOVO-Zaden\",\"isPartOf\":{\"@id\":\"https:\/\/movo-zaden.nl\/#website\"},\"primaryImageOfPage\":{\"@id\":\"https:\/\/movo-zaden.nl\/de\/produkt\/energi\/#primaryimage\"},\"image\":{\"@id\":\"https:\/\/movo-zaden.nl\/de\/produkt\/energi\/#primaryimage\"},\"thumbnailUrl\":\"https:\/\/movo-zaden.nl\/wp-content\/uploads\/2020\/03\/IMG___-scaled.jpg\",\"datePublished\":\"2020-08-29T13:43:35+00:00\",\"dateModified\":\"2020-08-30T09:13:39+00:00\",\"breadcrumb\":{\"@id\":\"https:\/\/movo-zaden.nl\/de\/produkt\/energi\/#breadcrumb\"},\"inLanguage\":\"de\",\"potentialAction\":[{\"@type\":\"ReadAction\",\"target\":[\"https:\/\/movo-zaden.nl\/de\/produkt\/energi\/\"]}]},{\"@type\":\"ImageObject\",\"inLanguage\":\"de\",\"@id\":\"https:\/\/movo-zaden.nl\/de\/produkt\/energi\/#primaryimage\",\"url\":\"https:\/\/movo-zaden.nl\/wp-content\/uploads\/2020\/03\/IMG___-scaled.jpg\",\"contentUrl\":\"https:\/\/movo-zaden.nl\/wp-content\/uploads\/2020\/03\/IMG___-scaled.jpg\",\"width\":2560,\"height\":1707},{\"@type\":\"BreadcrumbList\",\"@id\":\"https:\/\/movo-zaden.nl\/de\/produkt\/energi\/#breadcrumb\",\"itemListElement\":[{\"@type\":\"ListItem\",\"position\":1,\"name\":\"Home\",\"item\":\"https:\/\/movo-zaden.nl\/de\/\"},{\"@type\":\"ListItem\",\"position\":2,\"name\":\"Producten\",\"item\":\"https:\/\/movo-zaden.nl\/be\/shop\/\"},{\"@type\":\"ListItem\",\"position\":3,\"name\":\"Energi\"}]},{\"@type\":\"WebSite\",\"@id\":\"https:\/\/movo-zaden.nl\/#website\",\"url\":\"https:\/\/movo-zaden.nl\/\",\"name\":\"MOVO-Zaden\",\"description\":\"Groothandel en specialist in landbouwzaden\",\"publisher\":{\"@id\":\"https:\/\/movo-zaden.nl\/#organization\"},\"potentialAction\":[{\"@type\":\"SearchAction\",\"target\":{\"@type\":\"EntryPoint\",\"urlTemplate\":\"https:\/\/movo-zaden.nl\/?s={search_term_string}\"},\"query-input\":{\"@type\":\"PropertyValueSpecification\",\"valueRequired\":true,\"valueName\":\"search_term_string\"}}],\"inLanguage\":\"de\"},{\"@type\":\"Organization\",\"@id\":\"https:\/\/movo-zaden.nl\/#organization\",\"name\":\"MOVO-Zaden\",\"url\":\"https:\/\/movo-zaden.nl\/\",\"logo\":{\"@type\":\"ImageObject\",\"inLanguage\":\"de\",\"@id\":\"https:\/\/movo-zaden.nl\/#\/schema\/logo\/image\/\",\"url\":\"https:\/\/movo-zaden.nl\/wp-content\/uploads\/2020\/02\/Logo-MOVO-zaden-groot.png\",\"contentUrl\":\"https:\/\/movo-zaden.nl\/wp-content\/uploads\/2020\/02\/Logo-MOVO-zaden-groot.png\",\"width\":399,\"height\":148,\"caption\":\"MOVO-Zaden\"},\"image\":{\"@id\":\"https:\/\/movo-zaden.nl\/#\/schema\/logo\/image\/\"}}]}<\/script>\n<!-- \/ Yoast SEO plugin. -->","yoast_head_json":{"title":"Energi - MOVO-Zaden","robots":{"index":"index","follow":"follow","max-snippet":"max-snippet:-1","max-image-preview":"max-image-preview:large","max-video-preview":"max-video-preview:-1"},"canonical":"https:\/\/movo-zaden.nl\/de\/produkt\/energi\/","og_locale":"de_DE","og_type":"article","og_title":"Energi - MOVO-Zaden","og_description":"Diese auff\u00e4llige Ernte steht f\u00fcr Qualit\u00e4t, Masse und Gesundheit!  Wir haben mit gro\u00dfer Sorgfalt nach einer optimalen Ernte f\u00fcr die mittelfr\u00fche Gruppe gesucht. Dies hat zur Kombination Energi gef\u00fchrt. Die Eindr\u00fccke und Ergebnisse unserer Demo- und Testfelder haben uns so viel Vertrauen in Energi gegeben, weshalb wir diese Sorte als absolute Spitze in der Mitte der fr\u00fchen Gruppe empfehlen.  Energi eignet sich hervorragend f\u00fcr Biogas, aber auch als mittelfr\u00fches Silomais. Energi ist eine sehr massive, lange und robuste Ernte mit sch\u00f6nen, langen, gut gef\u00fcllten Maiskolben mit einem sehr hohen ha. Ausbeuten und mit hoher Energie. Charakteristisch ist die sehr gesunde, gr\u00fcne und robuste Pflanze.  Aussaatempfehlung: 80.000 Samen \/ ha.","og_url":"https:\/\/movo-zaden.nl\/de\/produkt\/energi\/","og_site_name":"MOVO-Zaden","article_modified_time":"2020-08-30T09:13:39+00:00","og_image":[{"width":2560,"height":1707,"url":"https:\/\/movo-zaden.nl\/wp-content\/uploads\/2020\/03\/IMG___-scaled.jpg","type":"image\/jpeg"}],"twitter_card":"summary_large_image","schema":{"@context":"https:\/\/schema.org","@graph":[{"@type":"WebPage","@id":"https:\/\/movo-zaden.nl\/de\/produkt\/energi\/","url":"https:\/\/movo-zaden.nl\/de\/produkt\/energi\/","name":"Energi - MOVO-Zaden","isPartOf":{"@id":"https:\/\/movo-zaden.nl\/#website"},"primaryImageOfPage":{"@id":"https:\/\/movo-zaden.nl\/de\/produkt\/energi\/#primaryimage"},"image":{"@id":"https:\/\/movo-zaden.nl\/de\/produkt\/energi\/#primaryimage"},"thumbnailUrl":"https:\/\/movo-zaden.nl\/wp-content\/uploads\/2020\/03\/IMG___-scaled.jpg","datePublished":"2020-08-29T13:43:35+00:00","dateModified":"2020-08-30T09:13:39+00:00","breadcrumb":{"@id":"https:\/\/movo-zaden.nl\/de\/produkt\/energi\/#breadcrumb"},"inLanguage":"de","potentialAction":[{"@type":"ReadAction","target":["https:\/\/movo-zaden.nl\/de\/produkt\/energi\/"]}]},{"@type":"ImageObject","inLanguage":"de","@id":"https:\/\/movo-zaden.nl\/de\/produkt\/energi\/#primaryimage","url":"https:\/\/movo-zaden.nl\/wp-content\/uploads\/2020\/03\/IMG___-scaled.jpg","contentUrl":"https:\/\/movo-zaden.nl\/wp-content\/uploads\/2020\/03\/IMG___-scaled.jpg","width":2560,"height":1707},{"@type":"BreadcrumbList","@id":"https:\/\/movo-zaden.nl\/de\/produkt\/energi\/#breadcrumb","itemListElement":[{"@type":"ListItem","position":1,"name":"Home","item":"https:\/\/movo-zaden.nl\/de\/"},{"@type":"ListItem","position":2,"name":"Producten","item":"https:\/\/movo-zaden.nl\/be\/shop\/"},{"@type":"ListItem","position":3,"name":"Energi"}]},{"@type":"WebSite","@id":"https:\/\/movo-zaden.nl\/#website","url":"https:\/\/movo-zaden.nl\/","name":"MOVO-Zaden","description":"Groothandel en specialist in landbouwzaden","publisher":{"@id":"https:\/\/movo-zaden.nl\/#organization"},"potentialAction":[{"@type":"SearchAction","target":{"@type":"EntryPoint","urlTemplate":"https:\/\/movo-zaden.nl\/?s={search_term_string}"},"query-input":{"@type":"PropertyValueSpecification","valueRequired":true,"valueName":"search_term_string"}}],"inLanguage":"de"},{"@type":"Organization","@id":"https:\/\/movo-zaden.nl\/#organization","name":"MOVO-Zaden","url":"https:\/\/movo-zaden.nl\/","logo":{"@type":"ImageObject","inLanguage":"de","@id":"https:\/\/movo-zaden.nl\/#\/schema\/logo\/image\/","url":"https:\/\/movo-zaden.nl\/wp-content\/uploads\/2020\/02\/Logo-MOVO-zaden-groot.png","contentUrl":"https:\/\/movo-zaden.nl\/wp-content\/uploads\/2020\/02\/Logo-MOVO-zaden-groot.png","width":399,"height":148,"caption":"MOVO-Zaden"},"image":{"@id":"https:\/\/movo-zaden.nl\/#\/schema\/logo\/image\/"}}]}},"_links":{"self":[{"href":"https:\/\/movo-zaden.nl\/de\/wp-json\/wp\/v2\/product\/7926","targetHints":{"allow":["GET"]}}],"collection":[{"href":"https:\/\/movo-zaden.nl\/de\/wp-json\/wp\/v2\/product"}],"about":[{"href":"https:\/\/movo-zaden.nl\/de\/wp-json\/wp\/v2\/types\/product"}],"version-history":[{"count":0,"href":"https:\/\/movo-zaden.nl\/de\/wp-json\/wp\/v2\/product\/7926\/revisions"}],"wp:featuredmedia":[{"embeddable":true,"href":"https:\/\/movo-zaden.nl\/de\/wp-json\/wp\/v2\/media\/8871"}],"wp:attachment":[{"href":"https:\/\/movo-zaden.nl\/de\/wp-json\/wp\/v2\/media?parent=7926"}],"wp:term":[{"taxonomy":"product_brand","embeddable":true,"href":"https:\/\/movo-zaden.nl\/de\/wp-json\/wp\/v2\/product_brand?post=7926"},{"taxonomy":"product_cat","embeddable":true,"href":"https:\/\/movo-zaden.nl\/de\/wp-json\/wp\/v2\/product_cat?post=7926"},{"taxonomy":"product_tag","embeddable":true,"href":"https:\/\/movo-zaden.nl\/de\/wp-json\/wp\/v2\/product_tag?post=7926"}],"curies":[{"name":"wp","href":"https:\/\/api.w.org\/{rel}","templated":true}]}}