{"id":8000,"date":"2020-03-12T15:41:58","date_gmt":"2020-08-29T14:07:20","guid":{"rendered":"https:\/\/movo-zaden.nl\/product\/haarspielmischung\/"},"modified":"2023-08-28T10:44:35","modified_gmt":"2023-08-28T08:44:35","slug":"hahrwild-mischung","status":"publish","type":"product","link":"https:\/\/movo-zaden.nl\/de\/produkt\/hahrwild-mischung\/","title":{"rendered":"Hahrwild Mischung"},"content":{"rendered":"\t\t<div data-elementor-type=\"product-post\" data-elementor-id=\"8000\" class=\"elementor elementor-8000 elementor-6985\" data-elementor-post-type=\"product\">\n\t\t\t\t\t\t<section class=\"elementor-section elementor-top-section elementor-element elementor-element-81f0f46 elementor-section-boxed elementor-section-height-default elementor-section-height-default\" data-id=\"81f0f46\" data-element_type=\"section\" data-e-type=\"section\">\n\t\t\t\t\t\t<div class=\"elementor-container elementor-column-gap-default\">\n\t\t\t\t\t<div class=\"elementor-column elementor-col-100 elementor-top-column elementor-element elementor-element-0a7e5d2\" data-id=\"0a7e5d2\" data-element_type=\"column\" data-e-type=\"column\">\n\t\t\t<div class=\"elementor-widget-wrap elementor-element-populated\">\n\t\t\t\t\t\t<div class=\"elementor-element elementor-element-7da7336 elementor-align-left elementor-widget elementor-widget-global elementor-global-7649 elementor-widget-button\" data-id=\"7da7336\" data-element_type=\"widget\" data-e-type=\"widget\" data-widget_type=\"button.default\">\n\t\t\t\t<div class=\"elementor-widget-container\">\n\t\t\t\t\t\t\t\t\t<div class=\"elementor-button-wrapper\">\n\t\t\t\t\t<a class=\"elementor-button elementor-button-link elementor-size-sm\" href=\"https:\/\/movo-zaden.nl\/wp-content\/uploads\/2022\/02\/Biotoopmengsels-2022-digitaal-.pdf\" target=\"_blank\">\n\t\t\t\t\t\t<span class=\"elementor-button-content-wrapper\">\n\t\t\t\t\t\t<span class=\"elementor-button-icon\">\n\t\t\t\t<i aria-hidden=\"true\" class=\"far fa-file-pdf\"><\/i>\t\t\t<\/span>\n\t\t\t\t\t\t\t\t\t<span class=\"elementor-button-text\">Download productflyer<\/span>\n\t\t\t\t\t<\/span>\n\t\t\t\t\t<\/a>\n\t\t\t\t<\/div>\n\t\t\t\t\t\t\t\t<\/div>\n\t\t\t\t<\/div>\n\t\t\t\t<div class=\"elementor-element elementor-element-b5dcb47 elementor-widget elementor-widget-text-editor\" data-id=\"b5dcb47\" data-element_type=\"widget\" data-e-type=\"widget\" data-widget_type=\"text-editor.default\">\n\t\t\t\t<div class=\"elementor-widget-container\">\n\t\t\t\t\t\t\t\t\t<table style=\"height: 168px; width: 100%; border-collapse: collapse;\" cellspacing=\"5\" cellpadding=\"5\">\n<tbody>\n<tr style=\"height: 24px;\">\n<td style=\"width: 3.86122%; height: 24px; background-color: #008cba; color: #ffffff;\"><strong>Komposition:<\/strong><\/td>\n<td style=\"width: 3.86122%; background-color: #008cba; color: #ffffff;\"><strong> <\/strong><\/td>\n<\/tr>\n<tr style=\"height: 24px;\">\n<td style=\"width: 3.86122%; height: 24px; background-color: #ffffff;\">\n<p>Hafer<br \/>Blaue Lupine<br \/>Erbsen<br \/>Buchweizen<br \/>Saubohnen<br \/>Raps<br \/>Sonnenblumen<br \/>Raps<br \/>Rotklee<\/p>\n<\/td>\n<td style=\"width: 3.86122%; background-color: #ffffff;\">Persischer Klee<br \/>Phacelia<br \/>Alexandrischer Klee<br \/>Winterwicke<br \/>Serradella<br \/>Kohl f\u00fcttern<br \/>Malve<br \/>Futterkarotten<br \/>Mergkoo<\/p>\n<\/td>\n<\/tr>\n<\/tbody>\n<\/table>\n\t\t\t\t\t\t\t\t<\/div>\n\t\t\t\t<\/div>\n\t\t\t\t\t<\/div>\n\t\t<\/div>\n\t\t\t\t\t<\/div>\n\t\t<\/section>\n\t\t\t\t<\/div>\n\t\t","protected":false},"excerpt":{"rendered":"<p>Bietet auch im Winter ausgewogenes Essen.<\/p>\n<p>Diese abwechslungsreiche Mischung bietet ausgewogene Nahrung f\u00fcr das Spiel. Und aufgrund des hohen Anteils an winterharten Pflanzen versorgt diese Mischung die Tierwelt auch im Winter mit Nahrung und Deckung.<\/p>\n<p><strong>Aussaatberatung:<\/strong><br \/>\nGROSS WILD<\/p>\n<ul style=\"list-style-type: square;\">\n<li><strong>12-20 kg \/ ha *<\/strong><\/li>\n<li><strong>J\u00e4hrlich bis mehrj\u00e4hrig<\/strong><\/li>\n<li><strong>Aussaatzeit: Mai bis August<\/strong><\/li>\n<li><strong>Verpackt ab 2 kg<\/strong><\/li>\n<\/ul>\n<p>* Hinweis: Wenn die Aussaatfl\u00e4che weniger als einen Hektar betr\u00e4gt, stellen Sie sicher, dass die Aussaatdichte je nach Aussaatart erh\u00f6ht wird. Kontaktieren Sie uns f\u00fcr Ratschl\u00e4ge.<\/p>\n","protected":false},"featured_media":7346,"template":"","meta":{"content-type":"","_monsterinsights_skip_tracking":false,"_monsterinsights_sitenote_active":false,"_monsterinsights_sitenote_note":"","_monsterinsights_sitenote_category":0},"product_brand":[],"product_cat":[141],"product_tag":[167],"class_list":{"0":"post-8000","1":"product","2":"type-product","3":"status-publish","4":"has-post-thumbnail","6":"product_cat-biotop-mischungen","7":"product_tag-anpassung","8":"entry","9":"has-media","11":"first","12":"instock","13":"shipping-taxable","14":"purchasable","15":"product-type-simple"},"yoast_head":"<!-- This site is optimized with the Yoast SEO plugin v27.1.1 - https:\/\/yoast.com\/product\/yoast-seo-wordpress\/ -->\n<title>Hahrwild Mischung - MOVO-Zaden<\/title>\n<meta name=\"robots\" content=\"index, follow, max-snippet:-1, max-image-preview:large, max-video-preview:-1\" \/>\n<link rel=\"canonical\" href=\"https:\/\/movo-zaden.nl\/de\/product\/hahrwild-mischung\/\" \/>\n<meta property=\"og:locale\" content=\"de_DE\" \/>\n<meta property=\"og:type\" content=\"article\" \/>\n<meta property=\"og:title\" content=\"Hahrwild Mischung - MOVO-Zaden\" \/>\n<meta property=\"og:description\" content=\"Bietet auch im Winter ausgewogenes Essen.  Diese abwechslungsreiche Mischung bietet ausgewogene Nahrung f\u00fcr das Spiel. Und aufgrund des hohen Anteils an winterharten Pflanzen versorgt diese Mischung die Tierwelt auch im Winter mit Nahrung und Deckung.  Aussaatberatung: GROSS WILD   12-20 kg \/ ha *  J\u00e4hrlich bis mehrj\u00e4hrig  Aussaatzeit: Mai bis August  Verpackt ab 2 kg  * Hinweis: Wenn die Aussaatfl\u00e4che weniger als einen Hektar betr\u00e4gt, stellen Sie sicher, dass die Aussaatdichte je nach Aussaatart erh\u00f6ht wird. Kontaktieren Sie uns f\u00fcr Ratschl\u00e4ge.\" \/>\n<meta property=\"og:url\" content=\"https:\/\/movo-zaden.nl\/de\/product\/hahrwild-mischung\/\" \/>\n<meta property=\"og:site_name\" content=\"MOVO-Zaden\" \/>\n<meta property=\"article:modified_time\" content=\"2023-08-28T08:44:35+00:00\" \/>\n<meta name=\"twitter:card\" content=\"summary_large_image\" \/>\n<meta name=\"twitter:label1\" content=\"Gesch\u00e4tzte Lesezeit\" \/>\n\t<meta name=\"twitter:data1\" content=\"1\u00a0Minute\" \/>\n<script type=\"application\/ld+json\" class=\"yoast-schema-graph\">{\"@context\":\"https:\/\/schema.org\",\"@graph\":[{\"@type\":\"WebPage\",\"@id\":\"https:\/\/movo-zaden.nl\/de\/product\/hahrwild-mischung\/\",\"url\":\"https:\/\/movo-zaden.nl\/de\/product\/hahrwild-mischung\/\",\"name\":\"Hahrwild Mischung - MOVO-Zaden\",\"isPartOf\":{\"@id\":\"https:\/\/movo-zaden.nl\/#website\"},\"primaryImageOfPage\":{\"@id\":\"https:\/\/movo-zaden.nl\/de\/product\/hahrwild-mischung\/#primaryimage\"},\"image\":{\"@id\":\"https:\/\/movo-zaden.nl\/de\/product\/hahrwild-mischung\/#primaryimage\"},\"thumbnailUrl\":\"https:\/\/movo-zaden.nl\/wp-content\/uploads\/2020\/03\/Haarwild_Mengsel_Movo_Zaden.jpg\",\"datePublished\":\"2020-08-29T14:07:20+00:00\",\"dateModified\":\"2023-08-28T08:44:35+00:00\",\"breadcrumb\":{\"@id\":\"https:\/\/movo-zaden.nl\/de\/product\/hahrwild-mischung\/#breadcrumb\"},\"inLanguage\":\"de\",\"potentialAction\":[{\"@type\":\"ReadAction\",\"target\":[\"https:\/\/movo-zaden.nl\/de\/product\/hahrwild-mischung\/\"]}]},{\"@type\":\"ImageObject\",\"inLanguage\":\"de\",\"@id\":\"https:\/\/movo-zaden.nl\/de\/product\/hahrwild-mischung\/#primaryimage\",\"url\":\"https:\/\/movo-zaden.nl\/wp-content\/uploads\/2020\/03\/Haarwild_Mengsel_Movo_Zaden.jpg\",\"contentUrl\":\"https:\/\/movo-zaden.nl\/wp-content\/uploads\/2020\/03\/Haarwild_Mengsel_Movo_Zaden.jpg\",\"width\":1000,\"height\":700,\"caption\":\"Haarwild Mengsel MOVO Zaden\"},{\"@type\":\"BreadcrumbList\",\"@id\":\"https:\/\/movo-zaden.nl\/de\/product\/hahrwild-mischung\/#breadcrumb\",\"itemListElement\":[{\"@type\":\"ListItem\",\"position\":1,\"name\":\"Home\",\"item\":\"https:\/\/movo-zaden.nl\/de\/\"},{\"@type\":\"ListItem\",\"position\":2,\"name\":\"Producten\",\"item\":\"https:\/\/movo-zaden.nl\/be\/shop\/\"},{\"@type\":\"ListItem\",\"position\":3,\"name\":\"Hahrwild Mischung\"}]},{\"@type\":\"WebSite\",\"@id\":\"https:\/\/movo-zaden.nl\/#website\",\"url\":\"https:\/\/movo-zaden.nl\/\",\"name\":\"MOVO-Zaden\",\"description\":\"Groothandel en specialist in landbouwzaden\",\"publisher\":{\"@id\":\"https:\/\/movo-zaden.nl\/#organization\"},\"potentialAction\":[{\"@type\":\"SearchAction\",\"target\":{\"@type\":\"EntryPoint\",\"urlTemplate\":\"https:\/\/movo-zaden.nl\/?s={search_term_string}\"},\"query-input\":{\"@type\":\"PropertyValueSpecification\",\"valueRequired\":true,\"valueName\":\"search_term_string\"}}],\"inLanguage\":\"de\"},{\"@type\":\"Organization\",\"@id\":\"https:\/\/movo-zaden.nl\/#organization\",\"name\":\"MOVO-Zaden\",\"url\":\"https:\/\/movo-zaden.nl\/\",\"logo\":{\"@type\":\"ImageObject\",\"inLanguage\":\"de\",\"@id\":\"https:\/\/movo-zaden.nl\/#\/schema\/logo\/image\/\",\"url\":\"https:\/\/movo-zaden.nl\/wp-content\/uploads\/2020\/02\/Logo-MOVO-zaden-groot.png\",\"contentUrl\":\"https:\/\/movo-zaden.nl\/wp-content\/uploads\/2020\/02\/Logo-MOVO-zaden-groot.png\",\"width\":399,\"height\":148,\"caption\":\"MOVO-Zaden\"},\"image\":{\"@id\":\"https:\/\/movo-zaden.nl\/#\/schema\/logo\/image\/\"}}]}<\/script>\n<!-- \/ Yoast SEO plugin. -->","yoast_head_json":{"title":"Hahrwild Mischung - MOVO-Zaden","robots":{"index":"index","follow":"follow","max-snippet":"max-snippet:-1","max-image-preview":"max-image-preview:large","max-video-preview":"max-video-preview:-1"},"canonical":"https:\/\/movo-zaden.nl\/de\/product\/hahrwild-mischung\/","og_locale":"de_DE","og_type":"article","og_title":"Hahrwild Mischung - MOVO-Zaden","og_description":"Bietet auch im Winter ausgewogenes Essen.  Diese abwechslungsreiche Mischung bietet ausgewogene Nahrung f\u00fcr das Spiel. Und aufgrund des hohen Anteils an winterharten Pflanzen versorgt diese Mischung die Tierwelt auch im Winter mit Nahrung und Deckung.  Aussaatberatung: GROSS WILD   12-20 kg \/ ha *  J\u00e4hrlich bis mehrj\u00e4hrig  Aussaatzeit: Mai bis August  Verpackt ab 2 kg  * Hinweis: Wenn die Aussaatfl\u00e4che weniger als einen Hektar betr\u00e4gt, stellen Sie sicher, dass die Aussaatdichte je nach Aussaatart erh\u00f6ht wird. Kontaktieren Sie uns f\u00fcr Ratschl\u00e4ge.","og_url":"https:\/\/movo-zaden.nl\/de\/product\/hahrwild-mischung\/","og_site_name":"MOVO-Zaden","article_modified_time":"2023-08-28T08:44:35+00:00","twitter_card":"summary_large_image","twitter_misc":{"Gesch\u00e4tzte Lesezeit":"1\u00a0Minute"},"schema":{"@context":"https:\/\/schema.org","@graph":[{"@type":"WebPage","@id":"https:\/\/movo-zaden.nl\/de\/product\/hahrwild-mischung\/","url":"https:\/\/movo-zaden.nl\/de\/product\/hahrwild-mischung\/","name":"Hahrwild Mischung - MOVO-Zaden","isPartOf":{"@id":"https:\/\/movo-zaden.nl\/#website"},"primaryImageOfPage":{"@id":"https:\/\/movo-zaden.nl\/de\/product\/hahrwild-mischung\/#primaryimage"},"image":{"@id":"https:\/\/movo-zaden.nl\/de\/product\/hahrwild-mischung\/#primaryimage"},"thumbnailUrl":"https:\/\/movo-zaden.nl\/wp-content\/uploads\/2020\/03\/Haarwild_Mengsel_Movo_Zaden.jpg","datePublished":"2020-08-29T14:07:20+00:00","dateModified":"2023-08-28T08:44:35+00:00","breadcrumb":{"@id":"https:\/\/movo-zaden.nl\/de\/product\/hahrwild-mischung\/#breadcrumb"},"inLanguage":"de","potentialAction":[{"@type":"ReadAction","target":["https:\/\/movo-zaden.nl\/de\/product\/hahrwild-mischung\/"]}]},{"@type":"ImageObject","inLanguage":"de","@id":"https:\/\/movo-zaden.nl\/de\/product\/hahrwild-mischung\/#primaryimage","url":"https:\/\/movo-zaden.nl\/wp-content\/uploads\/2020\/03\/Haarwild_Mengsel_Movo_Zaden.jpg","contentUrl":"https:\/\/movo-zaden.nl\/wp-content\/uploads\/2020\/03\/Haarwild_Mengsel_Movo_Zaden.jpg","width":1000,"height":700,"caption":"Haarwild Mengsel MOVO Zaden"},{"@type":"BreadcrumbList","@id":"https:\/\/movo-zaden.nl\/de\/product\/hahrwild-mischung\/#breadcrumb","itemListElement":[{"@type":"ListItem","position":1,"name":"Home","item":"https:\/\/movo-zaden.nl\/de\/"},{"@type":"ListItem","position":2,"name":"Producten","item":"https:\/\/movo-zaden.nl\/be\/shop\/"},{"@type":"ListItem","position":3,"name":"Hahrwild Mischung"}]},{"@type":"WebSite","@id":"https:\/\/movo-zaden.nl\/#website","url":"https:\/\/movo-zaden.nl\/","name":"MOVO-Zaden","description":"Groothandel en specialist in landbouwzaden","publisher":{"@id":"https:\/\/movo-zaden.nl\/#organization"},"potentialAction":[{"@type":"SearchAction","target":{"@type":"EntryPoint","urlTemplate":"https:\/\/movo-zaden.nl\/?s={search_term_string}"},"query-input":{"@type":"PropertyValueSpecification","valueRequired":true,"valueName":"search_term_string"}}],"inLanguage":"de"},{"@type":"Organization","@id":"https:\/\/movo-zaden.nl\/#organization","name":"MOVO-Zaden","url":"https:\/\/movo-zaden.nl\/","logo":{"@type":"ImageObject","inLanguage":"de","@id":"https:\/\/movo-zaden.nl\/#\/schema\/logo\/image\/","url":"https:\/\/movo-zaden.nl\/wp-content\/uploads\/2020\/02\/Logo-MOVO-zaden-groot.png","contentUrl":"https:\/\/movo-zaden.nl\/wp-content\/uploads\/2020\/02\/Logo-MOVO-zaden-groot.png","width":399,"height":148,"caption":"MOVO-Zaden"},"image":{"@id":"https:\/\/movo-zaden.nl\/#\/schema\/logo\/image\/"}}]}},"_links":{"self":[{"href":"https:\/\/movo-zaden.nl\/de\/wp-json\/wp\/v2\/product\/8000","targetHints":{"allow":["GET"]}}],"collection":[{"href":"https:\/\/movo-zaden.nl\/de\/wp-json\/wp\/v2\/product"}],"about":[{"href":"https:\/\/movo-zaden.nl\/de\/wp-json\/wp\/v2\/types\/product"}],"version-history":[{"count":1,"href":"https:\/\/movo-zaden.nl\/de\/wp-json\/wp\/v2\/product\/8000\/revisions"}],"predecessor-version":[{"id":9677,"href":"https:\/\/movo-zaden.nl\/de\/wp-json\/wp\/v2\/product\/8000\/revisions\/9677"}],"wp:featuredmedia":[{"embeddable":true,"href":"https:\/\/movo-zaden.nl\/de\/wp-json\/wp\/v2\/media\/7346"}],"wp:attachment":[{"href":"https:\/\/movo-zaden.nl\/de\/wp-json\/wp\/v2\/media?parent=8000"}],"wp:term":[{"taxonomy":"product_brand","embeddable":true,"href":"https:\/\/movo-zaden.nl\/de\/wp-json\/wp\/v2\/product_brand?post=8000"},{"taxonomy":"product_cat","embeddable":true,"href":"https:\/\/movo-zaden.nl\/de\/wp-json\/wp\/v2\/product_cat?post=8000"},{"taxonomy":"product_tag","embeddable":true,"href":"https:\/\/movo-zaden.nl\/de\/wp-json\/wp\/v2\/product_tag?post=8000"}],"curies":[{"name":"wp","href":"https:\/\/api.w.org\/{rel}","templated":true}]}}