{"id":8014,"date":"2020-03-12T15:25:37","date_gmt":"2020-08-29T14:07:35","guid":{"rendered":"https:\/\/movo-zaden.nl\/product\/bunte-bienenmischung\/"},"modified":"2020-08-30T12:20:58","modified_gmt":"2020-08-30T10:20:58","slug":"bunte-bienenmischung","status":"publish","type":"product","link":"https:\/\/movo-zaden.nl\/de\/produkt\/bunte-bienenmischung\/","title":{"rendered":"Bunte Bienenmischung"},"content":{"rendered":"\t\t<div data-elementor-type=\"product-post\" data-elementor-id=\"8014\" class=\"elementor elementor-8014 elementor-6973\" data-elementor-post-type=\"product\">\n\t\t\t\t\t\t<section class=\"elementor-section elementor-top-section elementor-element elementor-element-67ca404 elementor-section-boxed elementor-section-height-default elementor-section-height-default\" data-id=\"67ca404\" data-element_type=\"section\" data-e-type=\"section\">\n\t\t\t\t\t\t<div class=\"elementor-container elementor-column-gap-default\">\n\t\t\t\t\t<div class=\"elementor-column elementor-col-100 elementor-top-column elementor-element elementor-element-0b06a96\" data-id=\"0b06a96\" data-element_type=\"column\" data-e-type=\"column\">\n\t\t\t<div class=\"elementor-widget-wrap elementor-element-populated\">\n\t\t\t\t\t\t<div class=\"elementor-element elementor-element-f85c59c elementor-align-left elementor-widget elementor-widget-global elementor-global-7649 elementor-widget-button\" data-id=\"f85c59c\" data-element_type=\"widget\" data-e-type=\"widget\" data-widget_type=\"button.default\">\n\t\t\t\t<div class=\"elementor-widget-container\">\n\t\t\t\t\t\t\t\t\t<div class=\"elementor-button-wrapper\">\n\t\t\t\t\t<a class=\"elementor-button elementor-button-link elementor-size-sm\" href=\"https:\/\/movo-zaden.nl\/wp-content\/uploads\/2022\/02\/Biotoopmengsels-2022-digitaal-.pdf\" target=\"_blank\">\n\t\t\t\t\t\t<span class=\"elementor-button-content-wrapper\">\n\t\t\t\t\t\t<span class=\"elementor-button-icon\">\n\t\t\t\t<i aria-hidden=\"true\" class=\"far fa-file-pdf\"><\/i>\t\t\t<\/span>\n\t\t\t\t\t\t\t\t\t<span class=\"elementor-button-text\">Download productflyer<\/span>\n\t\t\t\t\t<\/span>\n\t\t\t\t\t<\/a>\n\t\t\t\t<\/div>\n\t\t\t\t\t\t\t\t<\/div>\n\t\t\t\t<\/div>\n\t\t\t\t<div class=\"elementor-element elementor-element-41f5e65 elementor-widget elementor-widget-text-editor\" data-id=\"41f5e65\" data-element_type=\"widget\" data-e-type=\"widget\" data-widget_type=\"text-editor.default\">\n\t\t\t\t<div class=\"elementor-widget-container\">\n\t\t\t\t\t\t\t\t\t<table style=\"height: 168px; width: 94.6667%; border-collapse: collapse;\" cellspacing=\"5\" cellpadding=\"5\">\n<tbody>\n<tr style=\"height: 24px;\">\n<td style=\"width: 3.86122%; height: 24px; background-color: #008cba; color: #ffffff;\"><strong>Komposition:<\/strong><\/td>\n<td style=\"width: 1.93061%; background-color: #008cba; color: #ffffff;\"><strong> <\/strong><\/td>\n<\/tr>\n<tr style=\"height: 24px;\">\n<td style=\"width: 3.86122%; height: 24px; background-color: #ffffff;\">\n<p>Dill<br \/>Borretsch<br \/>Carthamus<br \/>Koriander<br \/>Buchweizen<br \/>Sonnenblume<br \/>Lupine<br \/>Serradelle<br \/>Phacelia<br \/>Futterrettich<br \/>Alexandrischer Klee<br \/>Inkarnierter Klee<br \/>Wei\u00dfklee<br \/>Persischer Klee<br \/>Schafgarbe<br \/>Gelbe Kamille<br \/>K\u00fcmmel<br \/>Kn\u00f6terich<br \/>Wilder Chicor\u00e9e<br \/>Gro\u00dfer Streifensamen<br \/>Wilde Karotte<br \/>Gro\u00dfe Karde<br \/>Echium<\/p>\n<\/td>\n<td style=\"width: 1.93061%; background-color: #ffffff;\">\n<p>Vengel<br \/>Margriet<br \/>Rollklee<br \/>Kuckucksblume<br \/>Alfalfa<br \/>Zitronengelber Honigklee<br \/>Nachtkerze<br \/>Esparcette<br \/>Schmale Wegerich<br \/>Gew\u00f6hnlicher Brunel<br \/>Wiesen Salbei<br \/>Kleines Burnet <br \/>Blasensilene<br \/>Rainfarn<br \/>Kleeblatt<br \/>Wei\u00dfklee<br \/>Schwarze Fackel<\/p>\n<\/td>\n<\/tr>\n<\/tbody>\n<\/table>\n\t\t\t\t\t\t\t\t<\/div>\n\t\t\t\t<\/div>\n\t\t\t\t\t<\/div>\n\t\t<\/div>\n\t\t\t\t\t<\/div>\n\t\t<\/section>\n\t\t\t\t<\/div>\n\t\t","protected":false},"excerpt":{"rendered":"<p>Ideal f\u00fcr den kleinen Verbraucher!<\/p>\n<p>&#8218;Bunte Bienenmischung&#8216; ist eine abwechslungsreiche Mischung aus verschiedenen Blumen und Kr\u00e4utern.<br \/>\nSehr attraktiv f\u00fcr Bienen, Schmetterlinge und andere Insekten. Die verschiedenen sch\u00f6nen Bl\u00fcten ziehen nicht nur viele Insekten an, sondern sorgen auch f\u00fcr ein sehr sch\u00f6nes Aussehen. Aufgrund seiner einzigartigen Verpackung ist &#8218;Colourful Bee Mix&#8216; sehr gut f\u00fcr kleine Verbraucher geeignet!<\/p>\n<p><strong>Aussaatberatung:<\/strong><br \/>\nPelzbienenmischung<\/p>\n<ul style=\"list-style-type: square;\">\n<li><strong>1 Box = 300 Gramm<\/strong><\/li>\n<li><strong>F\u00fcr 50-100m2<\/strong><\/li>\n<li><strong>Aussaatzeit: April bis August<\/strong><\/li>\n<li><strong>Staude<\/strong><\/li>\n<\/ul>\n","protected":false},"featured_media":7353,"template":"","meta":{"content-type":"","_monsterinsights_skip_tracking":false,"_monsterinsights_sitenote_active":false,"_monsterinsights_sitenote_note":"","_monsterinsights_sitenote_category":0},"product_brand":[],"product_cat":[141],"product_tag":[167],"class_list":{"0":"post-8014","1":"product","2":"type-product","3":"status-publish","4":"has-post-thumbnail","6":"product_cat-biotop-mischungen","7":"product_tag-anpassung","8":"entry","9":"has-media","11":"first","12":"instock","13":"shipping-taxable","14":"purchasable","15":"product-type-simple"},"yoast_head":"<!-- This site is optimized with the Yoast SEO plugin v27.1.1 - https:\/\/yoast.com\/product\/yoast-seo-wordpress\/ -->\n<title>Bunte Bienenmischung - MOVO-Zaden<\/title>\n<meta name=\"robots\" content=\"index, follow, max-snippet:-1, max-image-preview:large, max-video-preview:-1\" \/>\n<link rel=\"canonical\" href=\"https:\/\/movo-zaden.nl\/de\/product\/bunte-bienenmischung\/\" \/>\n<meta property=\"og:locale\" content=\"de_DE\" \/>\n<meta property=\"og:type\" content=\"article\" \/>\n<meta property=\"og:title\" content=\"Bunte Bienenmischung - MOVO-Zaden\" \/>\n<meta property=\"og:description\" content=\"Ideal f\u00fcr den kleinen Verbraucher!  &#039;Bunte Bienenmischung&#039; ist eine abwechslungsreiche Mischung aus verschiedenen Blumen und Kr\u00e4utern. Sehr attraktiv f\u00fcr Bienen, Schmetterlinge und andere Insekten. Die verschiedenen sch\u00f6nen Bl\u00fcten ziehen nicht nur viele Insekten an, sondern sorgen auch f\u00fcr ein sehr sch\u00f6nes Aussehen. Aufgrund seiner einzigartigen Verpackung ist &#039;Colourful Bee Mix&#039; sehr gut f\u00fcr kleine Verbraucher geeignet!  Aussaatberatung: Pelzbienenmischung   1 Box = 300 Gramm  F\u00fcr 50-100m2  Aussaatzeit: April bis August  Staude\" \/>\n<meta property=\"og:url\" content=\"https:\/\/movo-zaden.nl\/de\/product\/bunte-bienenmischung\/\" \/>\n<meta property=\"og:site_name\" content=\"MOVO-Zaden\" \/>\n<meta property=\"article:modified_time\" content=\"2020-08-30T10:20:58+00:00\" \/>\n<meta property=\"og:image\" content=\"https:\/\/movo-zaden.nl\/wp-content\/uploads\/2020\/03\/MOVO-Biotoopmengsels_Bond_Bijen_Mengsel.jpg\" \/>\n\t<meta property=\"og:image:width\" content=\"1000\" \/>\n\t<meta property=\"og:image:height\" content=\"700\" \/>\n\t<meta property=\"og:image:type\" content=\"image\/jpeg\" \/>\n<meta name=\"twitter:card\" content=\"summary_large_image\" \/>\n<script type=\"application\/ld+json\" class=\"yoast-schema-graph\">{\"@context\":\"https:\/\/schema.org\",\"@graph\":[{\"@type\":\"WebPage\",\"@id\":\"https:\/\/movo-zaden.nl\/de\/product\/bunte-bienenmischung\/\",\"url\":\"https:\/\/movo-zaden.nl\/de\/product\/bunte-bienenmischung\/\",\"name\":\"Bunte Bienenmischung - MOVO-Zaden\",\"isPartOf\":{\"@id\":\"https:\/\/movo-zaden.nl\/#website\"},\"primaryImageOfPage\":{\"@id\":\"https:\/\/movo-zaden.nl\/de\/product\/bunte-bienenmischung\/#primaryimage\"},\"image\":{\"@id\":\"https:\/\/movo-zaden.nl\/de\/product\/bunte-bienenmischung\/#primaryimage\"},\"thumbnailUrl\":\"https:\/\/movo-zaden.nl\/wp-content\/uploads\/2020\/03\/MOVO-Biotoopmengsels_Bond_Bijen_Mengsel.jpg\",\"datePublished\":\"2020-08-29T14:07:35+00:00\",\"dateModified\":\"2020-08-30T10:20:58+00:00\",\"breadcrumb\":{\"@id\":\"https:\/\/movo-zaden.nl\/de\/product\/bunte-bienenmischung\/#breadcrumb\"},\"inLanguage\":\"de\",\"potentialAction\":[{\"@type\":\"ReadAction\",\"target\":[\"https:\/\/movo-zaden.nl\/de\/product\/bunte-bienenmischung\/\"]}]},{\"@type\":\"ImageObject\",\"inLanguage\":\"de\",\"@id\":\"https:\/\/movo-zaden.nl\/de\/product\/bunte-bienenmischung\/#primaryimage\",\"url\":\"https:\/\/movo-zaden.nl\/wp-content\/uploads\/2020\/03\/MOVO-Biotoopmengsels_Bond_Bijen_Mengsel.jpg\",\"contentUrl\":\"https:\/\/movo-zaden.nl\/wp-content\/uploads\/2020\/03\/MOVO-Biotoopmengsels_Bond_Bijen_Mengsel.jpg\",\"width\":1000,\"height\":700,\"caption\":\"Biotoopmengsels Bond Bijen Mengel - Movo Zaden\"},{\"@type\":\"BreadcrumbList\",\"@id\":\"https:\/\/movo-zaden.nl\/de\/product\/bunte-bienenmischung\/#breadcrumb\",\"itemListElement\":[{\"@type\":\"ListItem\",\"position\":1,\"name\":\"Home\",\"item\":\"https:\/\/movo-zaden.nl\/de\/\"},{\"@type\":\"ListItem\",\"position\":2,\"name\":\"Producten\",\"item\":\"https:\/\/movo-zaden.nl\/be\/shop\/\"},{\"@type\":\"ListItem\",\"position\":3,\"name\":\"Bunte Bienenmischung\"}]},{\"@type\":\"WebSite\",\"@id\":\"https:\/\/movo-zaden.nl\/#website\",\"url\":\"https:\/\/movo-zaden.nl\/\",\"name\":\"MOVO-Zaden\",\"description\":\"Groothandel en specialist in landbouwzaden\",\"publisher\":{\"@id\":\"https:\/\/movo-zaden.nl\/#organization\"},\"potentialAction\":[{\"@type\":\"SearchAction\",\"target\":{\"@type\":\"EntryPoint\",\"urlTemplate\":\"https:\/\/movo-zaden.nl\/?s={search_term_string}\"},\"query-input\":{\"@type\":\"PropertyValueSpecification\",\"valueRequired\":true,\"valueName\":\"search_term_string\"}}],\"inLanguage\":\"de\"},{\"@type\":\"Organization\",\"@id\":\"https:\/\/movo-zaden.nl\/#organization\",\"name\":\"MOVO-Zaden\",\"url\":\"https:\/\/movo-zaden.nl\/\",\"logo\":{\"@type\":\"ImageObject\",\"inLanguage\":\"de\",\"@id\":\"https:\/\/movo-zaden.nl\/#\/schema\/logo\/image\/\",\"url\":\"https:\/\/movo-zaden.nl\/wp-content\/uploads\/2020\/02\/Logo-MOVO-zaden-groot.png\",\"contentUrl\":\"https:\/\/movo-zaden.nl\/wp-content\/uploads\/2020\/02\/Logo-MOVO-zaden-groot.png\",\"width\":399,\"height\":148,\"caption\":\"MOVO-Zaden\"},\"image\":{\"@id\":\"https:\/\/movo-zaden.nl\/#\/schema\/logo\/image\/\"}}]}<\/script>\n<!-- \/ Yoast SEO plugin. -->","yoast_head_json":{"title":"Bunte Bienenmischung - MOVO-Zaden","robots":{"index":"index","follow":"follow","max-snippet":"max-snippet:-1","max-image-preview":"max-image-preview:large","max-video-preview":"max-video-preview:-1"},"canonical":"https:\/\/movo-zaden.nl\/de\/product\/bunte-bienenmischung\/","og_locale":"de_DE","og_type":"article","og_title":"Bunte Bienenmischung - MOVO-Zaden","og_description":"Ideal f\u00fcr den kleinen Verbraucher!  'Bunte Bienenmischung' ist eine abwechslungsreiche Mischung aus verschiedenen Blumen und Kr\u00e4utern. Sehr attraktiv f\u00fcr Bienen, Schmetterlinge und andere Insekten. Die verschiedenen sch\u00f6nen Bl\u00fcten ziehen nicht nur viele Insekten an, sondern sorgen auch f\u00fcr ein sehr sch\u00f6nes Aussehen. Aufgrund seiner einzigartigen Verpackung ist 'Colourful Bee Mix' sehr gut f\u00fcr kleine Verbraucher geeignet!  Aussaatberatung: Pelzbienenmischung   1 Box = 300 Gramm  F\u00fcr 50-100m2  Aussaatzeit: April bis August  Staude","og_url":"https:\/\/movo-zaden.nl\/de\/product\/bunte-bienenmischung\/","og_site_name":"MOVO-Zaden","article_modified_time":"2020-08-30T10:20:58+00:00","og_image":[{"width":1000,"height":700,"url":"https:\/\/movo-zaden.nl\/wp-content\/uploads\/2020\/03\/MOVO-Biotoopmengsels_Bond_Bijen_Mengsel.jpg","type":"image\/jpeg"}],"twitter_card":"summary_large_image","schema":{"@context":"https:\/\/schema.org","@graph":[{"@type":"WebPage","@id":"https:\/\/movo-zaden.nl\/de\/product\/bunte-bienenmischung\/","url":"https:\/\/movo-zaden.nl\/de\/product\/bunte-bienenmischung\/","name":"Bunte Bienenmischung - MOVO-Zaden","isPartOf":{"@id":"https:\/\/movo-zaden.nl\/#website"},"primaryImageOfPage":{"@id":"https:\/\/movo-zaden.nl\/de\/product\/bunte-bienenmischung\/#primaryimage"},"image":{"@id":"https:\/\/movo-zaden.nl\/de\/product\/bunte-bienenmischung\/#primaryimage"},"thumbnailUrl":"https:\/\/movo-zaden.nl\/wp-content\/uploads\/2020\/03\/MOVO-Biotoopmengsels_Bond_Bijen_Mengsel.jpg","datePublished":"2020-08-29T14:07:35+00:00","dateModified":"2020-08-30T10:20:58+00:00","breadcrumb":{"@id":"https:\/\/movo-zaden.nl\/de\/product\/bunte-bienenmischung\/#breadcrumb"},"inLanguage":"de","potentialAction":[{"@type":"ReadAction","target":["https:\/\/movo-zaden.nl\/de\/product\/bunte-bienenmischung\/"]}]},{"@type":"ImageObject","inLanguage":"de","@id":"https:\/\/movo-zaden.nl\/de\/product\/bunte-bienenmischung\/#primaryimage","url":"https:\/\/movo-zaden.nl\/wp-content\/uploads\/2020\/03\/MOVO-Biotoopmengsels_Bond_Bijen_Mengsel.jpg","contentUrl":"https:\/\/movo-zaden.nl\/wp-content\/uploads\/2020\/03\/MOVO-Biotoopmengsels_Bond_Bijen_Mengsel.jpg","width":1000,"height":700,"caption":"Biotoopmengsels Bond Bijen Mengel - Movo Zaden"},{"@type":"BreadcrumbList","@id":"https:\/\/movo-zaden.nl\/de\/product\/bunte-bienenmischung\/#breadcrumb","itemListElement":[{"@type":"ListItem","position":1,"name":"Home","item":"https:\/\/movo-zaden.nl\/de\/"},{"@type":"ListItem","position":2,"name":"Producten","item":"https:\/\/movo-zaden.nl\/be\/shop\/"},{"@type":"ListItem","position":3,"name":"Bunte Bienenmischung"}]},{"@type":"WebSite","@id":"https:\/\/movo-zaden.nl\/#website","url":"https:\/\/movo-zaden.nl\/","name":"MOVO-Zaden","description":"Groothandel en specialist in landbouwzaden","publisher":{"@id":"https:\/\/movo-zaden.nl\/#organization"},"potentialAction":[{"@type":"SearchAction","target":{"@type":"EntryPoint","urlTemplate":"https:\/\/movo-zaden.nl\/?s={search_term_string}"},"query-input":{"@type":"PropertyValueSpecification","valueRequired":true,"valueName":"search_term_string"}}],"inLanguage":"de"},{"@type":"Organization","@id":"https:\/\/movo-zaden.nl\/#organization","name":"MOVO-Zaden","url":"https:\/\/movo-zaden.nl\/","logo":{"@type":"ImageObject","inLanguage":"de","@id":"https:\/\/movo-zaden.nl\/#\/schema\/logo\/image\/","url":"https:\/\/movo-zaden.nl\/wp-content\/uploads\/2020\/02\/Logo-MOVO-zaden-groot.png","contentUrl":"https:\/\/movo-zaden.nl\/wp-content\/uploads\/2020\/02\/Logo-MOVO-zaden-groot.png","width":399,"height":148,"caption":"MOVO-Zaden"},"image":{"@id":"https:\/\/movo-zaden.nl\/#\/schema\/logo\/image\/"}}]}},"_links":{"self":[{"href":"https:\/\/movo-zaden.nl\/de\/wp-json\/wp\/v2\/product\/8014","targetHints":{"allow":["GET"]}}],"collection":[{"href":"https:\/\/movo-zaden.nl\/de\/wp-json\/wp\/v2\/product"}],"about":[{"href":"https:\/\/movo-zaden.nl\/de\/wp-json\/wp\/v2\/types\/product"}],"version-history":[{"count":0,"href":"https:\/\/movo-zaden.nl\/de\/wp-json\/wp\/v2\/product\/8014\/revisions"}],"wp:featuredmedia":[{"embeddable":true,"href":"https:\/\/movo-zaden.nl\/de\/wp-json\/wp\/v2\/media\/7353"}],"wp:attachment":[{"href":"https:\/\/movo-zaden.nl\/de\/wp-json\/wp\/v2\/media?parent=8014"}],"wp:term":[{"taxonomy":"product_brand","embeddable":true,"href":"https:\/\/movo-zaden.nl\/de\/wp-json\/wp\/v2\/product_brand?post=8014"},{"taxonomy":"product_cat","embeddable":true,"href":"https:\/\/movo-zaden.nl\/de\/wp-json\/wp\/v2\/product_cat?post=8014"},{"taxonomy":"product_tag","embeddable":true,"href":"https:\/\/movo-zaden.nl\/de\/wp-json\/wp\/v2\/product_tag?post=8014"}],"curies":[{"name":"wp","href":"https:\/\/api.w.org\/{rel}","templated":true}]}}