{"id":8024,"date":"2020-03-12T14:54:24","date_gmt":"2020-08-29T14:11:31","guid":{"rendered":"https:\/\/movo-zaden.nl\/product\/roggen-extra\/"},"modified":"2020-08-30T11:59:55","modified_gmt":"2020-08-30T09:59:55","slug":"roggextra","status":"publish","type":"product","link":"https:\/\/movo-zaden.nl\/de\/produkt\/roggextra\/","title":{"rendered":"RoggExtra"},"content":{"rendered":"\t\t<div data-elementor-type=\"product-post\" data-elementor-id=\"8024\" class=\"elementor elementor-8024 elementor-6958\" data-elementor-post-type=\"product\">\n\t\t\t\t\t\t<section class=\"elementor-section elementor-top-section elementor-element elementor-element-b1dedce elementor-section-boxed elementor-section-height-default elementor-section-height-default\" data-id=\"b1dedce\" data-element_type=\"section\" data-e-type=\"section\">\n\t\t\t\t\t\t<div class=\"elementor-container elementor-column-gap-default\">\n\t\t\t\t\t<div class=\"elementor-column elementor-col-100 elementor-top-column elementor-element elementor-element-b703195\" data-id=\"b703195\" data-element_type=\"column\" data-e-type=\"column\">\n\t\t\t<div class=\"elementor-widget-wrap elementor-element-populated\">\n\t\t\t\t\t\t<div class=\"elementor-element elementor-element-dc94c1b elementor-widget elementor-widget-html\" data-id=\"dc94c1b\" data-element_type=\"widget\" data-e-type=\"widget\" data-widget_type=\"html.default\">\n\t\t\t\t<div class=\"elementor-widget-container\">\n\t\t\t\t\t<table style=\"height: 168px; width: 0%; border-collapse: collapse;\" cellspacing=\"5\" cellpadding=\"5\">\n<tbody>\n<tr style=\"height: 24px;\">\n<td style=\"width: 1.73611%; height: 24px; background-color: #008cba; color: #fff;\"><strong>Komposition:<\/strong><strong>\n<\/strong><\/td>\n<\/tr>\n<tr style=\"height: 24px;\">\n<td style=\"width: 1.73611%; height: 24px;\">Blattroggen<\/td>\n<\/tr>\n<tr style=\"height: 24px;\">\n<td style=\"width: 1.73611%; height: 24px;\">Italienisches Weidelgras<\/td>\n<\/tr>\n<tr style=\"height: 24px;\">\n<td style=\"width: 1.73611%; height: 24px;\">Wicke<\/td>\n<\/tr>\n<\/tbody>\n<\/table>\t\t\t\t<\/div>\n\t\t\t\t<\/div>\n\t\t\t\t\t<\/div>\n\t\t<\/div>\n\t\t\t\t\t<\/div>\n\t\t<\/section>\n\t\t\t\t<\/div>\n\t\t","protected":false},"excerpt":{"rendered":"<p>RoggExtra ist eine ausgewogene Mischung, die speziell als \u00fcberwinternde Zwischenfrucht (oder Begr\u00fcnung) entwickelt wurde. Kann aber auch als Futterpflanze verwendet werden. Mit RoggExtra profitieren Sie zus\u00e4tzlich von den Vorteilen von 3 verschiedenen Kulturen durch:<\/p>\n<p>1. Organische Materie<br \/>\n\u2022 Maximale Ausbeute<br \/>\n(sowohl \u00fcber als auch unter der Erde)<br \/>\n\u2022 Extra schnelle Entwicklung<br \/>\n\u2022 Riesiges Wurzelsystem<\/p>\n<p>2. Ernte fangen (N)<br \/>\n\u2022 Fixieren Sie den maximalen Stickstoff<br \/>\n\u2022 Minimale Auswaschung<br \/>\n\u2022 Allm\u00e4hlicher Abbau im Fr\u00fchjahr<br \/>\n\u2022 Frostbest\u00e4ndig<\/p>\n<p>3. Boden<br \/>\n\u2022 Verbessert und \u201ebehebt\u201c<br \/>\nBodenstruktur<br \/>\n\u2022 Stimuliert das Bodenleben<br \/>\n\u2022 Bildet zus\u00e4tzlichen Humus<br \/>\n\u2022 Verbessert die Tragf\u00e4higkeit<\/p>\n<p>RoggExtra eignet sich auch hervorragend als Futterpflanze.<br \/>\n\u2022 Als Fr\u00fchschnitt zu ernten<br \/>\n\u2022 Als GPS<br \/>\n\u2022 Mehrfachschnitte m\u00f6glich<\/p>\n<p><strong> Aussaatberatung: <\/strong> 50 kg \/ ha (Zwischenfrucht)<br \/>\n90 kg \/ ha (M\u00e4hen)<\/p>\n","protected":false},"featured_media":6959,"template":"","meta":{"content-type":"","_monsterinsights_skip_tracking":false,"_monsterinsights_sitenote_active":false,"_monsterinsights_sitenote_note":"","_monsterinsights_sitenote_category":0},"product_brand":[],"product_cat":[143],"product_tag":[167],"class_list":{"0":"post-8024","1":"product","2":"type-product","3":"status-publish","4":"has-post-thumbnail","6":"product_cat-gruenduengung","7":"product_tag-anpassung","8":"entry","9":"has-media","11":"first","12":"instock","13":"shipping-taxable","14":"purchasable","15":"product-type-simple"},"yoast_head":"<!-- This site is optimized with the Yoast SEO plugin v27.1.1 - https:\/\/yoast.com\/product\/yoast-seo-wordpress\/ -->\n<title>RoggExtra - MOVO-Zaden<\/title>\n<meta name=\"robots\" content=\"index, follow, max-snippet:-1, max-image-preview:large, max-video-preview:-1\" \/>\n<link rel=\"canonical\" href=\"https:\/\/movo-zaden.nl\/de\/produkt\/roggextra\/\" \/>\n<meta property=\"og:locale\" content=\"de_DE\" \/>\n<meta property=\"og:type\" content=\"article\" \/>\n<meta property=\"og:title\" content=\"RoggExtra - MOVO-Zaden\" \/>\n<meta property=\"og:description\" content=\"RoggExtra ist eine ausgewogene Mischung, die speziell als \u00fcberwinternde Zwischenfrucht (oder Begr\u00fcnung) entwickelt wurde. Kann aber auch als Futterpflanze verwendet werden. Mit RoggExtra profitieren Sie zus\u00e4tzlich von den Vorteilen von 3 verschiedenen Kulturen durch:  1. Organische Materie \u2022 Maximale Ausbeute (sowohl \u00fcber als auch unter der Erde) \u2022 Extra schnelle Entwicklung \u2022 Riesiges Wurzelsystem  2. Ernte fangen (N) \u2022 Fixieren Sie den maximalen Stickstoff \u2022 Minimale Auswaschung \u2022 Allm\u00e4hlicher Abbau im Fr\u00fchjahr \u2022 Frostbest\u00e4ndig  3. Boden \u2022 Verbessert und \u201ebehebt\u201c Bodenstruktur \u2022 Stimuliert das Bodenleben \u2022 Bildet zus\u00e4tzlichen Humus \u2022 Verbessert die Tragf\u00e4higkeit  RoggExtra eignet sich auch hervorragend als Futterpflanze. \u2022 Als Fr\u00fchschnitt zu ernten \u2022 Als GPS \u2022 Mehrfachschnitte m\u00f6glich   Aussaatberatung: 50 kg \/ ha (Zwischenfrucht) 90 kg \/ ha (M\u00e4hen)\" \/>\n<meta property=\"og:url\" content=\"https:\/\/movo-zaden.nl\/de\/produkt\/roggextra\/\" \/>\n<meta property=\"og:site_name\" content=\"MOVO-Zaden\" \/>\n<meta property=\"article:modified_time\" content=\"2020-08-30T09:59:55+00:00\" \/>\n<meta property=\"og:image\" content=\"https:\/\/movo-zaden.nl\/wp-content\/uploads\/2020\/03\/RoggExtra-e1592153258991.jpg\" \/>\n\t<meta property=\"og:image:width\" content=\"424\" \/>\n\t<meta property=\"og:image:height\" content=\"296\" \/>\n\t<meta property=\"og:image:type\" content=\"image\/jpeg\" \/>\n<meta name=\"twitter:card\" content=\"summary_large_image\" \/>\n<script type=\"application\/ld+json\" class=\"yoast-schema-graph\">{\"@context\":\"https:\/\/schema.org\",\"@graph\":[{\"@type\":\"WebPage\",\"@id\":\"https:\/\/movo-zaden.nl\/de\/produkt\/roggextra\/\",\"url\":\"https:\/\/movo-zaden.nl\/de\/produkt\/roggextra\/\",\"name\":\"RoggExtra - MOVO-Zaden\",\"isPartOf\":{\"@id\":\"https:\/\/movo-zaden.nl\/#website\"},\"primaryImageOfPage\":{\"@id\":\"https:\/\/movo-zaden.nl\/de\/produkt\/roggextra\/#primaryimage\"},\"image\":{\"@id\":\"https:\/\/movo-zaden.nl\/de\/produkt\/roggextra\/#primaryimage\"},\"thumbnailUrl\":\"https:\/\/movo-zaden.nl\/wp-content\/uploads\/2020\/03\/RoggExtra-e1592153258991.jpg\",\"datePublished\":\"2020-08-29T14:11:31+00:00\",\"dateModified\":\"2020-08-30T09:59:55+00:00\",\"breadcrumb\":{\"@id\":\"https:\/\/movo-zaden.nl\/de\/produkt\/roggextra\/#breadcrumb\"},\"inLanguage\":\"de\",\"potentialAction\":[{\"@type\":\"ReadAction\",\"target\":[\"https:\/\/movo-zaden.nl\/de\/produkt\/roggextra\/\"]}]},{\"@type\":\"ImageObject\",\"inLanguage\":\"de\",\"@id\":\"https:\/\/movo-zaden.nl\/de\/produkt\/roggextra\/#primaryimage\",\"url\":\"https:\/\/movo-zaden.nl\/wp-content\/uploads\/2020\/03\/RoggExtra-e1592153258991.jpg\",\"contentUrl\":\"https:\/\/movo-zaden.nl\/wp-content\/uploads\/2020\/03\/RoggExtra-e1592153258991.jpg\",\"width\":424,\"height\":296},{\"@type\":\"BreadcrumbList\",\"@id\":\"https:\/\/movo-zaden.nl\/de\/produkt\/roggextra\/#breadcrumb\",\"itemListElement\":[{\"@type\":\"ListItem\",\"position\":1,\"name\":\"Home\",\"item\":\"https:\/\/movo-zaden.nl\/de\/\"},{\"@type\":\"ListItem\",\"position\":2,\"name\":\"Producten\",\"item\":\"https:\/\/movo-zaden.nl\/be\/shop\/\"},{\"@type\":\"ListItem\",\"position\":3,\"name\":\"RoggExtra\"}]},{\"@type\":\"WebSite\",\"@id\":\"https:\/\/movo-zaden.nl\/#website\",\"url\":\"https:\/\/movo-zaden.nl\/\",\"name\":\"MOVO-Zaden\",\"description\":\"Groothandel en specialist in landbouwzaden\",\"publisher\":{\"@id\":\"https:\/\/movo-zaden.nl\/#organization\"},\"potentialAction\":[{\"@type\":\"SearchAction\",\"target\":{\"@type\":\"EntryPoint\",\"urlTemplate\":\"https:\/\/movo-zaden.nl\/?s={search_term_string}\"},\"query-input\":{\"@type\":\"PropertyValueSpecification\",\"valueRequired\":true,\"valueName\":\"search_term_string\"}}],\"inLanguage\":\"de\"},{\"@type\":\"Organization\",\"@id\":\"https:\/\/movo-zaden.nl\/#organization\",\"name\":\"MOVO-Zaden\",\"url\":\"https:\/\/movo-zaden.nl\/\",\"logo\":{\"@type\":\"ImageObject\",\"inLanguage\":\"de\",\"@id\":\"https:\/\/movo-zaden.nl\/#\/schema\/logo\/image\/\",\"url\":\"https:\/\/movo-zaden.nl\/wp-content\/uploads\/2020\/02\/Logo-MOVO-zaden-groot.png\",\"contentUrl\":\"https:\/\/movo-zaden.nl\/wp-content\/uploads\/2020\/02\/Logo-MOVO-zaden-groot.png\",\"width\":399,\"height\":148,\"caption\":\"MOVO-Zaden\"},\"image\":{\"@id\":\"https:\/\/movo-zaden.nl\/#\/schema\/logo\/image\/\"}}]}<\/script>\n<!-- \/ Yoast SEO plugin. -->","yoast_head_json":{"title":"RoggExtra - MOVO-Zaden","robots":{"index":"index","follow":"follow","max-snippet":"max-snippet:-1","max-image-preview":"max-image-preview:large","max-video-preview":"max-video-preview:-1"},"canonical":"https:\/\/movo-zaden.nl\/de\/produkt\/roggextra\/","og_locale":"de_DE","og_type":"article","og_title":"RoggExtra - MOVO-Zaden","og_description":"RoggExtra ist eine ausgewogene Mischung, die speziell als \u00fcberwinternde Zwischenfrucht (oder Begr\u00fcnung) entwickelt wurde. Kann aber auch als Futterpflanze verwendet werden. Mit RoggExtra profitieren Sie zus\u00e4tzlich von den Vorteilen von 3 verschiedenen Kulturen durch:  1. Organische Materie \u2022 Maximale Ausbeute (sowohl \u00fcber als auch unter der Erde) \u2022 Extra schnelle Entwicklung \u2022 Riesiges Wurzelsystem  2. Ernte fangen (N) \u2022 Fixieren Sie den maximalen Stickstoff \u2022 Minimale Auswaschung \u2022 Allm\u00e4hlicher Abbau im Fr\u00fchjahr \u2022 Frostbest\u00e4ndig  3. Boden \u2022 Verbessert und \u201ebehebt\u201c Bodenstruktur \u2022 Stimuliert das Bodenleben \u2022 Bildet zus\u00e4tzlichen Humus \u2022 Verbessert die Tragf\u00e4higkeit  RoggExtra eignet sich auch hervorragend als Futterpflanze. \u2022 Als Fr\u00fchschnitt zu ernten \u2022 Als GPS \u2022 Mehrfachschnitte m\u00f6glich   Aussaatberatung: 50 kg \/ ha (Zwischenfrucht) 90 kg \/ ha (M\u00e4hen)","og_url":"https:\/\/movo-zaden.nl\/de\/produkt\/roggextra\/","og_site_name":"MOVO-Zaden","article_modified_time":"2020-08-30T09:59:55+00:00","og_image":[{"width":424,"height":296,"url":"https:\/\/movo-zaden.nl\/wp-content\/uploads\/2020\/03\/RoggExtra-e1592153258991.jpg","type":"image\/jpeg"}],"twitter_card":"summary_large_image","schema":{"@context":"https:\/\/schema.org","@graph":[{"@type":"WebPage","@id":"https:\/\/movo-zaden.nl\/de\/produkt\/roggextra\/","url":"https:\/\/movo-zaden.nl\/de\/produkt\/roggextra\/","name":"RoggExtra - MOVO-Zaden","isPartOf":{"@id":"https:\/\/movo-zaden.nl\/#website"},"primaryImageOfPage":{"@id":"https:\/\/movo-zaden.nl\/de\/produkt\/roggextra\/#primaryimage"},"image":{"@id":"https:\/\/movo-zaden.nl\/de\/produkt\/roggextra\/#primaryimage"},"thumbnailUrl":"https:\/\/movo-zaden.nl\/wp-content\/uploads\/2020\/03\/RoggExtra-e1592153258991.jpg","datePublished":"2020-08-29T14:11:31+00:00","dateModified":"2020-08-30T09:59:55+00:00","breadcrumb":{"@id":"https:\/\/movo-zaden.nl\/de\/produkt\/roggextra\/#breadcrumb"},"inLanguage":"de","potentialAction":[{"@type":"ReadAction","target":["https:\/\/movo-zaden.nl\/de\/produkt\/roggextra\/"]}]},{"@type":"ImageObject","inLanguage":"de","@id":"https:\/\/movo-zaden.nl\/de\/produkt\/roggextra\/#primaryimage","url":"https:\/\/movo-zaden.nl\/wp-content\/uploads\/2020\/03\/RoggExtra-e1592153258991.jpg","contentUrl":"https:\/\/movo-zaden.nl\/wp-content\/uploads\/2020\/03\/RoggExtra-e1592153258991.jpg","width":424,"height":296},{"@type":"BreadcrumbList","@id":"https:\/\/movo-zaden.nl\/de\/produkt\/roggextra\/#breadcrumb","itemListElement":[{"@type":"ListItem","position":1,"name":"Home","item":"https:\/\/movo-zaden.nl\/de\/"},{"@type":"ListItem","position":2,"name":"Producten","item":"https:\/\/movo-zaden.nl\/be\/shop\/"},{"@type":"ListItem","position":3,"name":"RoggExtra"}]},{"@type":"WebSite","@id":"https:\/\/movo-zaden.nl\/#website","url":"https:\/\/movo-zaden.nl\/","name":"MOVO-Zaden","description":"Groothandel en specialist in landbouwzaden","publisher":{"@id":"https:\/\/movo-zaden.nl\/#organization"},"potentialAction":[{"@type":"SearchAction","target":{"@type":"EntryPoint","urlTemplate":"https:\/\/movo-zaden.nl\/?s={search_term_string}"},"query-input":{"@type":"PropertyValueSpecification","valueRequired":true,"valueName":"search_term_string"}}],"inLanguage":"de"},{"@type":"Organization","@id":"https:\/\/movo-zaden.nl\/#organization","name":"MOVO-Zaden","url":"https:\/\/movo-zaden.nl\/","logo":{"@type":"ImageObject","inLanguage":"de","@id":"https:\/\/movo-zaden.nl\/#\/schema\/logo\/image\/","url":"https:\/\/movo-zaden.nl\/wp-content\/uploads\/2020\/02\/Logo-MOVO-zaden-groot.png","contentUrl":"https:\/\/movo-zaden.nl\/wp-content\/uploads\/2020\/02\/Logo-MOVO-zaden-groot.png","width":399,"height":148,"caption":"MOVO-Zaden"},"image":{"@id":"https:\/\/movo-zaden.nl\/#\/schema\/logo\/image\/"}}]}},"_links":{"self":[{"href":"https:\/\/movo-zaden.nl\/de\/wp-json\/wp\/v2\/product\/8024","targetHints":{"allow":["GET"]}}],"collection":[{"href":"https:\/\/movo-zaden.nl\/de\/wp-json\/wp\/v2\/product"}],"about":[{"href":"https:\/\/movo-zaden.nl\/de\/wp-json\/wp\/v2\/types\/product"}],"version-history":[{"count":0,"href":"https:\/\/movo-zaden.nl\/de\/wp-json\/wp\/v2\/product\/8024\/revisions"}],"wp:featuredmedia":[{"embeddable":true,"href":"https:\/\/movo-zaden.nl\/de\/wp-json\/wp\/v2\/media\/6959"}],"wp:attachment":[{"href":"https:\/\/movo-zaden.nl\/de\/wp-json\/wp\/v2\/media?parent=8024"}],"wp:term":[{"taxonomy":"product_brand","embeddable":true,"href":"https:\/\/movo-zaden.nl\/de\/wp-json\/wp\/v2\/product_brand?post=8024"},{"taxonomy":"product_cat","embeddable":true,"href":"https:\/\/movo-zaden.nl\/de\/wp-json\/wp\/v2\/product_cat?post=8024"},{"taxonomy":"product_tag","embeddable":true,"href":"https:\/\/movo-zaden.nl\/de\/wp-json\/wp\/v2\/product_tag?post=8024"}],"curies":[{"name":"wp","href":"https:\/\/api.w.org\/{rel}","templated":true}]}}