{"id":8041,"date":"2020-06-14T12:48:34","date_gmt":"2020-08-29T14:12:56","guid":{"rendered":"https:\/\/movo-zaden.nl\/product\/pulver-froehliches-vieh-bestreuen\/"},"modified":"2020-08-30T14:10:34","modified_gmt":"2020-08-30T12:10:34","slug":"pulver-froehliches-vieh-bestreuen","status":"publish","type":"product","link":"https:\/\/movo-zaden.nl\/de\/produkt\/pulver-froehliches-vieh-bestreuen\/","title":{"rendered":"Pulver fr\u00f6hliches Vieh bestreuen"},"content":{"rendered":"\t\t<div data-elementor-type=\"product-post\" data-elementor-id=\"8041\" class=\"elementor elementor-8041 elementor-7292\" data-elementor-post-type=\"product\">\n\t\t\t\t\t\t<section class=\"elementor-section elementor-top-section elementor-element elementor-element-dfbb221 elementor-section-boxed elementor-section-height-default elementor-section-height-default\" data-id=\"dfbb221\" data-element_type=\"section\" data-e-type=\"section\">\n\t\t\t\t\t\t<div class=\"elementor-container elementor-column-gap-default\">\n\t\t\t\t\t<div class=\"elementor-column elementor-col-33 elementor-top-column elementor-element elementor-element-daa79ba\" data-id=\"daa79ba\" data-element_type=\"column\" data-e-type=\"column\">\n\t\t\t<div class=\"elementor-widget-wrap elementor-element-populated\">\n\t\t\t\t\t\t<div class=\"elementor-element elementor-element-50ed316 elementor-widget elementor-widget-image\" data-id=\"50ed316\" data-element_type=\"widget\" data-e-type=\"widget\" data-widget_type=\"image.default\">\n\t\t\t\t<div class=\"elementor-widget-container\">\n\t\t\t\t\t\t\t\t\t\t\t\t\t\t\t<img fetchpriority=\"high\" decoding=\"async\" width=\"366\" height=\"223\" src=\"https:\/\/movo-zaden.nl\/wp-content\/uploads\/2020\/06\/happycattlel.png\" class=\"attachment-large size-large wp-image-8043\" alt=\"\" srcset=\"https:\/\/movo-zaden.nl\/wp-content\/uploads\/2020\/06\/happycattlel.png 366w, https:\/\/movo-zaden.nl\/wp-content\/uploads\/2020\/06\/happycattlel-300x183.png 300w\" sizes=\"(max-width: 366px) 100vw, 366px\" \/>\t\t\t\t\t\t\t\t\t\t\t\t\t\t\t<\/div>\n\t\t\t\t<\/div>\n\t\t\t\t\t<\/div>\n\t\t<\/div>\n\t\t\t\t<div class=\"elementor-column elementor-col-66 elementor-top-column elementor-element elementor-element-773850e\" data-id=\"773850e\" data-element_type=\"column\" data-e-type=\"column\">\n\t\t\t<div class=\"elementor-widget-wrap elementor-element-populated\">\n\t\t\t\t\t\t<div class=\"elementor-element elementor-element-96ff907 elementor-widget elementor-widget-text-editor\" data-id=\"96ff907\" data-element_type=\"widget\" data-e-type=\"widget\" data-widget_type=\"text-editor.default\">\n\t\t\t\t<div class=\"elementor-widget-container\">\n\t\t\t\t\t\t\t\t\t<h4><strong>Enorme Absorptionskapazit\u00e4t!<\/strong><\/h4>\n<p>Es sorgt f\u00fcr ein gesundes \/ frisches Stallklima, staubt nicht ab und reduziert Ger\u00fcche. Happy Cattle f\u00f6rdert die G\u00e4rung der G\u00fclle und sorgt so f\u00fcr eine homogenere und qualitativ hochwertigere G\u00fclle. Happy Cattle bindet sehr schnell Ammoniak und Stickstoff im Mist<br \/>im Gegensatz zu Kalkprodukten (die die Stickstoffverdampfung f\u00f6rdern).<\/p>\n<p><strong>Rat:<\/strong><br \/>Liegeplatz: 1-2 mal pro Woche 80 bis 150 g \/ m2 Liegeplatz dar\u00fcber streuen. Und behandeln Sie jeden Tag alle &#8222;nassen&#8220; feuchten Stellen.<\/p>\n<p>Als Fu\u00dfbad: 1 Tag alle 2 Wochen 5 cm Happy Cattle im Fu\u00dfbad.<\/p>\n\t\t\t\t\t\t\t\t<\/div>\n\t\t\t\t<\/div>\n\t\t\t\t\t<\/div>\n\t\t<\/div>\n\t\t\t\t\t<\/div>\n\t\t<\/section>\n\t\t\t\t<section class=\"elementor-section elementor-top-section elementor-element elementor-element-6a8e7019 elementor-section-boxed elementor-section-height-default elementor-section-height-default\" data-id=\"6a8e7019\" data-element_type=\"section\" data-e-type=\"section\">\n\t\t\t\t\t\t<div class=\"elementor-container elementor-column-gap-default\">\n\t\t\t\t\t<div class=\"elementor-column elementor-col-100 elementor-top-column elementor-element elementor-element-de72cdc\" data-id=\"de72cdc\" data-element_type=\"column\" data-e-type=\"column\">\n\t\t\t<div class=\"elementor-widget-wrap elementor-element-populated\">\n\t\t\t\t\t\t<div class=\"elementor-element elementor-element-19a5a4e4 elementor-align-center elementor-widget elementor-widget-button\" data-id=\"19a5a4e4\" data-element_type=\"widget\" data-e-type=\"widget\" data-widget_type=\"button.default\">\n\t\t\t\t<div class=\"elementor-widget-container\">\n\t\t\t\t\t\t\t\t\t<div class=\"elementor-button-wrapper\">\n\t\t\t\t\t<a class=\"elementor-button elementor-button-link elementor-size-sm\" href=\"https:\/\/movo-zaden.nl\/wp-content\/uploads\/2020\/08\/Happy-Cattle-Flyer.pdf\" target=\"_blank\">\n\t\t\t\t\t\t<span class=\"elementor-button-content-wrapper\">\n\t\t\t\t\t\t<span class=\"elementor-button-icon\">\n\t\t\t\t<i aria-hidden=\"true\" class=\"far fa-file-pdf\"><\/i>\t\t\t<\/span>\n\t\t\t\t\t\t\t\t\t<span class=\"elementor-button-text\">Produktflyer herunterladen<\/span>\n\t\t\t\t\t<\/span>\n\t\t\t\t\t<\/a>\n\t\t\t\t<\/div>\n\t\t\t\t\t\t\t\t<\/div>\n\t\t\t\t<\/div>\n\t\t\t\t\t<\/div>\n\t\t<\/div>\n\t\t\t\t\t<\/div>\n\t\t<\/section>\n\t\t\t\t<\/div>\n\t\t","protected":false},"excerpt":{"rendered":"<h4><strong>Innovative stabile Hygiene!<\/strong><\/h4>\n<p>Einstreupulver f\u00fcr Liegefl\u00e4chen f\u00fcr Nutztiere wie Milchprodukte und Rinder, Gefl\u00fcgel, Schweine, Pferde und anderes Kleinvieh. Happy Cattle ist eine speziell entwickelte Mischung aus Tonmehl, Zeolith, Bentonit und Cellulose.<\/p>\n<p>Happy Cattle ist 100% nat\u00fcrlich! Und hat eine doppelte Absorptionskapazit\u00e4t im Vergleich zu Kalkprodukten. Es sorgt daher f\u00fcr eine langfristige Trocknung der liegenden Umgebung, so dass es keine Lebensm\u00f6glichkeiten f\u00fcr sch\u00e4dliche Bakterien und Pilze gibt. Es trocknet Insekteneier und Larven aus. Dar\u00fcber hinaus ist es ein hautfreundliches Produkt, das Haut und Wunden pflegt.<\/p>\n<p>Happy Cattle kann sehr gut mit Stroh, S\u00e4gemehl usw. gemischt werden.<\/p>\n","protected":false},"featured_media":8943,"template":"","meta":{"content-type":"","_monsterinsights_skip_tracking":false,"_monsterinsights_sitenote_active":false,"_monsterinsights_sitenote_note":"","_monsterinsights_sitenote_category":0},"product_brand":[],"product_cat":[144],"product_tag":[167],"class_list":{"0":"post-8041","1":"product","2":"type-product","3":"status-publish","4":"has-post-thumbnail","6":"product_cat-pulver","7":"product_tag-anpassung","8":"pa_type-2-getreidemais","9":"pa_type-2-mais","10":"pa_vroegheid-mitte-fruh","11":"entry","12":"has-media","14":"first","15":"instock","16":"shipping-taxable","17":"purchasable","18":"product-type-simple"},"yoast_head":"<!-- This site is optimized with the Yoast SEO plugin v27.1.1 - https:\/\/yoast.com\/product\/yoast-seo-wordpress\/ -->\n<title>Pulver fr\u00f6hliches Vieh bestreuen - MOVO-Zaden<\/title>\n<meta name=\"robots\" content=\"index, follow, max-snippet:-1, max-image-preview:large, max-video-preview:-1\" \/>\n<link rel=\"canonical\" href=\"https:\/\/movo-zaden.nl\/de\/produkt\/pulver-froehliches-vieh-bestreuen\/\" \/>\n<meta property=\"og:locale\" content=\"de_DE\" \/>\n<meta property=\"og:type\" content=\"article\" \/>\n<meta property=\"og:title\" content=\"Pulver fr\u00f6hliches Vieh bestreuen - MOVO-Zaden\" \/>\n<meta property=\"og:description\" content=\"Innovative stabile Hygiene! Einstreupulver f\u00fcr Liegefl\u00e4chen f\u00fcr Nutztiere wie Milchprodukte und Rinder, Gefl\u00fcgel, Schweine, Pferde und anderes Kleinvieh. Happy Cattle ist eine speziell entwickelte Mischung aus Tonmehl, Zeolith, Bentonit und Cellulose.  Happy Cattle ist 100% nat\u00fcrlich! Und hat eine doppelte Absorptionskapazit\u00e4t im Vergleich zu Kalkprodukten. Es sorgt daher f\u00fcr eine langfristige Trocknung der liegenden Umgebung, so dass es keine Lebensm\u00f6glichkeiten f\u00fcr sch\u00e4dliche Bakterien und Pilze gibt. Es trocknet Insekteneier und Larven aus. Dar\u00fcber hinaus ist es ein hautfreundliches Produkt, das Haut und Wunden pflegt.  Happy Cattle kann sehr gut mit Stroh, S\u00e4gemehl usw. gemischt werden.\" \/>\n<meta property=\"og:url\" content=\"https:\/\/movo-zaden.nl\/de\/produkt\/pulver-froehliches-vieh-bestreuen\/\" \/>\n<meta property=\"og:site_name\" content=\"MOVO-Zaden\" \/>\n<meta property=\"article:modified_time\" content=\"2020-08-30T12:10:34+00:00\" \/>\n<meta property=\"og:image\" content=\"https:\/\/movo-zaden.nl\/wp-content\/uploads\/2020\/06\/happycattlel.png\" \/>\n<meta name=\"twitter:card\" content=\"summary_large_image\" \/>\n<script type=\"application\/ld+json\" class=\"yoast-schema-graph\">{\"@context\":\"https:\/\/schema.org\",\"@graph\":[{\"@type\":\"WebPage\",\"@id\":\"https:\/\/movo-zaden.nl\/de\/produkt\/pulver-froehliches-vieh-bestreuen\/\",\"url\":\"https:\/\/movo-zaden.nl\/de\/produkt\/pulver-froehliches-vieh-bestreuen\/\",\"name\":\"Pulver fr\u00f6hliches Vieh bestreuen - MOVO-Zaden\",\"isPartOf\":{\"@id\":\"https:\/\/movo-zaden.nl\/#website\"},\"primaryImageOfPage\":{\"@id\":\"https:\/\/movo-zaden.nl\/de\/produkt\/pulver-froehliches-vieh-bestreuen\/#primaryimage\"},\"image\":{\"@id\":\"https:\/\/movo-zaden.nl\/de\/produkt\/pulver-froehliches-vieh-bestreuen\/#primaryimage\"},\"thumbnailUrl\":\"https:\/\/movo-zaden.nl\/wp-content\/uploads\/2022\/02\/kip-varken-koe-blauw.png\",\"datePublished\":\"2020-08-29T14:12:56+00:00\",\"dateModified\":\"2020-08-30T12:10:34+00:00\",\"breadcrumb\":{\"@id\":\"https:\/\/movo-zaden.nl\/de\/produkt\/pulver-froehliches-vieh-bestreuen\/#breadcrumb\"},\"inLanguage\":\"de\",\"potentialAction\":[{\"@type\":\"ReadAction\",\"target\":[\"https:\/\/movo-zaden.nl\/de\/produkt\/pulver-froehliches-vieh-bestreuen\/\"]}]},{\"@type\":\"ImageObject\",\"inLanguage\":\"de\",\"@id\":\"https:\/\/movo-zaden.nl\/de\/produkt\/pulver-froehliches-vieh-bestreuen\/#primaryimage\",\"url\":\"https:\/\/movo-zaden.nl\/wp-content\/uploads\/2022\/02\/kip-varken-koe-blauw.png\",\"contentUrl\":\"https:\/\/movo-zaden.nl\/wp-content\/uploads\/2022\/02\/kip-varken-koe-blauw.png\",\"width\":940,\"height\":978,\"caption\":\"happy cattle\"},{\"@type\":\"BreadcrumbList\",\"@id\":\"https:\/\/movo-zaden.nl\/de\/produkt\/pulver-froehliches-vieh-bestreuen\/#breadcrumb\",\"itemListElement\":[{\"@type\":\"ListItem\",\"position\":1,\"name\":\"Home\",\"item\":\"https:\/\/movo-zaden.nl\/de\/\"},{\"@type\":\"ListItem\",\"position\":2,\"name\":\"Producten\",\"item\":\"https:\/\/movo-zaden.nl\/be\/shop\/\"},{\"@type\":\"ListItem\",\"position\":3,\"name\":\"Pulver fr\u00f6hliches Vieh bestreuen\"}]},{\"@type\":\"WebSite\",\"@id\":\"https:\/\/movo-zaden.nl\/#website\",\"url\":\"https:\/\/movo-zaden.nl\/\",\"name\":\"MOVO-Zaden\",\"description\":\"Groothandel en specialist in landbouwzaden\",\"publisher\":{\"@id\":\"https:\/\/movo-zaden.nl\/#organization\"},\"potentialAction\":[{\"@type\":\"SearchAction\",\"target\":{\"@type\":\"EntryPoint\",\"urlTemplate\":\"https:\/\/movo-zaden.nl\/?s={search_term_string}\"},\"query-input\":{\"@type\":\"PropertyValueSpecification\",\"valueRequired\":true,\"valueName\":\"search_term_string\"}}],\"inLanguage\":\"de\"},{\"@type\":\"Organization\",\"@id\":\"https:\/\/movo-zaden.nl\/#organization\",\"name\":\"MOVO-Zaden\",\"url\":\"https:\/\/movo-zaden.nl\/\",\"logo\":{\"@type\":\"ImageObject\",\"inLanguage\":\"de\",\"@id\":\"https:\/\/movo-zaden.nl\/#\/schema\/logo\/image\/\",\"url\":\"https:\/\/movo-zaden.nl\/wp-content\/uploads\/2020\/02\/Logo-MOVO-zaden-groot.png\",\"contentUrl\":\"https:\/\/movo-zaden.nl\/wp-content\/uploads\/2020\/02\/Logo-MOVO-zaden-groot.png\",\"width\":399,\"height\":148,\"caption\":\"MOVO-Zaden\"},\"image\":{\"@id\":\"https:\/\/movo-zaden.nl\/#\/schema\/logo\/image\/\"}}]}<\/script>\n<!-- \/ Yoast SEO plugin. -->","yoast_head_json":{"title":"Pulver fr\u00f6hliches Vieh bestreuen - MOVO-Zaden","robots":{"index":"index","follow":"follow","max-snippet":"max-snippet:-1","max-image-preview":"max-image-preview:large","max-video-preview":"max-video-preview:-1"},"canonical":"https:\/\/movo-zaden.nl\/de\/produkt\/pulver-froehliches-vieh-bestreuen\/","og_locale":"de_DE","og_type":"article","og_title":"Pulver fr\u00f6hliches Vieh bestreuen - MOVO-Zaden","og_description":"Innovative stabile Hygiene! Einstreupulver f\u00fcr Liegefl\u00e4chen f\u00fcr Nutztiere wie Milchprodukte und Rinder, Gefl\u00fcgel, Schweine, Pferde und anderes Kleinvieh. Happy Cattle ist eine speziell entwickelte Mischung aus Tonmehl, Zeolith, Bentonit und Cellulose.  Happy Cattle ist 100% nat\u00fcrlich! Und hat eine doppelte Absorptionskapazit\u00e4t im Vergleich zu Kalkprodukten. Es sorgt daher f\u00fcr eine langfristige Trocknung der liegenden Umgebung, so dass es keine Lebensm\u00f6glichkeiten f\u00fcr sch\u00e4dliche Bakterien und Pilze gibt. Es trocknet Insekteneier und Larven aus. Dar\u00fcber hinaus ist es ein hautfreundliches Produkt, das Haut und Wunden pflegt.  Happy Cattle kann sehr gut mit Stroh, S\u00e4gemehl usw. gemischt werden.","og_url":"https:\/\/movo-zaden.nl\/de\/produkt\/pulver-froehliches-vieh-bestreuen\/","og_site_name":"MOVO-Zaden","article_modified_time":"2020-08-30T12:10:34+00:00","og_image":[{"url":"https:\/\/movo-zaden.nl\/wp-content\/uploads\/2020\/06\/happycattlel.png","type":"","width":"","height":""}],"twitter_card":"summary_large_image","schema":{"@context":"https:\/\/schema.org","@graph":[{"@type":"WebPage","@id":"https:\/\/movo-zaden.nl\/de\/produkt\/pulver-froehliches-vieh-bestreuen\/","url":"https:\/\/movo-zaden.nl\/de\/produkt\/pulver-froehliches-vieh-bestreuen\/","name":"Pulver fr\u00f6hliches Vieh bestreuen - MOVO-Zaden","isPartOf":{"@id":"https:\/\/movo-zaden.nl\/#website"},"primaryImageOfPage":{"@id":"https:\/\/movo-zaden.nl\/de\/produkt\/pulver-froehliches-vieh-bestreuen\/#primaryimage"},"image":{"@id":"https:\/\/movo-zaden.nl\/de\/produkt\/pulver-froehliches-vieh-bestreuen\/#primaryimage"},"thumbnailUrl":"https:\/\/movo-zaden.nl\/wp-content\/uploads\/2022\/02\/kip-varken-koe-blauw.png","datePublished":"2020-08-29T14:12:56+00:00","dateModified":"2020-08-30T12:10:34+00:00","breadcrumb":{"@id":"https:\/\/movo-zaden.nl\/de\/produkt\/pulver-froehliches-vieh-bestreuen\/#breadcrumb"},"inLanguage":"de","potentialAction":[{"@type":"ReadAction","target":["https:\/\/movo-zaden.nl\/de\/produkt\/pulver-froehliches-vieh-bestreuen\/"]}]},{"@type":"ImageObject","inLanguage":"de","@id":"https:\/\/movo-zaden.nl\/de\/produkt\/pulver-froehliches-vieh-bestreuen\/#primaryimage","url":"https:\/\/movo-zaden.nl\/wp-content\/uploads\/2022\/02\/kip-varken-koe-blauw.png","contentUrl":"https:\/\/movo-zaden.nl\/wp-content\/uploads\/2022\/02\/kip-varken-koe-blauw.png","width":940,"height":978,"caption":"happy cattle"},{"@type":"BreadcrumbList","@id":"https:\/\/movo-zaden.nl\/de\/produkt\/pulver-froehliches-vieh-bestreuen\/#breadcrumb","itemListElement":[{"@type":"ListItem","position":1,"name":"Home","item":"https:\/\/movo-zaden.nl\/de\/"},{"@type":"ListItem","position":2,"name":"Producten","item":"https:\/\/movo-zaden.nl\/be\/shop\/"},{"@type":"ListItem","position":3,"name":"Pulver fr\u00f6hliches Vieh bestreuen"}]},{"@type":"WebSite","@id":"https:\/\/movo-zaden.nl\/#website","url":"https:\/\/movo-zaden.nl\/","name":"MOVO-Zaden","description":"Groothandel en specialist in landbouwzaden","publisher":{"@id":"https:\/\/movo-zaden.nl\/#organization"},"potentialAction":[{"@type":"SearchAction","target":{"@type":"EntryPoint","urlTemplate":"https:\/\/movo-zaden.nl\/?s={search_term_string}"},"query-input":{"@type":"PropertyValueSpecification","valueRequired":true,"valueName":"search_term_string"}}],"inLanguage":"de"},{"@type":"Organization","@id":"https:\/\/movo-zaden.nl\/#organization","name":"MOVO-Zaden","url":"https:\/\/movo-zaden.nl\/","logo":{"@type":"ImageObject","inLanguage":"de","@id":"https:\/\/movo-zaden.nl\/#\/schema\/logo\/image\/","url":"https:\/\/movo-zaden.nl\/wp-content\/uploads\/2020\/02\/Logo-MOVO-zaden-groot.png","contentUrl":"https:\/\/movo-zaden.nl\/wp-content\/uploads\/2020\/02\/Logo-MOVO-zaden-groot.png","width":399,"height":148,"caption":"MOVO-Zaden"},"image":{"@id":"https:\/\/movo-zaden.nl\/#\/schema\/logo\/image\/"}}]}},"_links":{"self":[{"href":"https:\/\/movo-zaden.nl\/de\/wp-json\/wp\/v2\/product\/8041","targetHints":{"allow":["GET"]}}],"collection":[{"href":"https:\/\/movo-zaden.nl\/de\/wp-json\/wp\/v2\/product"}],"about":[{"href":"https:\/\/movo-zaden.nl\/de\/wp-json\/wp\/v2\/types\/product"}],"version-history":[{"count":0,"href":"https:\/\/movo-zaden.nl\/de\/wp-json\/wp\/v2\/product\/8041\/revisions"}],"wp:featuredmedia":[{"embeddable":true,"href":"https:\/\/movo-zaden.nl\/de\/wp-json\/wp\/v2\/media\/8943"}],"wp:attachment":[{"href":"https:\/\/movo-zaden.nl\/de\/wp-json\/wp\/v2\/media?parent=8041"}],"wp:term":[{"taxonomy":"product_brand","embeddable":true,"href":"https:\/\/movo-zaden.nl\/de\/wp-json\/wp\/v2\/product_brand?post=8041"},{"taxonomy":"product_cat","embeddable":true,"href":"https:\/\/movo-zaden.nl\/de\/wp-json\/wp\/v2\/product_cat?post=8041"},{"taxonomy":"product_tag","embeddable":true,"href":"https:\/\/movo-zaden.nl\/de\/wp-json\/wp\/v2\/product_tag?post=8041"}],"curies":[{"name":"wp","href":"https:\/\/api.w.org\/{rel}","templated":true}]}}