{"id":8045,"date":"2020-08-23T13:25:05","date_gmt":"2020-08-29T14:15:20","guid":{"rendered":"https:\/\/movo-zaden.nl\/product\/opti\/"},"modified":"2022-10-21T11:25:31","modified_gmt":"2022-10-21T09:25:31","slug":"opti","status":"publish","type":"product","link":"https:\/\/movo-zaden.nl\/de\/produkt\/opti\/","title":{"rendered":"Opti +"},"content":{"rendered":"\t\t<div data-elementor-type=\"product-post\" data-elementor-id=\"8045\" class=\"elementor elementor-8045 elementor-7561\" data-elementor-post-type=\"product\">\n\t\t\t\t\t\t<section class=\"elementor-section elementor-top-section elementor-element elementor-element-1d905911 elementor-section-boxed elementor-section-height-default elementor-section-height-default\" data-id=\"1d905911\" data-element_type=\"section\" data-e-type=\"section\">\n\t\t\t\t\t\t<div class=\"elementor-container elementor-column-gap-default\">\n\t\t\t\t\t<div class=\"elementor-column elementor-col-100 elementor-top-column elementor-element elementor-element-56060c98\" data-id=\"56060c98\" data-element_type=\"column\" data-e-type=\"column\">\n\t\t\t<div class=\"elementor-widget-wrap elementor-element-populated\">\n\t\t\t\t\t\t<div class=\"elementor-element elementor-element-140d2ab0 elementor-align-left elementor-widget elementor-widget-button\" data-id=\"140d2ab0\" data-element_type=\"widget\" data-e-type=\"widget\" data-widget_type=\"button.default\">\n\t\t\t\t<div class=\"elementor-widget-container\">\n\t\t\t\t\t\t\t\t\t<div class=\"elementor-button-wrapper\">\n\t\t\t\t\t<a class=\"elementor-button elementor-button-link elementor-size-sm\" href=\"https:\/\/movo-zaden.nl\/wp-content\/uploads\/2020\/08\/OPTI-Plus.pdf\" target=\"_blank\">\n\t\t\t\t\t\t<span class=\"elementor-button-content-wrapper\">\n\t\t\t\t\t\t<span class=\"elementor-button-icon\">\n\t\t\t\t<i aria-hidden=\"true\" class=\"far fa-file-pdf\"><\/i>\t\t\t<\/span>\n\t\t\t\t\t\t\t\t\t<span class=\"elementor-button-text\">Produktflyer herunterladen<\/span>\n\t\t\t\t\t<\/span>\n\t\t\t\t\t<\/a>\n\t\t\t\t<\/div>\n\t\t\t\t\t\t\t\t<\/div>\n\t\t\t\t<\/div>\n\t\t\t\t\t<\/div>\n\t\t<\/div>\n\t\t\t\t\t<\/div>\n\t\t<\/section>\n\t\t\t\t<section class=\"elementor-section elementor-top-section elementor-element elementor-element-664bdb3 elementor-section-boxed elementor-section-height-default elementor-section-height-default\" data-id=\"664bdb3\" data-element_type=\"section\" data-e-type=\"section\">\n\t\t\t\t\t\t<div class=\"elementor-container elementor-column-gap-default\">\n\t\t\t\t\t<div class=\"elementor-column elementor-col-100 elementor-top-column elementor-element elementor-element-1beb155\" data-id=\"1beb155\" data-element_type=\"column\" data-e-type=\"column\" data-settings=\"{&quot;background_background&quot;:&quot;classic&quot;}\">\n\t\t\t<div class=\"elementor-widget-wrap elementor-element-populated\">\n\t\t\t\t\t\t\t<\/div>\n\t\t<\/div>\n\t\t\t\t\t<\/div>\n\t\t<\/section>\n\t\t\t\t<\/div>\n\t\t","protected":false},"excerpt":{"rendered":"<p>Alle unsere Sorten werden standardm\u00e4\u00dfig mit opti-plus behandelt. Dieses Mittel ist im Preis inbegriffen.<\/p>\n<p><strong>Wirkungsweise:<\/strong><\/p>\n<ul>\n<li>Standard-Antimykotikum<\/li>\n<li>Verhindert Vogelfra\u00df<\/li>\n<li>Zus\u00e4tzliche Spurenelemente; Mangan und Zink<\/li>\n<\/ul>\n<p><strong>Zus\u00e4tzliche Spurenelemente f\u00f6rdern:<\/strong><\/p>\n<ul>\n<li>Wachstum und Entwicklung des Wurzelsystems<\/li>\n<li>N\u00e4hrstoffaufnahme<\/li>\n<li>Begr\u00fcnungseffekt, l\u00e4ngere gesunde Pflanze<\/li>\n<li>Kolbenbeginn und -entwicklung<\/li>\n<\/ul>\n","protected":false},"featured_media":8085,"template":"","meta":{"content-type":"","_monsterinsights_skip_tracking":false,"_monsterinsights_sitenote_active":false,"_monsterinsights_sitenote_note":"","_monsterinsights_sitenote_category":0},"product_brand":[],"product_cat":[146],"product_tag":[],"class_list":{"0":"post-8045","1":"product","2":"type-product","3":"status-publish","4":"has-post-thumbnail","6":"product_cat-maissamenbeschichtungen","7":"pa_productlijn-undersow","8":"entry","9":"has-media","11":"first","12":"instock","13":"shipping-taxable","14":"purchasable","15":"product-type-simple"},"yoast_head":"<!-- This site is optimized with the Yoast SEO plugin v27.1.1 - https:\/\/yoast.com\/product\/yoast-seo-wordpress\/ -->\n<title>Opti + - MOVO-Zaden<\/title>\n<meta name=\"robots\" content=\"index, follow, max-snippet:-1, max-image-preview:large, max-video-preview:-1\" \/>\n<link rel=\"canonical\" href=\"https:\/\/movo-zaden.nl\/produkt\/opti-plus\/\" \/>\n<meta property=\"og:locale\" content=\"de_DE\" \/>\n<meta property=\"og:type\" content=\"article\" \/>\n<meta property=\"og:title\" content=\"Opti + - MOVO-Zaden\" \/>\n<meta property=\"og:description\" content=\"Alle unsere Sorten werden standardm\u00e4\u00dfig mit opti-plus behandelt. Dieses Mittel ist im Preis inbegriffen.  Wirkungsweise:   Standard-Antimykotikum  Verhindert Vogelfra\u00df  Zus\u00e4tzliche Spurenelemente; Mangan und Zink  Zus\u00e4tzliche Spurenelemente f\u00f6rdern:   Wachstum und Entwicklung des Wurzelsystems  N\u00e4hrstoffaufnahme  Begr\u00fcnungseffekt, l\u00e4ngere gesunde Pflanze  Kolbenbeginn und -entwicklung\" \/>\n<meta property=\"og:url\" content=\"https:\/\/movo-zaden.nl\/produkt\/opti-plus\/\" \/>\n<meta property=\"og:site_name\" content=\"MOVO-Zaden\" \/>\n<meta property=\"article:modified_time\" content=\"2022-10-21T09:25:31+00:00\" \/>\n<meta property=\"og:image\" content=\"https:\/\/movo-zaden.nl\/wp-content\/uploads\/2020\/08\/OPTI-Plus-4-2.jpg\" \/>\n\t<meta property=\"og:image:width\" content=\"1000\" \/>\n\t<meta property=\"og:image:height\" content=\"700\" \/>\n\t<meta property=\"og:image:type\" content=\"image\/jpeg\" \/>\n<meta name=\"twitter:card\" content=\"summary_large_image\" \/>\n<script type=\"application\/ld+json\" class=\"yoast-schema-graph\">{\"@context\":\"https:\/\/schema.org\",\"@graph\":[{\"@type\":\"WebPage\",\"@id\":\"https:\/\/movo-zaden.nl\/produkt\/opti-plus\/\",\"url\":\"https:\/\/movo-zaden.nl\/produkt\/opti-plus\/\",\"name\":\"Opti + - MOVO-Zaden\",\"isPartOf\":{\"@id\":\"https:\/\/movo-zaden.nl\/#website\"},\"primaryImageOfPage\":{\"@id\":\"https:\/\/movo-zaden.nl\/produkt\/opti-plus\/#primaryimage\"},\"image\":{\"@id\":\"https:\/\/movo-zaden.nl\/produkt\/opti-plus\/#primaryimage\"},\"thumbnailUrl\":\"https:\/\/movo-zaden.nl\/wp-content\/uploads\/2020\/08\/OPTI-Plus-4-2.jpg\",\"datePublished\":\"2020-08-29T14:15:20+00:00\",\"dateModified\":\"2022-10-21T09:25:31+00:00\",\"breadcrumb\":{\"@id\":\"https:\/\/movo-zaden.nl\/produkt\/opti-plus\/#breadcrumb\"},\"inLanguage\":\"de\",\"potentialAction\":[{\"@type\":\"ReadAction\",\"target\":[\"https:\/\/movo-zaden.nl\/produkt\/opti-plus\/\"]}]},{\"@type\":\"ImageObject\",\"inLanguage\":\"de\",\"@id\":\"https:\/\/movo-zaden.nl\/produkt\/opti-plus\/#primaryimage\",\"url\":\"https:\/\/movo-zaden.nl\/wp-content\/uploads\/2020\/08\/OPTI-Plus-4-2.jpg\",\"contentUrl\":\"https:\/\/movo-zaden.nl\/wp-content\/uploads\/2020\/08\/OPTI-Plus-4-2.jpg\",\"width\":1000,\"height\":700},{\"@type\":\"BreadcrumbList\",\"@id\":\"https:\/\/movo-zaden.nl\/produkt\/opti-plus\/#breadcrumb\",\"itemListElement\":[{\"@type\":\"ListItem\",\"position\":1,\"name\":\"Home\",\"item\":\"https:\/\/movo-zaden.nl\/de\/\"},{\"@type\":\"ListItem\",\"position\":2,\"name\":\"Producten\",\"item\":\"https:\/\/movo-zaden.nl\/be\/shop\/\"},{\"@type\":\"ListItem\",\"position\":3,\"name\":\"Opti +\"}]},{\"@type\":\"WebSite\",\"@id\":\"https:\/\/movo-zaden.nl\/#website\",\"url\":\"https:\/\/movo-zaden.nl\/\",\"name\":\"MOVO-Zaden\",\"description\":\"Groothandel en specialist in landbouwzaden\",\"publisher\":{\"@id\":\"https:\/\/movo-zaden.nl\/#organization\"},\"potentialAction\":[{\"@type\":\"SearchAction\",\"target\":{\"@type\":\"EntryPoint\",\"urlTemplate\":\"https:\/\/movo-zaden.nl\/?s={search_term_string}\"},\"query-input\":{\"@type\":\"PropertyValueSpecification\",\"valueRequired\":true,\"valueName\":\"search_term_string\"}}],\"inLanguage\":\"de\"},{\"@type\":\"Organization\",\"@id\":\"https:\/\/movo-zaden.nl\/#organization\",\"name\":\"MOVO-Zaden\",\"url\":\"https:\/\/movo-zaden.nl\/\",\"logo\":{\"@type\":\"ImageObject\",\"inLanguage\":\"de\",\"@id\":\"https:\/\/movo-zaden.nl\/#\/schema\/logo\/image\/\",\"url\":\"https:\/\/movo-zaden.nl\/wp-content\/uploads\/2020\/02\/Logo-MOVO-zaden-groot.png\",\"contentUrl\":\"https:\/\/movo-zaden.nl\/wp-content\/uploads\/2020\/02\/Logo-MOVO-zaden-groot.png\",\"width\":399,\"height\":148,\"caption\":\"MOVO-Zaden\"},\"image\":{\"@id\":\"https:\/\/movo-zaden.nl\/#\/schema\/logo\/image\/\"}}]}<\/script>\n<!-- \/ Yoast SEO plugin. -->","yoast_head_json":{"title":"Opti + - MOVO-Zaden","robots":{"index":"index","follow":"follow","max-snippet":"max-snippet:-1","max-image-preview":"max-image-preview:large","max-video-preview":"max-video-preview:-1"},"canonical":"https:\/\/movo-zaden.nl\/produkt\/opti-plus\/","og_locale":"de_DE","og_type":"article","og_title":"Opti + - MOVO-Zaden","og_description":"Alle unsere Sorten werden standardm\u00e4\u00dfig mit opti-plus behandelt. Dieses Mittel ist im Preis inbegriffen.  Wirkungsweise:   Standard-Antimykotikum  Verhindert Vogelfra\u00df  Zus\u00e4tzliche Spurenelemente; Mangan und Zink  Zus\u00e4tzliche Spurenelemente f\u00f6rdern:   Wachstum und Entwicklung des Wurzelsystems  N\u00e4hrstoffaufnahme  Begr\u00fcnungseffekt, l\u00e4ngere gesunde Pflanze  Kolbenbeginn und -entwicklung","og_url":"https:\/\/movo-zaden.nl\/produkt\/opti-plus\/","og_site_name":"MOVO-Zaden","article_modified_time":"2022-10-21T09:25:31+00:00","og_image":[{"width":1000,"height":700,"url":"https:\/\/movo-zaden.nl\/wp-content\/uploads\/2020\/08\/OPTI-Plus-4-2.jpg","type":"image\/jpeg"}],"twitter_card":"summary_large_image","schema":{"@context":"https:\/\/schema.org","@graph":[{"@type":"WebPage","@id":"https:\/\/movo-zaden.nl\/produkt\/opti-plus\/","url":"https:\/\/movo-zaden.nl\/produkt\/opti-plus\/","name":"Opti + - MOVO-Zaden","isPartOf":{"@id":"https:\/\/movo-zaden.nl\/#website"},"primaryImageOfPage":{"@id":"https:\/\/movo-zaden.nl\/produkt\/opti-plus\/#primaryimage"},"image":{"@id":"https:\/\/movo-zaden.nl\/produkt\/opti-plus\/#primaryimage"},"thumbnailUrl":"https:\/\/movo-zaden.nl\/wp-content\/uploads\/2020\/08\/OPTI-Plus-4-2.jpg","datePublished":"2020-08-29T14:15:20+00:00","dateModified":"2022-10-21T09:25:31+00:00","breadcrumb":{"@id":"https:\/\/movo-zaden.nl\/produkt\/opti-plus\/#breadcrumb"},"inLanguage":"de","potentialAction":[{"@type":"ReadAction","target":["https:\/\/movo-zaden.nl\/produkt\/opti-plus\/"]}]},{"@type":"ImageObject","inLanguage":"de","@id":"https:\/\/movo-zaden.nl\/produkt\/opti-plus\/#primaryimage","url":"https:\/\/movo-zaden.nl\/wp-content\/uploads\/2020\/08\/OPTI-Plus-4-2.jpg","contentUrl":"https:\/\/movo-zaden.nl\/wp-content\/uploads\/2020\/08\/OPTI-Plus-4-2.jpg","width":1000,"height":700},{"@type":"BreadcrumbList","@id":"https:\/\/movo-zaden.nl\/produkt\/opti-plus\/#breadcrumb","itemListElement":[{"@type":"ListItem","position":1,"name":"Home","item":"https:\/\/movo-zaden.nl\/de\/"},{"@type":"ListItem","position":2,"name":"Producten","item":"https:\/\/movo-zaden.nl\/be\/shop\/"},{"@type":"ListItem","position":3,"name":"Opti +"}]},{"@type":"WebSite","@id":"https:\/\/movo-zaden.nl\/#website","url":"https:\/\/movo-zaden.nl\/","name":"MOVO-Zaden","description":"Groothandel en specialist in landbouwzaden","publisher":{"@id":"https:\/\/movo-zaden.nl\/#organization"},"potentialAction":[{"@type":"SearchAction","target":{"@type":"EntryPoint","urlTemplate":"https:\/\/movo-zaden.nl\/?s={search_term_string}"},"query-input":{"@type":"PropertyValueSpecification","valueRequired":true,"valueName":"search_term_string"}}],"inLanguage":"de"},{"@type":"Organization","@id":"https:\/\/movo-zaden.nl\/#organization","name":"MOVO-Zaden","url":"https:\/\/movo-zaden.nl\/","logo":{"@type":"ImageObject","inLanguage":"de","@id":"https:\/\/movo-zaden.nl\/#\/schema\/logo\/image\/","url":"https:\/\/movo-zaden.nl\/wp-content\/uploads\/2020\/02\/Logo-MOVO-zaden-groot.png","contentUrl":"https:\/\/movo-zaden.nl\/wp-content\/uploads\/2020\/02\/Logo-MOVO-zaden-groot.png","width":399,"height":148,"caption":"MOVO-Zaden"},"image":{"@id":"https:\/\/movo-zaden.nl\/#\/schema\/logo\/image\/"}}]}},"_links":{"self":[{"href":"https:\/\/movo-zaden.nl\/de\/wp-json\/wp\/v2\/product\/8045","targetHints":{"allow":["GET"]}}],"collection":[{"href":"https:\/\/movo-zaden.nl\/de\/wp-json\/wp\/v2\/product"}],"about":[{"href":"https:\/\/movo-zaden.nl\/de\/wp-json\/wp\/v2\/types\/product"}],"version-history":[{"count":6,"href":"https:\/\/movo-zaden.nl\/de\/wp-json\/wp\/v2\/product\/8045\/revisions"}],"predecessor-version":[{"id":9372,"href":"https:\/\/movo-zaden.nl\/de\/wp-json\/wp\/v2\/product\/8045\/revisions\/9372"}],"wp:featuredmedia":[{"embeddable":true,"href":"https:\/\/movo-zaden.nl\/de\/wp-json\/wp\/v2\/media\/8085"}],"wp:attachment":[{"href":"https:\/\/movo-zaden.nl\/de\/wp-json\/wp\/v2\/media?parent=8045"}],"wp:term":[{"taxonomy":"product_brand","embeddable":true,"href":"https:\/\/movo-zaden.nl\/de\/wp-json\/wp\/v2\/product_brand?post=8045"},{"taxonomy":"product_cat","embeddable":true,"href":"https:\/\/movo-zaden.nl\/de\/wp-json\/wp\/v2\/product_cat?post=8045"},{"taxonomy":"product_tag","embeddable":true,"href":"https:\/\/movo-zaden.nl\/de\/wp-json\/wp\/v2\/product_tag?post=8045"}],"curies":[{"name":"wp","href":"https:\/\/api.w.org\/{rel}","templated":true}]}}