{"id":8051,"date":"2020-08-23T13:24:58","date_gmt":"2020-08-29T14:15:23","guid":{"rendered":"https:\/\/movo-zaden.nl\/product\/glueckliche-pflanze\/"},"modified":"2022-10-21T11:34:25","modified_gmt":"2022-10-21T09:34:25","slug":"happy-plant","status":"publish","type":"product","link":"https:\/\/movo-zaden.nl\/de\/produkt\/happy-plant\/","title":{"rendered":"Happy Plant +"},"content":{"rendered":"\t\t<div data-elementor-type=\"product-post\" data-elementor-id=\"8051\" class=\"elementor elementor-8051 elementor-7557\" data-elementor-post-type=\"product\">\n\t\t\t\t\t\t<section class=\"elementor-section elementor-top-section elementor-element elementor-element-244d79da elementor-section-boxed elementor-section-height-default elementor-section-height-default\" data-id=\"244d79da\" data-element_type=\"section\" data-e-type=\"section\">\n\t\t\t\t\t\t<div class=\"elementor-container elementor-column-gap-default\">\n\t\t\t\t\t<div class=\"elementor-column elementor-col-100 elementor-top-column elementor-element elementor-element-d113f6e\" data-id=\"d113f6e\" data-element_type=\"column\" data-e-type=\"column\">\n\t\t\t<div class=\"elementor-widget-wrap elementor-element-populated\">\n\t\t\t\t\t\t<div class=\"elementor-element elementor-element-1e23bd65 elementor-align-left elementor-widget elementor-widget-button\" data-id=\"1e23bd65\" data-element_type=\"widget\" data-e-type=\"widget\" data-widget_type=\"button.default\">\n\t\t\t\t<div class=\"elementor-widget-container\">\n\t\t\t\t\t\t\t\t\t<div class=\"elementor-button-wrapper\">\n\t\t\t\t\t<a class=\"elementor-button elementor-button-link elementor-size-sm\" href=\"https:\/\/movo-zaden.nl\/wp-content\/uploads\/2022\/01\/Flyer-Happy-plant-22.pdf\" target=\"_blank\">\n\t\t\t\t\t\t<span class=\"elementor-button-content-wrapper\">\n\t\t\t\t\t\t<span class=\"elementor-button-icon\">\n\t\t\t\t<i aria-hidden=\"true\" class=\"far fa-file-pdf\"><\/i>\t\t\t<\/span>\n\t\t\t\t\t\t\t\t\t<span class=\"elementor-button-text\">Produktflyer herunterladen<\/span>\n\t\t\t\t\t<\/span>\n\t\t\t\t\t<\/a>\n\t\t\t\t<\/div>\n\t\t\t\t\t\t\t\t<\/div>\n\t\t\t\t<\/div>\n\t\t\t\t<div class=\"elementor-element elementor-element-d8d9f04 elementor-widget elementor-widget-heading\" data-id=\"d8d9f04\" data-element_type=\"widget\" data-e-type=\"widget\" data-widget_type=\"heading.default\">\n\t\t\t\t<div class=\"elementor-widget-container\">\n\t\t\t\t\t<h2 class=\"elementor-heading-title elementor-size-default\">Happy Plant + D\u00fcngemittel:<\/h2>\t\t\t\t<\/div>\n\t\t\t\t<\/div>\n\t\t\t\t<div class=\"elementor-element elementor-element-238d53b elementor-widget elementor-widget-text-editor\" data-id=\"238d53b\" data-element_type=\"widget\" data-e-type=\"widget\" data-widget_type=\"text-editor.default\">\n\t\t\t\t<div class=\"elementor-widget-container\">\n\t\t\t\t\t\t\t\t\t<ul>\n<li>HP + versorgt die ersten Wurzeln der Pflanze mit leicht verf\u00fcgbarem Stickstoff in Form von Ammoniumstickstoff.<\/li>\n<li>HP + enth\u00e4lt Phosphat, das die Pflanze sofort optimal nutzen kann. Phosphat leistet auch einen wichtigen Beitrag zum gesamten internen Prozess in der Pflanze.<\/li>\n<li>HP + enth\u00e4lt Kalium, Kalium f\u00f6rdert die allgemeine Gesundheit der Pflanze, was auch die Aufnahme aller anderen wichtigen N\u00e4hrstoffe verbessert.<\/li>\n<li>Dar\u00fcber hinaus enth\u00e4lt HP + die wichtigen Spurenelemente Mangan, Zink, Bor, Kupfer und Magnesium.<\/li>\n<\/ul>\n\t\t\t\t\t\t\t\t<\/div>\n\t\t\t\t<\/div>\n\t\t\t\t<div class=\"elementor-element elementor-element-15f4e0c elementor-widget elementor-widget-heading\" data-id=\"15f4e0c\" data-element_type=\"widget\" data-e-type=\"widget\" data-widget_type=\"heading.default\">\n\t\t\t\t<div class=\"elementor-widget-container\">\n\t\t\t\t\t<h2 class=\"elementor-heading-title elementor-size-default\">Vor:<\/h2>\t\t\t\t<\/div>\n\t\t\t\t<\/div>\n\t\t\t\t<div class=\"elementor-element elementor-element-0a0c3c6 elementor-widget elementor-widget-text-editor\" data-id=\"0a0c3c6\" data-element_type=\"widget\" data-e-type=\"widget\" data-widget_type=\"text-editor.default\">\n\t\t\t\t<div class=\"elementor-widget-container\">\n\t\t\t\t\t\t\t\t\t<ul>\n<li>Besseres und gr\u00f6\u00dferes Wurzelsystem<\/li>\n<li>F\u00fcr eine bessere Entwicklung des Mais<\/li>\n<li>Ges\u00fcnderer und st\u00e4rkerer Mais<\/li>\n<li>H\u00f6here N\u00e4hrwerte<\/li>\n<li>H\u00f6herer Ertrag<\/li>\n<li>Zus\u00e4tzliche Sicherheit<\/li>\n<li>Ein Vorsprung von Anfang an<\/li>\n<\/ul>\n\t\t\t\t\t\t\t\t<\/div>\n\t\t\t\t<\/div>\n\t\t\t\t<div class=\"elementor-element elementor-element-68e23e89 elementor-tabs-view-horizontal elementor-widget elementor-widget-tabs\" data-id=\"68e23e89\" data-element_type=\"widget\" data-e-type=\"widget\" data-widget_type=\"tabs.default\">\n\t\t\t\t<div class=\"elementor-widget-container\">\n\t\t\t\t\t\t\t<div class=\"elementor-tabs\">\n\t\t\t<div class=\"elementor-tabs-wrapper\" role=\"tablist\" >\n\t\t\t\t\t\t\t\t\t<div id=\"elementor-tab-title-1751\" class=\"elementor-tab-title elementor-tab-desktop-title\" aria-selected=\"true\" data-tab=\"1\" role=\"tab\" tabindex=\"0\" aria-controls=\"elementor-tab-content-1751\" aria-expanded=\"false\">Beschichtungstest Twente 2018<\/div>\n\t\t\t\t\t\t\t\t\t<div id=\"elementor-tab-title-1752\" class=\"elementor-tab-title elementor-tab-desktop-title\" aria-selected=\"false\" data-tab=\"2\" role=\"tab\" tabindex=\"-1\" aria-controls=\"elementor-tab-content-1752\" aria-expanded=\"false\">Beschichtungstest 2019 Nordrhein-Westfalen<\/div>\n\t\t\t\t\t\t\t\t\t<div id=\"elementor-tab-title-1753\" class=\"elementor-tab-title elementor-tab-desktop-title\" aria-selected=\"false\" data-tab=\"3\" role=\"tab\" tabindex=\"-1\" aria-controls=\"elementor-tab-content-1753\" aria-expanded=\"false\">Sortenpr\u00fcfung South NL<\/div>\n\t\t\t\t\t\t\t<\/div>\n\t\t\t<div class=\"elementor-tabs-content-wrapper\" role=\"tablist\" aria-orientation=\"vertical\">\n\t\t\t\t\t\t\t\t\t<div class=\"elementor-tab-title elementor-tab-mobile-title\" aria-selected=\"true\" data-tab=\"1\" role=\"tab\" tabindex=\"0\" aria-controls=\"elementor-tab-content-1751\" aria-expanded=\"false\">Beschichtungstest Twente 2018<\/div>\n\t\t\t\t\t<div id=\"elementor-tab-content-1751\" class=\"elementor-tab-content elementor-clearfix\" data-tab=\"1\" role=\"tabpanel\" aria-labelledby=\"elementor-tab-title-1751\" tabindex=\"0\" hidden=\"false\"><table style=\"height: 123px; width: 0%; border-collapse: collapse;\" cellspacing=\"5\" cellpadding=\"5\">\n<tbody>\n<tr style=\"height: 24px;\">\n<td style=\"height: 24px; background-color: #008cba; color: #ffffff; width: 30.5556%;\"><strong>\u00a0<\/strong><\/td>\n<td style=\"background-color: #008cba; color: #ffffff; width: 13.4259%; height: 24px;\"><strong style=\"font-family: inherit; font-size: inherit;\"> DS <\/strong><\/td>\n<td style=\"background-color: #008cba; color: #ffffff; width: 17.8212%; height: 24px;\"><strong style=\"font-family: inherit; font-size: inherit;\"> VEM <\/strong><\/td>\n<td style=\"width: 20.1939%; background-color: #008cba; color: #ffffff; height: 24px;\"><strong style=\"font-family: inherit; font-size: inherit;\"> St\u00e4rke <\/strong><\/td>\n<\/tr>\n<tr style=\"height: 24px;\">\n<td style=\"width: 30.5556%; height: 24px;\">STANDARD<\/td>\n<td style=\"width: 13.4259%; height: 24px;\">334<\/td>\n<td style=\"width: 17.8212%; height: 24px;\">977<\/td>\n<td style=\"width: 20.1939%; height: 24px;\">345<\/td>\n<\/tr>\n<tr style=\"height: 24px;\">\n<td style=\"width: 30.5556%; height: 24px;\">GL\u00dcCKLICHE PFLANZE<\/td>\n<td style=\"width: 13.4259%; height: 24px;\">347<\/td>\n<td style=\"width: 17.8212%; height: 24px;\">975<\/td>\n<td style=\"width: 20.1939%; height: 24px;\">384<\/td>\n<\/tr>\n<\/tbody>\n<\/table>\n<\/div>\n\t\t\t\t\t\t\t\t\t<div class=\"elementor-tab-title elementor-tab-mobile-title\" aria-selected=\"false\" data-tab=\"2\" role=\"tab\" tabindex=\"-1\" aria-controls=\"elementor-tab-content-1752\" aria-expanded=\"false\">Beschichtungstest 2019 Nordrhein-Westfalen<\/div>\n\t\t\t\t\t<div id=\"elementor-tab-content-1752\" class=\"elementor-tab-content elementor-clearfix\" data-tab=\"2\" role=\"tabpanel\" aria-labelledby=\"elementor-tab-title-1752\" tabindex=\"0\" hidden=\"hidden\"><table style=\"height: 123px; width: 0%; border-collapse: collapse;\" cellspacing=\"5\" cellpadding=\"5\">\n<tbody>\n<tr style=\"height: 24px;\">\n<td style=\"height: 24px; background-color: #008cba; color: #ffffff; width: 30.5556%;\">Gl\u00fcckliche Pflanze +<\/td>\n<td style=\"background-color: #008cba; color: #ffffff; width: 13.4259%; height: 24px;\"><\/td>\n<\/tr>\n<tr style=\"height: 24px;\">\n<td style=\"width: 30.5556%; height: 24px;\">DS Ausbeute<\/td>\n<td style=\"width: 13.4259%; height: 24px;\">103<\/td>\n<\/tr>\n<tr style=\"height: 24px;\">\n<td style=\"width: 30.5556%; height: 24px;\">St\u00e4rke<\/td>\n<td style=\"width: 13.4259%; height: 24px;\">104<\/td>\n<\/tr>\n<tr>\n<td style=\"width: 30.5556%;\">VEM \/ ha<\/td>\n<td style=\"width: 13.4259%;\">105<\/td>\n<\/tr>\n<\/tbody>\n<\/table>\n<\/div>\n\t\t\t\t\t\t\t\t\t<div class=\"elementor-tab-title elementor-tab-mobile-title\" aria-selected=\"false\" data-tab=\"3\" role=\"tab\" tabindex=\"-1\" aria-controls=\"elementor-tab-content-1753\" aria-expanded=\"false\">Sortenpr\u00fcfung South NL<\/div>\n\t\t\t\t\t<div id=\"elementor-tab-content-1753\" class=\"elementor-tab-content elementor-clearfix\" data-tab=\"3\" role=\"tabpanel\" aria-labelledby=\"elementor-tab-title-1753\" tabindex=\"0\" hidden=\"hidden\"><p>von Wageningen University &amp; Research (1 Jahr)<\/p>\n<table style=\"height: 123px; width: 0%; border-collapse: collapse;\" cellspacing=\"5\" cellpadding=\"5\">\n<tbody>\n<tr style=\"height: 24px;\">\n<td style=\"height: 24px; background-color: #008cba; color: #ffffff; width: 30.5556%;\"><strong>\u00a0<\/strong><\/td>\n<td style=\"background-color: #008cba; color: #ffffff; width: 13.4259%; height: 24px;\"><strong style=\"font-family: inherit; font-size: inherit;\"> STANDARD <\/strong><\/td>\n<td style=\"background-color: #008cba; color: #ffffff; width: 17.8212%; height: 24px;\"><strong style=\"font-family: inherit; font-size: inherit;\"> GL\u00dcCKLICHE ANLAGE + <\/strong><\/td>\n<\/tr>\n<tr style=\"height: 24px;\">\n<td style=\"width: 30.5556%; height: 24px;\">Frisches Erzeugnis<\/td>\n<td style=\"width: 13.4259%; height: 24px;\">91<\/td>\n<td style=\"width: 17.8212%; height: 24px;\">93<\/td>\n<\/tr>\n<tr style=\"height: 24px;\">\n<td style=\"width: 30.5556%; height: 24px;\">Ds%<\/td>\n<td style=\"width: 13.4259%; height: 24px;\">108<\/td>\n<td style=\"width: 17.8212%; height: 24px;\">110<\/td>\n<\/tr>\n<tr>\n<td style=\"width: 30.5556%;\">Ds Ausbeute<\/td>\n<td style=\"width: 13.4259%;\">99<\/td>\n<td style=\"width: 17.8212%;\">103<\/td>\n<\/tr>\n<tr>\n<td style=\"width: 30.5556%;\">VEM<\/td>\n<td style=\"width: 13.4259%;\">99<\/td>\n<td style=\"width: 17.8212%;\">99<\/td>\n<\/tr>\n<tr>\n<td style=\"width: 30.5556%;\">St\u00e4rke<\/td>\n<td style=\"width: 13.4259%;\">91<\/td>\n<td style=\"width: 17.8212%;\">96<\/td>\n<\/tr>\n<tr>\n<td style=\"width: 30.5556%;\">VEM \/ ha<\/td>\n<td style=\"width: 13.4259%;\">98<\/td>\n<td style=\"width: 17.8212%;\">103<\/td>\n<\/tr>\n<\/tbody>\n<\/table>\n<p>Jahr 2017. Lage Weert<\/p>\n<\/div>\n\t\t\t\t\t\t\t<\/div>\n\t\t<\/div>\n\t\t\t\t\t\t<\/div>\n\t\t\t\t<\/div>\n\t\t\t\t\t<\/div>\n\t\t<\/div>\n\t\t\t\t\t<\/div>\n\t\t<\/section>\n\t\t\t\t<\/div>\n\t\t","protected":false},"excerpt":{"rendered":"<p>Die verbesserte Happy Plant Saatgutbeize.<\/p>\n<p>Jetzt f\u00fcr alle unsere Sortenkombinationen verf\u00fcgbar.<\/p>\n<ul>\n<li>stimuliert die Produktion von Pflanzenhormonen, die unter anderem einen gro\u00dfen Einfluss auf die Wurzelentwicklung hat.<\/li>\n<li>positiver Einfluss auf das Kolbenwachstum<\/li>\n<li>f\u00f6rdert die vitalit\u00e4t der Pflanze.<\/li>\n<li>stimuliert die Produktion von Antik\u00f6rpern gegen Krankheiten.<\/li>\n<li>verbessert die Aufnahme von N\u00e4hrstoffen im Boden.<\/li>\n<\/ul>\n","protected":false},"featured_media":9568,"template":"","meta":{"content-type":"","_monsterinsights_skip_tracking":false,"_monsterinsights_sitenote_active":false,"_monsterinsights_sitenote_note":"","_monsterinsights_sitenote_category":0},"product_brand":[],"product_cat":[146],"product_tag":[],"class_list":{"0":"post-8051","1":"product","2":"type-product","3":"status-publish","4":"has-post-thumbnail","6":"product_cat-maissamenbeschichtungen","7":"pa_productlijn-undersow","8":"entry","9":"has-media","11":"first","12":"instock","13":"shipping-taxable","14":"purchasable","15":"product-type-simple"},"yoast_head":"<!-- This site is optimized with the Yoast SEO plugin v27.1.1 - https:\/\/yoast.com\/product\/yoast-seo-wordpress\/ -->\n<title>Happy Plant + - MOVO-Zaden<\/title>\n<meta name=\"robots\" content=\"index, follow, max-snippet:-1, max-image-preview:large, max-video-preview:-1\" \/>\n<link rel=\"canonical\" href=\"https:\/\/movo-zaden.nl\/produkt\/happy-plant\/\" \/>\n<meta property=\"og:locale\" content=\"de_DE\" \/>\n<meta property=\"og:type\" content=\"article\" \/>\n<meta property=\"og:title\" content=\"Happy Plant + - MOVO-Zaden\" \/>\n<meta property=\"og:description\" content=\"Die verbesserte Happy Plant Saatgutbeize.  Jetzt f\u00fcr alle unsere Sortenkombinationen verf\u00fcgbar.   stimuliert die Produktion von Pflanzenhormonen, die unter anderem einen gro\u00dfen Einfluss auf die Wurzelentwicklung hat.  positiver Einfluss auf das Kolbenwachstum  f\u00f6rdert die vitalit\u00e4t der Pflanze.  stimuliert die Produktion von Antik\u00f6rpern gegen Krankheiten.  verbessert die Aufnahme von N\u00e4hrstoffen im Boden.\" \/>\n<meta property=\"og:url\" content=\"https:\/\/movo-zaden.nl\/produkt\/happy-plant\/\" \/>\n<meta property=\"og:site_name\" content=\"MOVO-Zaden\" \/>\n<meta property=\"article:modified_time\" content=\"2022-10-21T09:34:25+00:00\" \/>\n<meta name=\"twitter:card\" content=\"summary_large_image\" \/>\n<script type=\"application\/ld+json\" class=\"yoast-schema-graph\">{\"@context\":\"https:\/\/schema.org\",\"@graph\":[{\"@type\":\"WebPage\",\"@id\":\"https:\/\/movo-zaden.nl\/produkt\/happy-plant\/\",\"url\":\"https:\/\/movo-zaden.nl\/produkt\/happy-plant\/\",\"name\":\"Happy Plant + - MOVO-Zaden\",\"isPartOf\":{\"@id\":\"https:\/\/movo-zaden.nl\/#website\"},\"primaryImageOfPage\":{\"@id\":\"https:\/\/movo-zaden.nl\/produkt\/happy-plant\/#primaryimage\"},\"image\":{\"@id\":\"https:\/\/movo-zaden.nl\/produkt\/happy-plant\/#primaryimage\"},\"thumbnailUrl\":\"https:\/\/movo-zaden.nl\/wp-content\/uploads\/2020\/08\/Happy-Plant-4-e1674730973801.jpg\",\"datePublished\":\"2020-08-29T14:15:23+00:00\",\"dateModified\":\"2022-10-21T09:34:25+00:00\",\"breadcrumb\":{\"@id\":\"https:\/\/movo-zaden.nl\/produkt\/happy-plant\/#breadcrumb\"},\"inLanguage\":\"de\",\"potentialAction\":[{\"@type\":\"ReadAction\",\"target\":[\"https:\/\/movo-zaden.nl\/produkt\/happy-plant\/\"]}]},{\"@type\":\"ImageObject\",\"inLanguage\":\"de\",\"@id\":\"https:\/\/movo-zaden.nl\/produkt\/happy-plant\/#primaryimage\",\"url\":\"https:\/\/movo-zaden.nl\/wp-content\/uploads\/2020\/08\/Happy-Plant-4-e1674730973801.jpg\",\"contentUrl\":\"https:\/\/movo-zaden.nl\/wp-content\/uploads\/2020\/08\/Happy-Plant-4-e1674730973801.jpg\",\"width\":956,\"height\":681},{\"@type\":\"BreadcrumbList\",\"@id\":\"https:\/\/movo-zaden.nl\/produkt\/happy-plant\/#breadcrumb\",\"itemListElement\":[{\"@type\":\"ListItem\",\"position\":1,\"name\":\"Home\",\"item\":\"https:\/\/movo-zaden.nl\/de\/\"},{\"@type\":\"ListItem\",\"position\":2,\"name\":\"Producten\",\"item\":\"https:\/\/movo-zaden.nl\/be\/shop\/\"},{\"@type\":\"ListItem\",\"position\":3,\"name\":\"Happy Plant +\"}]},{\"@type\":\"WebSite\",\"@id\":\"https:\/\/movo-zaden.nl\/#website\",\"url\":\"https:\/\/movo-zaden.nl\/\",\"name\":\"MOVO-Zaden\",\"description\":\"Groothandel en specialist in landbouwzaden\",\"publisher\":{\"@id\":\"https:\/\/movo-zaden.nl\/#organization\"},\"potentialAction\":[{\"@type\":\"SearchAction\",\"target\":{\"@type\":\"EntryPoint\",\"urlTemplate\":\"https:\/\/movo-zaden.nl\/?s={search_term_string}\"},\"query-input\":{\"@type\":\"PropertyValueSpecification\",\"valueRequired\":true,\"valueName\":\"search_term_string\"}}],\"inLanguage\":\"de\"},{\"@type\":\"Organization\",\"@id\":\"https:\/\/movo-zaden.nl\/#organization\",\"name\":\"MOVO-Zaden\",\"url\":\"https:\/\/movo-zaden.nl\/\",\"logo\":{\"@type\":\"ImageObject\",\"inLanguage\":\"de\",\"@id\":\"https:\/\/movo-zaden.nl\/#\/schema\/logo\/image\/\",\"url\":\"https:\/\/movo-zaden.nl\/wp-content\/uploads\/2020\/02\/Logo-MOVO-zaden-groot.png\",\"contentUrl\":\"https:\/\/movo-zaden.nl\/wp-content\/uploads\/2020\/02\/Logo-MOVO-zaden-groot.png\",\"width\":399,\"height\":148,\"caption\":\"MOVO-Zaden\"},\"image\":{\"@id\":\"https:\/\/movo-zaden.nl\/#\/schema\/logo\/image\/\"}}]}<\/script>\n<!-- \/ Yoast SEO plugin. -->","yoast_head_json":{"title":"Happy Plant + - MOVO-Zaden","robots":{"index":"index","follow":"follow","max-snippet":"max-snippet:-1","max-image-preview":"max-image-preview:large","max-video-preview":"max-video-preview:-1"},"canonical":"https:\/\/movo-zaden.nl\/produkt\/happy-plant\/","og_locale":"de_DE","og_type":"article","og_title":"Happy Plant + - MOVO-Zaden","og_description":"Die verbesserte Happy Plant Saatgutbeize.  Jetzt f\u00fcr alle unsere Sortenkombinationen verf\u00fcgbar.   stimuliert die Produktion von Pflanzenhormonen, die unter anderem einen gro\u00dfen Einfluss auf die Wurzelentwicklung hat.  positiver Einfluss auf das Kolbenwachstum  f\u00f6rdert die vitalit\u00e4t der Pflanze.  stimuliert die Produktion von Antik\u00f6rpern gegen Krankheiten.  verbessert die Aufnahme von N\u00e4hrstoffen im Boden.","og_url":"https:\/\/movo-zaden.nl\/produkt\/happy-plant\/","og_site_name":"MOVO-Zaden","article_modified_time":"2022-10-21T09:34:25+00:00","twitter_card":"summary_large_image","schema":{"@context":"https:\/\/schema.org","@graph":[{"@type":"WebPage","@id":"https:\/\/movo-zaden.nl\/produkt\/happy-plant\/","url":"https:\/\/movo-zaden.nl\/produkt\/happy-plant\/","name":"Happy Plant + - MOVO-Zaden","isPartOf":{"@id":"https:\/\/movo-zaden.nl\/#website"},"primaryImageOfPage":{"@id":"https:\/\/movo-zaden.nl\/produkt\/happy-plant\/#primaryimage"},"image":{"@id":"https:\/\/movo-zaden.nl\/produkt\/happy-plant\/#primaryimage"},"thumbnailUrl":"https:\/\/movo-zaden.nl\/wp-content\/uploads\/2020\/08\/Happy-Plant-4-e1674730973801.jpg","datePublished":"2020-08-29T14:15:23+00:00","dateModified":"2022-10-21T09:34:25+00:00","breadcrumb":{"@id":"https:\/\/movo-zaden.nl\/produkt\/happy-plant\/#breadcrumb"},"inLanguage":"de","potentialAction":[{"@type":"ReadAction","target":["https:\/\/movo-zaden.nl\/produkt\/happy-plant\/"]}]},{"@type":"ImageObject","inLanguage":"de","@id":"https:\/\/movo-zaden.nl\/produkt\/happy-plant\/#primaryimage","url":"https:\/\/movo-zaden.nl\/wp-content\/uploads\/2020\/08\/Happy-Plant-4-e1674730973801.jpg","contentUrl":"https:\/\/movo-zaden.nl\/wp-content\/uploads\/2020\/08\/Happy-Plant-4-e1674730973801.jpg","width":956,"height":681},{"@type":"BreadcrumbList","@id":"https:\/\/movo-zaden.nl\/produkt\/happy-plant\/#breadcrumb","itemListElement":[{"@type":"ListItem","position":1,"name":"Home","item":"https:\/\/movo-zaden.nl\/de\/"},{"@type":"ListItem","position":2,"name":"Producten","item":"https:\/\/movo-zaden.nl\/be\/shop\/"},{"@type":"ListItem","position":3,"name":"Happy Plant +"}]},{"@type":"WebSite","@id":"https:\/\/movo-zaden.nl\/#website","url":"https:\/\/movo-zaden.nl\/","name":"MOVO-Zaden","description":"Groothandel en specialist in landbouwzaden","publisher":{"@id":"https:\/\/movo-zaden.nl\/#organization"},"potentialAction":[{"@type":"SearchAction","target":{"@type":"EntryPoint","urlTemplate":"https:\/\/movo-zaden.nl\/?s={search_term_string}"},"query-input":{"@type":"PropertyValueSpecification","valueRequired":true,"valueName":"search_term_string"}}],"inLanguage":"de"},{"@type":"Organization","@id":"https:\/\/movo-zaden.nl\/#organization","name":"MOVO-Zaden","url":"https:\/\/movo-zaden.nl\/","logo":{"@type":"ImageObject","inLanguage":"de","@id":"https:\/\/movo-zaden.nl\/#\/schema\/logo\/image\/","url":"https:\/\/movo-zaden.nl\/wp-content\/uploads\/2020\/02\/Logo-MOVO-zaden-groot.png","contentUrl":"https:\/\/movo-zaden.nl\/wp-content\/uploads\/2020\/02\/Logo-MOVO-zaden-groot.png","width":399,"height":148,"caption":"MOVO-Zaden"},"image":{"@id":"https:\/\/movo-zaden.nl\/#\/schema\/logo\/image\/"}}]}},"_links":{"self":[{"href":"https:\/\/movo-zaden.nl\/de\/wp-json\/wp\/v2\/product\/8051","targetHints":{"allow":["GET"]}}],"collection":[{"href":"https:\/\/movo-zaden.nl\/de\/wp-json\/wp\/v2\/product"}],"about":[{"href":"https:\/\/movo-zaden.nl\/de\/wp-json\/wp\/v2\/types\/product"}],"version-history":[{"count":5,"href":"https:\/\/movo-zaden.nl\/de\/wp-json\/wp\/v2\/product\/8051\/revisions"}],"predecessor-version":[{"id":9376,"href":"https:\/\/movo-zaden.nl\/de\/wp-json\/wp\/v2\/product\/8051\/revisions\/9376"}],"wp:featuredmedia":[{"embeddable":true,"href":"https:\/\/movo-zaden.nl\/de\/wp-json\/wp\/v2\/media\/9568"}],"wp:attachment":[{"href":"https:\/\/movo-zaden.nl\/de\/wp-json\/wp\/v2\/media?parent=8051"}],"wp:term":[{"taxonomy":"product_brand","embeddable":true,"href":"https:\/\/movo-zaden.nl\/de\/wp-json\/wp\/v2\/product_brand?post=8051"},{"taxonomy":"product_cat","embeddable":true,"href":"https:\/\/movo-zaden.nl\/de\/wp-json\/wp\/v2\/product_cat?post=8051"},{"taxonomy":"product_tag","embeddable":true,"href":"https:\/\/movo-zaden.nl\/de\/wp-json\/wp\/v2\/product_tag?post=8051"}],"curies":[{"name":"wp","href":"https:\/\/api.w.org\/{rel}","templated":true}]}}