{"id":8755,"date":"2022-01-06T16:38:17","date_gmt":"2022-01-06T15:38:18","guid":{"rendered":"https:\/\/movo-zaden.nl\/?post_type=product&#038;p=8755"},"modified":"2022-04-12T12:34:07","modified_gmt":"2022-04-12T10:34:07","slug":"green-coat","status":"publish","type":"product","link":"https:\/\/movo-zaden.nl\/de\/produkt\/green-coat\/","title":{"rendered":"Green-Coat"},"content":{"rendered":"","protected":false},"excerpt":{"rendered":"<p>Wie die Farbe des Samens bereits verr\u00e4t, ist Green-Coat die neue &#8222;gr\u00fcne&#8220; Beschichtung in MOVO-Zaden.<\/p>\n<p>Das Biostimulans stimuliert die anf\u00e4ngliche Entwicklung von Mais. Dies, gepaart mit der Bildung eines viel gr\u00f6\u00dferen Wurzelsystems, erleichtert der Pflanze die Aufnahme von Wasser und N\u00e4hrstoffen erheblich. Dies macht sie zu einem sp\u00e4teren Zeitpunkt weniger anf\u00e4llig f\u00fcr Stress. Dies macht die Ernte einheitlicher und besser, was zu einer h\u00f6heren Qualit\u00e4t und einem h\u00f6heren Hektarertrag einer etwas ges\u00fcnderen Ernte f\u00fchrt.<\/p>\n<p>Auf Parzellen, auf denen der Pilzdruck hoch ist, f\u00f6rdert Green-Coat stark die Keimung, dies ist sicherlich ein sehr wichtiger Aspekt f\u00fcr den biologischen Anbau.<\/p>\n<p>Verf\u00fcgbar auf BIO-Logisch<\/p>\n","protected":false},"featured_media":8803,"template":"","meta":{"content-type":"","_monsterinsights_skip_tracking":false,"_monsterinsights_sitenote_active":false,"_monsterinsights_sitenote_note":"","_monsterinsights_sitenote_category":0},"product_brand":[],"product_cat":[146],"product_tag":[],"class_list":{"0":"post-8755","1":"product","2":"type-product","3":"status-publish","4":"has-post-thumbnail","6":"product_cat-maissamenbeschichtungen","7":"pa_productlijn-undersow","8":"entry","9":"has-media","11":"first","12":"instock","13":"shipping-taxable","14":"purchasable","15":"product-type-simple"},"yoast_head":"<!-- This site is optimized with the Yoast SEO plugin v27.1.1 - https:\/\/yoast.com\/product\/yoast-seo-wordpress\/ -->\n<title>Green-Coat - MOVO-Zaden<\/title>\n<meta name=\"robots\" content=\"index, follow, max-snippet:-1, max-image-preview:large, max-video-preview:-1\" \/>\n<link rel=\"canonical\" href=\"https:\/\/movo-zaden.nl\/produkt\/green-coat-2\/\" \/>\n<meta property=\"og:locale\" content=\"de_DE\" \/>\n<meta property=\"og:type\" content=\"article\" \/>\n<meta property=\"og:title\" content=\"Green-Coat - MOVO-Zaden\" \/>\n<meta property=\"og:description\" content=\"Wie die Farbe des Samens bereits verr\u00e4t, ist Green-Coat die neue &quot;gr\u00fcne&quot; Beschichtung in MOVO-Zaden.  Das Biostimulans stimuliert die anf\u00e4ngliche Entwicklung von Mais. Dies, gepaart mit der Bildung eines viel gr\u00f6\u00dferen Wurzelsystems, erleichtert der Pflanze die Aufnahme von Wasser und N\u00e4hrstoffen erheblich. Dies macht sie zu einem sp\u00e4teren Zeitpunkt weniger anf\u00e4llig f\u00fcr Stress. Dies macht die Ernte einheitlicher und besser, was zu einer h\u00f6heren Qualit\u00e4t und einem h\u00f6heren Hektarertrag einer etwas ges\u00fcnderen Ernte f\u00fchrt.  Auf Parzellen, auf denen der Pilzdruck hoch ist, f\u00f6rdert Green-Coat stark die Keimung, dies ist sicherlich ein sehr wichtiger Aspekt f\u00fcr den biologischen Anbau.  Verf\u00fcgbar auf BIO-Logisch\" \/>\n<meta property=\"og:url\" content=\"https:\/\/movo-zaden.nl\/produkt\/green-coat-2\/\" \/>\n<meta property=\"og:site_name\" content=\"MOVO-Zaden\" \/>\n<meta property=\"article:modified_time\" content=\"2022-04-12T10:34:07+00:00\" \/>\n<meta name=\"twitter:card\" content=\"summary_large_image\" \/>\n<script type=\"application\/ld+json\" class=\"yoast-schema-graph\">{\"@context\":\"https:\/\/schema.org\",\"@graph\":[{\"@type\":\"WebPage\",\"@id\":\"https:\/\/movo-zaden.nl\/produkt\/green-coat-2\/\",\"url\":\"https:\/\/movo-zaden.nl\/produkt\/green-coat-2\/\",\"name\":\"Green-Coat - MOVO-Zaden\",\"isPartOf\":{\"@id\":\"https:\/\/movo-zaden.nl\/#website\"},\"primaryImageOfPage\":{\"@id\":\"https:\/\/movo-zaden.nl\/produkt\/green-coat-2\/#primaryimage\"},\"image\":{\"@id\":\"https:\/\/movo-zaden.nl\/produkt\/green-coat-2\/#primaryimage\"},\"thumbnailUrl\":\"https:\/\/movo-zaden.nl\/wp-content\/uploads\/2022\/01\/Oefenen-Photoshop-green-coat-e1643900345375.jpg\",\"datePublished\":\"2022-01-06T15:38:18+00:00\",\"dateModified\":\"2022-04-12T10:34:07+00:00\",\"breadcrumb\":{\"@id\":\"https:\/\/movo-zaden.nl\/produkt\/green-coat-2\/#breadcrumb\"},\"inLanguage\":\"de\",\"potentialAction\":[{\"@type\":\"ReadAction\",\"target\":[\"https:\/\/movo-zaden.nl\/produkt\/green-coat-2\/\"]}]},{\"@type\":\"ImageObject\",\"inLanguage\":\"de\",\"@id\":\"https:\/\/movo-zaden.nl\/produkt\/green-coat-2\/#primaryimage\",\"url\":\"https:\/\/movo-zaden.nl\/wp-content\/uploads\/2022\/01\/Oefenen-Photoshop-green-coat-e1643900345375.jpg\",\"contentUrl\":\"https:\/\/movo-zaden.nl\/wp-content\/uploads\/2022\/01\/Oefenen-Photoshop-green-coat-e1643900345375.jpg\",\"width\":1000,\"height\":698,\"caption\":\"Green Saatgut behandlung\"},{\"@type\":\"BreadcrumbList\",\"@id\":\"https:\/\/movo-zaden.nl\/produkt\/green-coat-2\/#breadcrumb\",\"itemListElement\":[{\"@type\":\"ListItem\",\"position\":1,\"name\":\"Home\",\"item\":\"https:\/\/movo-zaden.nl\/de\/\"},{\"@type\":\"ListItem\",\"position\":2,\"name\":\"Producten\",\"item\":\"https:\/\/movo-zaden.nl\/be\/shop\/\"},{\"@type\":\"ListItem\",\"position\":3,\"name\":\"Green-Coat\"}]},{\"@type\":\"WebSite\",\"@id\":\"https:\/\/movo-zaden.nl\/#website\",\"url\":\"https:\/\/movo-zaden.nl\/\",\"name\":\"MOVO-Zaden\",\"description\":\"Groothandel en specialist in landbouwzaden\",\"publisher\":{\"@id\":\"https:\/\/movo-zaden.nl\/#organization\"},\"potentialAction\":[{\"@type\":\"SearchAction\",\"target\":{\"@type\":\"EntryPoint\",\"urlTemplate\":\"https:\/\/movo-zaden.nl\/?s={search_term_string}\"},\"query-input\":{\"@type\":\"PropertyValueSpecification\",\"valueRequired\":true,\"valueName\":\"search_term_string\"}}],\"inLanguage\":\"de\"},{\"@type\":\"Organization\",\"@id\":\"https:\/\/movo-zaden.nl\/#organization\",\"name\":\"MOVO-Zaden\",\"url\":\"https:\/\/movo-zaden.nl\/\",\"logo\":{\"@type\":\"ImageObject\",\"inLanguage\":\"de\",\"@id\":\"https:\/\/movo-zaden.nl\/#\/schema\/logo\/image\/\",\"url\":\"https:\/\/movo-zaden.nl\/wp-content\/uploads\/2020\/02\/Logo-MOVO-zaden-groot.png\",\"contentUrl\":\"https:\/\/movo-zaden.nl\/wp-content\/uploads\/2020\/02\/Logo-MOVO-zaden-groot.png\",\"width\":399,\"height\":148,\"caption\":\"MOVO-Zaden\"},\"image\":{\"@id\":\"https:\/\/movo-zaden.nl\/#\/schema\/logo\/image\/\"}}]}<\/script>\n<!-- \/ Yoast SEO plugin. -->","yoast_head_json":{"title":"Green-Coat - MOVO-Zaden","robots":{"index":"index","follow":"follow","max-snippet":"max-snippet:-1","max-image-preview":"max-image-preview:large","max-video-preview":"max-video-preview:-1"},"canonical":"https:\/\/movo-zaden.nl\/produkt\/green-coat-2\/","og_locale":"de_DE","og_type":"article","og_title":"Green-Coat - MOVO-Zaden","og_description":"Wie die Farbe des Samens bereits verr\u00e4t, ist Green-Coat die neue \"gr\u00fcne\" Beschichtung in MOVO-Zaden.  Das Biostimulans stimuliert die anf\u00e4ngliche Entwicklung von Mais. Dies, gepaart mit der Bildung eines viel gr\u00f6\u00dferen Wurzelsystems, erleichtert der Pflanze die Aufnahme von Wasser und N\u00e4hrstoffen erheblich. Dies macht sie zu einem sp\u00e4teren Zeitpunkt weniger anf\u00e4llig f\u00fcr Stress. Dies macht die Ernte einheitlicher und besser, was zu einer h\u00f6heren Qualit\u00e4t und einem h\u00f6heren Hektarertrag einer etwas ges\u00fcnderen Ernte f\u00fchrt.  Auf Parzellen, auf denen der Pilzdruck hoch ist, f\u00f6rdert Green-Coat stark die Keimung, dies ist sicherlich ein sehr wichtiger Aspekt f\u00fcr den biologischen Anbau.  Verf\u00fcgbar auf BIO-Logisch","og_url":"https:\/\/movo-zaden.nl\/produkt\/green-coat-2\/","og_site_name":"MOVO-Zaden","article_modified_time":"2022-04-12T10:34:07+00:00","twitter_card":"summary_large_image","schema":{"@context":"https:\/\/schema.org","@graph":[{"@type":"WebPage","@id":"https:\/\/movo-zaden.nl\/produkt\/green-coat-2\/","url":"https:\/\/movo-zaden.nl\/produkt\/green-coat-2\/","name":"Green-Coat - MOVO-Zaden","isPartOf":{"@id":"https:\/\/movo-zaden.nl\/#website"},"primaryImageOfPage":{"@id":"https:\/\/movo-zaden.nl\/produkt\/green-coat-2\/#primaryimage"},"image":{"@id":"https:\/\/movo-zaden.nl\/produkt\/green-coat-2\/#primaryimage"},"thumbnailUrl":"https:\/\/movo-zaden.nl\/wp-content\/uploads\/2022\/01\/Oefenen-Photoshop-green-coat-e1643900345375.jpg","datePublished":"2022-01-06T15:38:18+00:00","dateModified":"2022-04-12T10:34:07+00:00","breadcrumb":{"@id":"https:\/\/movo-zaden.nl\/produkt\/green-coat-2\/#breadcrumb"},"inLanguage":"de","potentialAction":[{"@type":"ReadAction","target":["https:\/\/movo-zaden.nl\/produkt\/green-coat-2\/"]}]},{"@type":"ImageObject","inLanguage":"de","@id":"https:\/\/movo-zaden.nl\/produkt\/green-coat-2\/#primaryimage","url":"https:\/\/movo-zaden.nl\/wp-content\/uploads\/2022\/01\/Oefenen-Photoshop-green-coat-e1643900345375.jpg","contentUrl":"https:\/\/movo-zaden.nl\/wp-content\/uploads\/2022\/01\/Oefenen-Photoshop-green-coat-e1643900345375.jpg","width":1000,"height":698,"caption":"Green Saatgut behandlung"},{"@type":"BreadcrumbList","@id":"https:\/\/movo-zaden.nl\/produkt\/green-coat-2\/#breadcrumb","itemListElement":[{"@type":"ListItem","position":1,"name":"Home","item":"https:\/\/movo-zaden.nl\/de\/"},{"@type":"ListItem","position":2,"name":"Producten","item":"https:\/\/movo-zaden.nl\/be\/shop\/"},{"@type":"ListItem","position":3,"name":"Green-Coat"}]},{"@type":"WebSite","@id":"https:\/\/movo-zaden.nl\/#website","url":"https:\/\/movo-zaden.nl\/","name":"MOVO-Zaden","description":"Groothandel en specialist in landbouwzaden","publisher":{"@id":"https:\/\/movo-zaden.nl\/#organization"},"potentialAction":[{"@type":"SearchAction","target":{"@type":"EntryPoint","urlTemplate":"https:\/\/movo-zaden.nl\/?s={search_term_string}"},"query-input":{"@type":"PropertyValueSpecification","valueRequired":true,"valueName":"search_term_string"}}],"inLanguage":"de"},{"@type":"Organization","@id":"https:\/\/movo-zaden.nl\/#organization","name":"MOVO-Zaden","url":"https:\/\/movo-zaden.nl\/","logo":{"@type":"ImageObject","inLanguage":"de","@id":"https:\/\/movo-zaden.nl\/#\/schema\/logo\/image\/","url":"https:\/\/movo-zaden.nl\/wp-content\/uploads\/2020\/02\/Logo-MOVO-zaden-groot.png","contentUrl":"https:\/\/movo-zaden.nl\/wp-content\/uploads\/2020\/02\/Logo-MOVO-zaden-groot.png","width":399,"height":148,"caption":"MOVO-Zaden"},"image":{"@id":"https:\/\/movo-zaden.nl\/#\/schema\/logo\/image\/"}}]}},"_links":{"self":[{"href":"https:\/\/movo-zaden.nl\/de\/wp-json\/wp\/v2\/product\/8755","targetHints":{"allow":["GET"]}}],"collection":[{"href":"https:\/\/movo-zaden.nl\/de\/wp-json\/wp\/v2\/product"}],"about":[{"href":"https:\/\/movo-zaden.nl\/de\/wp-json\/wp\/v2\/types\/product"}],"version-history":[{"count":4,"href":"https:\/\/movo-zaden.nl\/de\/wp-json\/wp\/v2\/product\/8755\/revisions"}],"predecessor-version":[{"id":9037,"href":"https:\/\/movo-zaden.nl\/de\/wp-json\/wp\/v2\/product\/8755\/revisions\/9037"}],"wp:featuredmedia":[{"embeddable":true,"href":"https:\/\/movo-zaden.nl\/de\/wp-json\/wp\/v2\/media\/8803"}],"wp:attachment":[{"href":"https:\/\/movo-zaden.nl\/de\/wp-json\/wp\/v2\/media?parent=8755"}],"wp:term":[{"taxonomy":"product_brand","embeddable":true,"href":"https:\/\/movo-zaden.nl\/de\/wp-json\/wp\/v2\/product_brand?post=8755"},{"taxonomy":"product_cat","embeddable":true,"href":"https:\/\/movo-zaden.nl\/de\/wp-json\/wp\/v2\/product_cat?post=8755"},{"taxonomy":"product_tag","embeddable":true,"href":"https:\/\/movo-zaden.nl\/de\/wp-json\/wp\/v2\/product_tag?post=8755"}],"curies":[{"name":"wp","href":"https:\/\/api.w.org\/{rel}","templated":true}]}}