{"id":9016,"date":"2021-02-11T14:50:43","date_gmt":"2021-02-11T13:50:43","guid":{"rendered":"https:\/\/movo-zaden.nl\/product\/movo-multigras\/"},"modified":"2022-04-12T11:27:11","modified_gmt":"2022-04-12T09:27:11","slug":"movo-multigras","status":"publish","type":"product","link":"https:\/\/movo-zaden.nl\/de\/produkt\/movo-multigras\/","title":{"rendered":"MOVO-Multigras"},"content":{"rendered":"\t\t<div data-elementor-type=\"product-post\" data-elementor-id=\"9016\" class=\"elementor elementor-9016 elementor-8402\" data-elementor-post-type=\"product\">\n\t\t\t\t\t\t<section class=\"elementor-section elementor-top-section elementor-element elementor-element-d5d03a5 elementor-section-boxed elementor-section-height-default elementor-section-height-default\" data-id=\"d5d03a5\" data-element_type=\"section\" data-e-type=\"section\">\n\t\t\t\t\t\t<div class=\"elementor-container elementor-column-gap-default\">\n\t\t\t\t\t<div class=\"elementor-column elementor-col-100 elementor-top-column elementor-element elementor-element-3e1fdda\" data-id=\"3e1fdda\" data-element_type=\"column\" data-e-type=\"column\">\n\t\t\t<div class=\"elementor-widget-wrap elementor-element-populated\">\n\t\t\t\t\t\t<div class=\"elementor-element elementor-element-8293d8d elementor-widget elementor-widget-text-editor\" data-id=\"8293d8d\" data-element_type=\"widget\" data-e-type=\"widget\" data-widget_type=\"text-editor.default\">\n\t\t\t\t<div class=\"elementor-widget-container\">\n\t\t\t\t\t\t\t\t\t<table style=\"height: 168px; width: 0%; border-collapse: collapse;\" cellspacing=\"5\" cellpadding=\"5\">\n<tbody>\n<tr style=\"height: 24px;\">\n<td style=\"width: 100%; height: 24px; background-color: #008cba; color: #ffffff;\"><strong>Komposition<\/strong><\/td>\n<\/tr>\n<tr style=\"height: 24px;\">\n<td style=\"width: 100%; height: 24px;\">20% Activa, Mehrj\u00e4hriges Weidelgras tetraplo\u00efd<\/td>\n<\/tr>\n<tr style=\"height: 24px;\">\n<td style=\"width: 100%; height: 24px;\">40% Wadi, Mehrj\u00e4hriges Weidelgras diplo\u00efd<\/td>\n<\/tr>\n<tr style=\"height: 24px;\">\n<td style=\"width: 100%; height: 24px;\">40% Mathilde, Mehrj\u00e4hriges Weidelgras tetraplo\u00efd<\/td>\n<\/tr>\n<tr>\n<td style=\"width: 100%;\"><\/td>\n<\/tr>\n<\/tbody>\n<\/table>\n\t\t\t\t\t\t\t\t<\/div>\n\t\t\t\t<\/div>\n\t\t\t\t\t<\/div>\n\t\t<\/div>\n\t\t\t\t\t<\/div>\n\t\t<\/section>\n\t\t\t\t<\/div>\n\t\t","protected":false},"excerpt":{"rendered":"<p><strong>Eine sehr gute neue Mischung zu einem wettbewerbsf\u00e4higen Preis.<\/strong><\/p>\n<p>Die neue Allround-Mischung, die entwickelt wurde, um eine budget\u00e4r starke Mischung anbieten zu k\u00f6nnen, die f\u00fcr alle Bedingungen geeignet ist, sowohl f\u00fcr die Beweidung als auch f\u00fcr das M\u00e4hen.<br \/>\nDie Sorten sind gute, starke Sorten, die sich gegenseitig erg\u00e4nzen, so dass sie einen guten Ertrag einer starken, gesunden und vor allem schmackhaften Ernte garantieren! Empfohlen, wo zu s\u00e4en, oder wo nur 5-6 Jahre intensives Gras angebaut wird. Eine &#8222;billige&#8220; Alternative.<\/p>\n","protected":false},"featured_media":7934,"template":"","meta":{"content-type":"","_monsterinsights_skip_tracking":false,"_monsterinsights_sitenote_active":false,"_monsterinsights_sitenote_note":"","_monsterinsights_sitenote_category":0},"product_brand":[],"product_cat":[142],"product_tag":[],"class_list":{"0":"post-9016","1":"product","2":"type-product","3":"status-publish","4":"has-post-thumbnail","6":"product_cat-grass","7":"entry","8":"has-media","10":"first","11":"instock","12":"shipping-taxable","13":"product-type-simple"},"yoast_head":"<!-- This site is optimized with the Yoast SEO plugin v27.1.1 - https:\/\/yoast.com\/product\/yoast-seo-wordpress\/ -->\n<title>MOVO-Multigras - MOVO-Zaden<\/title>\n<meta name=\"robots\" content=\"index, follow, max-snippet:-1, max-image-preview:large, max-video-preview:-1\" \/>\n<link rel=\"canonical\" href=\"https:\/\/movo-zaden.nl\/produkt\/movo-multigras\/\" \/>\n<meta property=\"og:locale\" content=\"de_DE\" \/>\n<meta property=\"og:type\" content=\"article\" \/>\n<meta property=\"og:title\" content=\"MOVO-Multigras - MOVO-Zaden\" \/>\n<meta property=\"og:description\" content=\"Eine sehr gute neue Mischung zu einem wettbewerbsf\u00e4higen Preis.  Die neue Allround-Mischung, die entwickelt wurde, um eine budget\u00e4r starke Mischung anbieten zu k\u00f6nnen, die f\u00fcr alle Bedingungen geeignet ist, sowohl f\u00fcr die Beweidung als auch f\u00fcr das M\u00e4hen. Die Sorten sind gute, starke Sorten, die sich gegenseitig erg\u00e4nzen, so dass sie einen guten Ertrag einer starken, gesunden und vor allem schmackhaften Ernte garantieren! Empfohlen, wo zu s\u00e4en, oder wo nur 5-6 Jahre intensives Gras angebaut wird. Eine &quot;billige&quot; Alternative.\" \/>\n<meta property=\"og:url\" content=\"https:\/\/movo-zaden.nl\/produkt\/movo-multigras\/\" \/>\n<meta property=\"og:site_name\" content=\"MOVO-Zaden\" \/>\n<meta property=\"article:modified_time\" content=\"2022-04-12T09:27:11+00:00\" \/>\n<meta property=\"og:image\" content=\"https:\/\/movo-zaden.nl\/wp-content\/uploads\/2020\/03\/Diplo-31.jpg\" \/>\n\t<meta property=\"og:image:width\" content=\"500\" \/>\n\t<meta property=\"og:image:height\" content=\"350\" \/>\n\t<meta property=\"og:image:type\" content=\"image\/jpeg\" \/>\n<meta name=\"twitter:card\" content=\"summary_large_image\" \/>\n<script type=\"application\/ld+json\" class=\"yoast-schema-graph\">{\"@context\":\"https:\/\/schema.org\",\"@graph\":[{\"@type\":\"WebPage\",\"@id\":\"https:\/\/movo-zaden.nl\/produkt\/movo-multigras\/\",\"url\":\"https:\/\/movo-zaden.nl\/produkt\/movo-multigras\/\",\"name\":\"MOVO-Multigras - MOVO-Zaden\",\"isPartOf\":{\"@id\":\"https:\/\/movo-zaden.nl\/#website\"},\"primaryImageOfPage\":{\"@id\":\"https:\/\/movo-zaden.nl\/produkt\/movo-multigras\/#primaryimage\"},\"image\":{\"@id\":\"https:\/\/movo-zaden.nl\/produkt\/movo-multigras\/#primaryimage\"},\"thumbnailUrl\":\"https:\/\/movo-zaden.nl\/wp-content\/uploads\/2020\/03\/Diplo-31.jpg\",\"datePublished\":\"2021-02-11T13:50:43+00:00\",\"dateModified\":\"2022-04-12T09:27:11+00:00\",\"breadcrumb\":{\"@id\":\"https:\/\/movo-zaden.nl\/produkt\/movo-multigras\/#breadcrumb\"},\"inLanguage\":\"de\",\"potentialAction\":[{\"@type\":\"ReadAction\",\"target\":[\"https:\/\/movo-zaden.nl\/produkt\/movo-multigras\/\"]}]},{\"@type\":\"ImageObject\",\"inLanguage\":\"de\",\"@id\":\"https:\/\/movo-zaden.nl\/produkt\/movo-multigras\/#primaryimage\",\"url\":\"https:\/\/movo-zaden.nl\/wp-content\/uploads\/2020\/03\/Diplo-31.jpg\",\"contentUrl\":\"https:\/\/movo-zaden.nl\/wp-content\/uploads\/2020\/03\/Diplo-31.jpg\",\"width\":500,\"height\":350},{\"@type\":\"BreadcrumbList\",\"@id\":\"https:\/\/movo-zaden.nl\/produkt\/movo-multigras\/#breadcrumb\",\"itemListElement\":[{\"@type\":\"ListItem\",\"position\":1,\"name\":\"Home\",\"item\":\"https:\/\/movo-zaden.nl\/de\/\"},{\"@type\":\"ListItem\",\"position\":2,\"name\":\"Producten\",\"item\":\"https:\/\/movo-zaden.nl\/be\/shop\/\"},{\"@type\":\"ListItem\",\"position\":3,\"name\":\"MOVO-Multigras\"}]},{\"@type\":\"WebSite\",\"@id\":\"https:\/\/movo-zaden.nl\/#website\",\"url\":\"https:\/\/movo-zaden.nl\/\",\"name\":\"MOVO-Zaden\",\"description\":\"Groothandel en specialist in landbouwzaden\",\"publisher\":{\"@id\":\"https:\/\/movo-zaden.nl\/#organization\"},\"potentialAction\":[{\"@type\":\"SearchAction\",\"target\":{\"@type\":\"EntryPoint\",\"urlTemplate\":\"https:\/\/movo-zaden.nl\/?s={search_term_string}\"},\"query-input\":{\"@type\":\"PropertyValueSpecification\",\"valueRequired\":true,\"valueName\":\"search_term_string\"}}],\"inLanguage\":\"de\"},{\"@type\":\"Organization\",\"@id\":\"https:\/\/movo-zaden.nl\/#organization\",\"name\":\"MOVO-Zaden\",\"url\":\"https:\/\/movo-zaden.nl\/\",\"logo\":{\"@type\":\"ImageObject\",\"inLanguage\":\"de\",\"@id\":\"https:\/\/movo-zaden.nl\/#\/schema\/logo\/image\/\",\"url\":\"https:\/\/movo-zaden.nl\/wp-content\/uploads\/2020\/02\/Logo-MOVO-zaden-groot.png\",\"contentUrl\":\"https:\/\/movo-zaden.nl\/wp-content\/uploads\/2020\/02\/Logo-MOVO-zaden-groot.png\",\"width\":399,\"height\":148,\"caption\":\"MOVO-Zaden\"},\"image\":{\"@id\":\"https:\/\/movo-zaden.nl\/#\/schema\/logo\/image\/\"}}]}<\/script>\n<!-- \/ Yoast SEO plugin. -->","yoast_head_json":{"title":"MOVO-Multigras - MOVO-Zaden","robots":{"index":"index","follow":"follow","max-snippet":"max-snippet:-1","max-image-preview":"max-image-preview:large","max-video-preview":"max-video-preview:-1"},"canonical":"https:\/\/movo-zaden.nl\/produkt\/movo-multigras\/","og_locale":"de_DE","og_type":"article","og_title":"MOVO-Multigras - MOVO-Zaden","og_description":"Eine sehr gute neue Mischung zu einem wettbewerbsf\u00e4higen Preis.  Die neue Allround-Mischung, die entwickelt wurde, um eine budget\u00e4r starke Mischung anbieten zu k\u00f6nnen, die f\u00fcr alle Bedingungen geeignet ist, sowohl f\u00fcr die Beweidung als auch f\u00fcr das M\u00e4hen. Die Sorten sind gute, starke Sorten, die sich gegenseitig erg\u00e4nzen, so dass sie einen guten Ertrag einer starken, gesunden und vor allem schmackhaften Ernte garantieren! Empfohlen, wo zu s\u00e4en, oder wo nur 5-6 Jahre intensives Gras angebaut wird. Eine \"billige\" Alternative.","og_url":"https:\/\/movo-zaden.nl\/produkt\/movo-multigras\/","og_site_name":"MOVO-Zaden","article_modified_time":"2022-04-12T09:27:11+00:00","og_image":[{"width":500,"height":350,"url":"https:\/\/movo-zaden.nl\/wp-content\/uploads\/2020\/03\/Diplo-31.jpg","type":"image\/jpeg"}],"twitter_card":"summary_large_image","schema":{"@context":"https:\/\/schema.org","@graph":[{"@type":"WebPage","@id":"https:\/\/movo-zaden.nl\/produkt\/movo-multigras\/","url":"https:\/\/movo-zaden.nl\/produkt\/movo-multigras\/","name":"MOVO-Multigras - MOVO-Zaden","isPartOf":{"@id":"https:\/\/movo-zaden.nl\/#website"},"primaryImageOfPage":{"@id":"https:\/\/movo-zaden.nl\/produkt\/movo-multigras\/#primaryimage"},"image":{"@id":"https:\/\/movo-zaden.nl\/produkt\/movo-multigras\/#primaryimage"},"thumbnailUrl":"https:\/\/movo-zaden.nl\/wp-content\/uploads\/2020\/03\/Diplo-31.jpg","datePublished":"2021-02-11T13:50:43+00:00","dateModified":"2022-04-12T09:27:11+00:00","breadcrumb":{"@id":"https:\/\/movo-zaden.nl\/produkt\/movo-multigras\/#breadcrumb"},"inLanguage":"de","potentialAction":[{"@type":"ReadAction","target":["https:\/\/movo-zaden.nl\/produkt\/movo-multigras\/"]}]},{"@type":"ImageObject","inLanguage":"de","@id":"https:\/\/movo-zaden.nl\/produkt\/movo-multigras\/#primaryimage","url":"https:\/\/movo-zaden.nl\/wp-content\/uploads\/2020\/03\/Diplo-31.jpg","contentUrl":"https:\/\/movo-zaden.nl\/wp-content\/uploads\/2020\/03\/Diplo-31.jpg","width":500,"height":350},{"@type":"BreadcrumbList","@id":"https:\/\/movo-zaden.nl\/produkt\/movo-multigras\/#breadcrumb","itemListElement":[{"@type":"ListItem","position":1,"name":"Home","item":"https:\/\/movo-zaden.nl\/de\/"},{"@type":"ListItem","position":2,"name":"Producten","item":"https:\/\/movo-zaden.nl\/be\/shop\/"},{"@type":"ListItem","position":3,"name":"MOVO-Multigras"}]},{"@type":"WebSite","@id":"https:\/\/movo-zaden.nl\/#website","url":"https:\/\/movo-zaden.nl\/","name":"MOVO-Zaden","description":"Groothandel en specialist in landbouwzaden","publisher":{"@id":"https:\/\/movo-zaden.nl\/#organization"},"potentialAction":[{"@type":"SearchAction","target":{"@type":"EntryPoint","urlTemplate":"https:\/\/movo-zaden.nl\/?s={search_term_string}"},"query-input":{"@type":"PropertyValueSpecification","valueRequired":true,"valueName":"search_term_string"}}],"inLanguage":"de"},{"@type":"Organization","@id":"https:\/\/movo-zaden.nl\/#organization","name":"MOVO-Zaden","url":"https:\/\/movo-zaden.nl\/","logo":{"@type":"ImageObject","inLanguage":"de","@id":"https:\/\/movo-zaden.nl\/#\/schema\/logo\/image\/","url":"https:\/\/movo-zaden.nl\/wp-content\/uploads\/2020\/02\/Logo-MOVO-zaden-groot.png","contentUrl":"https:\/\/movo-zaden.nl\/wp-content\/uploads\/2020\/02\/Logo-MOVO-zaden-groot.png","width":399,"height":148,"caption":"MOVO-Zaden"},"image":{"@id":"https:\/\/movo-zaden.nl\/#\/schema\/logo\/image\/"}}]}},"_links":{"self":[{"href":"https:\/\/movo-zaden.nl\/de\/wp-json\/wp\/v2\/product\/9016","targetHints":{"allow":["GET"]}}],"collection":[{"href":"https:\/\/movo-zaden.nl\/de\/wp-json\/wp\/v2\/product"}],"about":[{"href":"https:\/\/movo-zaden.nl\/de\/wp-json\/wp\/v2\/types\/product"}],"version-history":[{"count":5,"href":"https:\/\/movo-zaden.nl\/de\/wp-json\/wp\/v2\/product\/9016\/revisions"}],"predecessor-version":[{"id":9021,"href":"https:\/\/movo-zaden.nl\/de\/wp-json\/wp\/v2\/product\/9016\/revisions\/9021"}],"wp:featuredmedia":[{"embeddable":true,"href":"https:\/\/movo-zaden.nl\/de\/wp-json\/wp\/v2\/media\/7934"}],"wp:attachment":[{"href":"https:\/\/movo-zaden.nl\/de\/wp-json\/wp\/v2\/media?parent=9016"}],"wp:term":[{"taxonomy":"product_brand","embeddable":true,"href":"https:\/\/movo-zaden.nl\/de\/wp-json\/wp\/v2\/product_brand?post=9016"},{"taxonomy":"product_cat","embeddable":true,"href":"https:\/\/movo-zaden.nl\/de\/wp-json\/wp\/v2\/product_cat?post=9016"},{"taxonomy":"product_tag","embeddable":true,"href":"https:\/\/movo-zaden.nl\/de\/wp-json\/wp\/v2\/product_tag?post=9016"}],"curies":[{"name":"wp","href":"https:\/\/api.w.org\/{rel}","templated":true}]}}