{"id":9023,"date":"2022-04-04T16:49:12","date_gmt":"2022-04-04T14:49:12","guid":{"rendered":"https:\/\/movo-zaden.nl\/product\/wildblumenpracht\/"},"modified":"2022-04-12T12:06:01","modified_gmt":"2022-04-12T10:06:01","slug":"wildblumenpracht","status":"publish","type":"product","link":"https:\/\/movo-zaden.nl\/de\/produkt\/wildblumenpracht\/","title":{"rendered":"Wildblumenpracht"},"content":{"rendered":"\t\t<div data-elementor-type=\"product-post\" data-elementor-id=\"9023\" class=\"elementor elementor-9023 elementor-9000\" data-elementor-post-type=\"product\">\n\t\t\t\t\t\t<section class=\"elementor-section elementor-top-section elementor-element elementor-element-e8c8fbb elementor-section-boxed elementor-section-height-default elementor-section-height-default\" data-id=\"e8c8fbb\" data-element_type=\"section\" data-e-type=\"section\">\n\t\t\t\t\t\t<div class=\"elementor-container elementor-column-gap-default\">\n\t\t\t\t\t<div class=\"elementor-column elementor-col-100 elementor-top-column elementor-element elementor-element-994bb05\" data-id=\"994bb05\" data-element_type=\"column\" data-e-type=\"column\">\n\t\t\t<div class=\"elementor-widget-wrap elementor-element-populated\">\n\t\t\t\t\t\t<div class=\"elementor-element elementor-element-e9e74cf elementor-align-left elementor-widget elementor-widget-button\" data-id=\"e9e74cf\" data-element_type=\"widget\" data-e-type=\"widget\" data-widget_type=\"button.default\">\n\t\t\t\t<div class=\"elementor-widget-container\">\n\t\t\t\t\t\t\t\t\t<div class=\"elementor-button-wrapper\">\n\t\t\t\t\t<a class=\"elementor-button elementor-size-sm\" role=\"button\">\n\t\t\t\t\t\t<span class=\"elementor-button-content-wrapper\">\n\t\t\t\t\t\t<span class=\"elementor-button-icon\">\n\t\t\t\t<i aria-hidden=\"true\" class=\"far fa-file-pdf\"><\/i>\t\t\t<\/span>\n\t\t\t\t\t\t\t\t<\/span>\n\t\t\t\t\t<\/a>\n\t\t\t\t<\/div>\n\t\t\t\t\t\t\t\t<\/div>\n\t\t\t\t<\/div>\n\t\t\t\t<div class=\"elementor-element elementor-element-443f4e6 elementor-widget elementor-widget-text-editor\" data-id=\"443f4e6\" data-element_type=\"widget\" data-e-type=\"widget\" data-widget_type=\"text-editor.default\">\n\t\t\t\t<div class=\"elementor-widget-container\">\n\t\t\t\t\t\t\t\t\t<table style=\"height: 168px; width: 100%; border-collapse: collapse;\" cellspacing=\"5\" cellpadding=\"5\">\n<tbody>\n<tr style=\"height: 24px;\">\n<td style=\"width: 7.72243%; height: 24px; background-color: #008cba; color: #ffffff;\"><strong>Komposition:<\/strong><\/td>\n<\/tr>\n<tr style=\"height: 24px;\">\n<td style=\"width: 7.72243%; height: 24px; background-color: #ffffff;\">Gartenrittersporn<br \/>\nHundszunge<br \/>\nSchleifenblume<br \/>\nGoldmohn<br \/>\nKornblume<br \/>\nMeerlevkoje<br \/>\nRingelblume<br \/>\nGartenresede<br \/>\nSommeraster<br \/>\nSommerazalee<br \/>\nL\u00f6wenm\u00e4ulchen<br \/>\nJungfer im Gr\u00fcnen<br \/>\nGoldlack<br \/>\nKuhnelke<br \/>\nRoter Lein<br \/>\nKelchnelke<br \/>\nFlammenblume<br \/>\nLeinkraut<br \/>\nSommer-Adonisr\u00f6schen<br \/>\nKaisernelke<br \/>\nSteinkraut<br \/>\nWiesenrispe<br \/>\nHorstrotschwingel<br \/>\nAusl\u00e4uferrotschwingel<br \/>\nSchleierkraut<br \/>\nPrachtwinde<\/td>\n<\/tr>\n<\/tbody>\n<\/table>\n\t\t\t\t\t\t\t\t<\/div>\n\t\t\t\t<\/div>\n\t\t\t\t\t<\/div>\n\t\t<\/div>\n\t\t\t\t\t<\/div>\n\t\t<\/section>\n\t\t\t\t<\/div>\n\t\t","protected":false},"excerpt":{"rendered":"<p>Eine vielf\u00e4ltige Komposition aus bunten Blumen.<\/p>\n<p>Diese Mischung besteht aus mehreren niedrig wachsenden Bl\u00fcten. Eine Augenweide, zieht sie auch viele Bienen und Insekten an. Feldblumenpracht ist eine Alternative zu &#8222;Einheitsgr\u00fcn&#8220; in Ihrem Garten oder entlang von Grundst\u00fccksr\u00e4ndern. Des Weiteren eignet sich diese Blumenmischung f\u00fcr die Aussaat entlang von Stra\u00dfen oder Kreisverkehren, da die Verkehrssicherheit durch die niedrig wachsenden Bl\u00fcher nicht beeintr\u00e4chtigt wird.<\/p>\n<p><strong>Aussaathinweis:<\/strong><br \/>\nWildblumenpracht<\/p>\n<ul style=\"list-style-type: square;\">\n<li><strong>10-15 kg\/ha*<\/strong><\/li>\n<li><strong>J\u00e4hrlich<\/strong><\/li>\n<li><strong>Aussaatzeit: April bis August<\/strong><\/li>\n<\/ul>\n<p>*Bitte beachten Sie: Wenn die Aussaatfl\u00e4che weniger als einen Hektar betr\u00e4gt, stellen Sie sicher, dass die Aussaatdichte je nach Aussaatmethode erh\u00f6ht wird. Kontaktieren Sie uns f\u00fcr eine Beratung.<\/p>\n","protected":false},"featured_media":9275,"template":"","meta":{"content-type":"","_monsterinsights_skip_tracking":false,"_monsterinsights_sitenote_active":false,"_monsterinsights_sitenote_note":"","_monsterinsights_sitenote_category":0},"product_brand":[],"product_cat":[141],"product_tag":[167],"class_list":{"0":"post-9023","1":"product","2":"type-product","3":"status-publish","4":"has-post-thumbnail","6":"product_cat-biotop-mischungen","7":"product_tag-anpassung","8":"entry","9":"has-media","11":"first","12":"instock","13":"shipping-taxable","14":"purchasable","15":"product-type-simple"},"yoast_head":"<!-- This site is optimized with the Yoast SEO plugin v27.1.1 - https:\/\/yoast.com\/product\/yoast-seo-wordpress\/ -->\n<title>Wildblumenpracht - MOVO-Zaden<\/title>\n<meta name=\"robots\" content=\"index, follow, max-snippet:-1, max-image-preview:large, max-video-preview:-1\" \/>\n<link rel=\"canonical\" href=\"https:\/\/movo-zaden.nl\/de\/product\/wildblumenpracht\/\" \/>\n<meta property=\"og:locale\" content=\"de_DE\" \/>\n<meta property=\"og:type\" content=\"article\" \/>\n<meta property=\"og:title\" content=\"Wildblumenpracht - MOVO-Zaden\" \/>\n<meta property=\"og:description\" content=\"Eine vielf\u00e4ltige Komposition aus bunten Blumen.  Diese Mischung besteht aus mehreren niedrig wachsenden Bl\u00fcten. Eine Augenweide, zieht sie auch viele Bienen und Insekten an. Feldblumenpracht ist eine Alternative zu &quot;Einheitsgr\u00fcn&quot; in Ihrem Garten oder entlang von Grundst\u00fccksr\u00e4ndern. Des Weiteren eignet sich diese Blumenmischung f\u00fcr die Aussaat entlang von Stra\u00dfen oder Kreisverkehren, da die Verkehrssicherheit durch die niedrig wachsenden Bl\u00fcher nicht beeintr\u00e4chtigt wird.  Aussaathinweis: Wildblumenpracht   10-15 kg\/ha*  J\u00e4hrlich  Aussaatzeit: April bis August  *Bitte beachten Sie: Wenn die Aussaatfl\u00e4che weniger als einen Hektar betr\u00e4gt, stellen Sie sicher, dass die Aussaatdichte je nach Aussaatmethode erh\u00f6ht wird. Kontaktieren Sie uns f\u00fcr eine Beratung.\" \/>\n<meta property=\"og:url\" content=\"https:\/\/movo-zaden.nl\/de\/product\/wildblumenpracht\/\" \/>\n<meta property=\"og:site_name\" content=\"MOVO-Zaden\" \/>\n<meta property=\"article:modified_time\" content=\"2022-04-12T10:06:01+00:00\" \/>\n<meta name=\"twitter:card\" content=\"summary_large_image\" \/>\n<script type=\"application\/ld+json\" class=\"yoast-schema-graph\">{\"@context\":\"https:\/\/schema.org\",\"@graph\":[{\"@type\":\"WebPage\",\"@id\":\"https:\/\/movo-zaden.nl\/de\/product\/wildblumenpracht\/\",\"url\":\"https:\/\/movo-zaden.nl\/de\/product\/wildblumenpracht\/\",\"name\":\"Wildblumenpracht - MOVO-Zaden\",\"isPartOf\":{\"@id\":\"https:\/\/movo-zaden.nl\/#website\"},\"primaryImageOfPage\":{\"@id\":\"https:\/\/movo-zaden.nl\/de\/product\/wildblumenpracht\/#primaryimage\"},\"image\":{\"@id\":\"https:\/\/movo-zaden.nl\/de\/product\/wildblumenpracht\/#primaryimage\"},\"thumbnailUrl\":\"https:\/\/movo-zaden.nl\/wp-content\/uploads\/2022\/04\/IMG_0377-scaled.jpg\",\"datePublished\":\"2022-04-04T14:49:12+00:00\",\"dateModified\":\"2022-04-12T10:06:01+00:00\",\"breadcrumb\":{\"@id\":\"https:\/\/movo-zaden.nl\/de\/product\/wildblumenpracht\/#breadcrumb\"},\"inLanguage\":\"de\",\"potentialAction\":[{\"@type\":\"ReadAction\",\"target\":[\"https:\/\/movo-zaden.nl\/de\/product\/wildblumenpracht\/\"]}]},{\"@type\":\"ImageObject\",\"inLanguage\":\"de\",\"@id\":\"https:\/\/movo-zaden.nl\/de\/product\/wildblumenpracht\/#primaryimage\",\"url\":\"https:\/\/movo-zaden.nl\/wp-content\/uploads\/2022\/04\/IMG_0377-scaled.jpg\",\"contentUrl\":\"https:\/\/movo-zaden.nl\/wp-content\/uploads\/2022\/04\/IMG_0377-scaled.jpg\",\"width\":2560,\"height\":1707,\"caption\":\"korenbloem paars blauw\"},{\"@type\":\"BreadcrumbList\",\"@id\":\"https:\/\/movo-zaden.nl\/de\/product\/wildblumenpracht\/#breadcrumb\",\"itemListElement\":[{\"@type\":\"ListItem\",\"position\":1,\"name\":\"Home\",\"item\":\"https:\/\/movo-zaden.nl\/de\/\"},{\"@type\":\"ListItem\",\"position\":2,\"name\":\"Producten\",\"item\":\"https:\/\/movo-zaden.nl\/be\/shop\/\"},{\"@type\":\"ListItem\",\"position\":3,\"name\":\"Wildblumenpracht\"}]},{\"@type\":\"WebSite\",\"@id\":\"https:\/\/movo-zaden.nl\/#website\",\"url\":\"https:\/\/movo-zaden.nl\/\",\"name\":\"MOVO-Zaden\",\"description\":\"Groothandel en specialist in landbouwzaden\",\"publisher\":{\"@id\":\"https:\/\/movo-zaden.nl\/#organization\"},\"potentialAction\":[{\"@type\":\"SearchAction\",\"target\":{\"@type\":\"EntryPoint\",\"urlTemplate\":\"https:\/\/movo-zaden.nl\/?s={search_term_string}\"},\"query-input\":{\"@type\":\"PropertyValueSpecification\",\"valueRequired\":true,\"valueName\":\"search_term_string\"}}],\"inLanguage\":\"de\"},{\"@type\":\"Organization\",\"@id\":\"https:\/\/movo-zaden.nl\/#organization\",\"name\":\"MOVO-Zaden\",\"url\":\"https:\/\/movo-zaden.nl\/\",\"logo\":{\"@type\":\"ImageObject\",\"inLanguage\":\"de\",\"@id\":\"https:\/\/movo-zaden.nl\/#\/schema\/logo\/image\/\",\"url\":\"https:\/\/movo-zaden.nl\/wp-content\/uploads\/2020\/02\/Logo-MOVO-zaden-groot.png\",\"contentUrl\":\"https:\/\/movo-zaden.nl\/wp-content\/uploads\/2020\/02\/Logo-MOVO-zaden-groot.png\",\"width\":399,\"height\":148,\"caption\":\"MOVO-Zaden\"},\"image\":{\"@id\":\"https:\/\/movo-zaden.nl\/#\/schema\/logo\/image\/\"}}]}<\/script>\n<!-- \/ Yoast SEO plugin. -->","yoast_head_json":{"title":"Wildblumenpracht - MOVO-Zaden","robots":{"index":"index","follow":"follow","max-snippet":"max-snippet:-1","max-image-preview":"max-image-preview:large","max-video-preview":"max-video-preview:-1"},"canonical":"https:\/\/movo-zaden.nl\/de\/product\/wildblumenpracht\/","og_locale":"de_DE","og_type":"article","og_title":"Wildblumenpracht - MOVO-Zaden","og_description":"Eine vielf\u00e4ltige Komposition aus bunten Blumen.  Diese Mischung besteht aus mehreren niedrig wachsenden Bl\u00fcten. Eine Augenweide, zieht sie auch viele Bienen und Insekten an. Feldblumenpracht ist eine Alternative zu \"Einheitsgr\u00fcn\" in Ihrem Garten oder entlang von Grundst\u00fccksr\u00e4ndern. Des Weiteren eignet sich diese Blumenmischung f\u00fcr die Aussaat entlang von Stra\u00dfen oder Kreisverkehren, da die Verkehrssicherheit durch die niedrig wachsenden Bl\u00fcher nicht beeintr\u00e4chtigt wird.  Aussaathinweis: Wildblumenpracht   10-15 kg\/ha*  J\u00e4hrlich  Aussaatzeit: April bis August  *Bitte beachten Sie: Wenn die Aussaatfl\u00e4che weniger als einen Hektar betr\u00e4gt, stellen Sie sicher, dass die Aussaatdichte je nach Aussaatmethode erh\u00f6ht wird. Kontaktieren Sie uns f\u00fcr eine Beratung.","og_url":"https:\/\/movo-zaden.nl\/de\/product\/wildblumenpracht\/","og_site_name":"MOVO-Zaden","article_modified_time":"2022-04-12T10:06:01+00:00","twitter_card":"summary_large_image","schema":{"@context":"https:\/\/schema.org","@graph":[{"@type":"WebPage","@id":"https:\/\/movo-zaden.nl\/de\/product\/wildblumenpracht\/","url":"https:\/\/movo-zaden.nl\/de\/product\/wildblumenpracht\/","name":"Wildblumenpracht - MOVO-Zaden","isPartOf":{"@id":"https:\/\/movo-zaden.nl\/#website"},"primaryImageOfPage":{"@id":"https:\/\/movo-zaden.nl\/de\/product\/wildblumenpracht\/#primaryimage"},"image":{"@id":"https:\/\/movo-zaden.nl\/de\/product\/wildblumenpracht\/#primaryimage"},"thumbnailUrl":"https:\/\/movo-zaden.nl\/wp-content\/uploads\/2022\/04\/IMG_0377-scaled.jpg","datePublished":"2022-04-04T14:49:12+00:00","dateModified":"2022-04-12T10:06:01+00:00","breadcrumb":{"@id":"https:\/\/movo-zaden.nl\/de\/product\/wildblumenpracht\/#breadcrumb"},"inLanguage":"de","potentialAction":[{"@type":"ReadAction","target":["https:\/\/movo-zaden.nl\/de\/product\/wildblumenpracht\/"]}]},{"@type":"ImageObject","inLanguage":"de","@id":"https:\/\/movo-zaden.nl\/de\/product\/wildblumenpracht\/#primaryimage","url":"https:\/\/movo-zaden.nl\/wp-content\/uploads\/2022\/04\/IMG_0377-scaled.jpg","contentUrl":"https:\/\/movo-zaden.nl\/wp-content\/uploads\/2022\/04\/IMG_0377-scaled.jpg","width":2560,"height":1707,"caption":"korenbloem paars blauw"},{"@type":"BreadcrumbList","@id":"https:\/\/movo-zaden.nl\/de\/product\/wildblumenpracht\/#breadcrumb","itemListElement":[{"@type":"ListItem","position":1,"name":"Home","item":"https:\/\/movo-zaden.nl\/de\/"},{"@type":"ListItem","position":2,"name":"Producten","item":"https:\/\/movo-zaden.nl\/be\/shop\/"},{"@type":"ListItem","position":3,"name":"Wildblumenpracht"}]},{"@type":"WebSite","@id":"https:\/\/movo-zaden.nl\/#website","url":"https:\/\/movo-zaden.nl\/","name":"MOVO-Zaden","description":"Groothandel en specialist in landbouwzaden","publisher":{"@id":"https:\/\/movo-zaden.nl\/#organization"},"potentialAction":[{"@type":"SearchAction","target":{"@type":"EntryPoint","urlTemplate":"https:\/\/movo-zaden.nl\/?s={search_term_string}"},"query-input":{"@type":"PropertyValueSpecification","valueRequired":true,"valueName":"search_term_string"}}],"inLanguage":"de"},{"@type":"Organization","@id":"https:\/\/movo-zaden.nl\/#organization","name":"MOVO-Zaden","url":"https:\/\/movo-zaden.nl\/","logo":{"@type":"ImageObject","inLanguage":"de","@id":"https:\/\/movo-zaden.nl\/#\/schema\/logo\/image\/","url":"https:\/\/movo-zaden.nl\/wp-content\/uploads\/2020\/02\/Logo-MOVO-zaden-groot.png","contentUrl":"https:\/\/movo-zaden.nl\/wp-content\/uploads\/2020\/02\/Logo-MOVO-zaden-groot.png","width":399,"height":148,"caption":"MOVO-Zaden"},"image":{"@id":"https:\/\/movo-zaden.nl\/#\/schema\/logo\/image\/"}}]}},"_links":{"self":[{"href":"https:\/\/movo-zaden.nl\/de\/wp-json\/wp\/v2\/product\/9023","targetHints":{"allow":["GET"]}}],"collection":[{"href":"https:\/\/movo-zaden.nl\/de\/wp-json\/wp\/v2\/product"}],"about":[{"href":"https:\/\/movo-zaden.nl\/de\/wp-json\/wp\/v2\/types\/product"}],"version-history":[{"count":3,"href":"https:\/\/movo-zaden.nl\/de\/wp-json\/wp\/v2\/product\/9023\/revisions"}],"predecessor-version":[{"id":9027,"href":"https:\/\/movo-zaden.nl\/de\/wp-json\/wp\/v2\/product\/9023\/revisions\/9027"}],"wp:featuredmedia":[{"embeddable":true,"href":"https:\/\/movo-zaden.nl\/de\/wp-json\/wp\/v2\/media\/9275"}],"wp:attachment":[{"href":"https:\/\/movo-zaden.nl\/de\/wp-json\/wp\/v2\/media?parent=9023"}],"wp:term":[{"taxonomy":"product_brand","embeddable":true,"href":"https:\/\/movo-zaden.nl\/de\/wp-json\/wp\/v2\/product_brand?post=9023"},{"taxonomy":"product_cat","embeddable":true,"href":"https:\/\/movo-zaden.nl\/de\/wp-json\/wp\/v2\/product_cat?post=9023"},{"taxonomy":"product_tag","embeddable":true,"href":"https:\/\/movo-zaden.nl\/de\/wp-json\/wp\/v2\/product_tag?post=9023"}],"curies":[{"name":"wp","href":"https:\/\/api.w.org\/{rel}","templated":true}]}}