{"id":9413,"date":"2022-12-14T14:11:01","date_gmt":"2022-12-14T13:11:01","guid":{"rendered":"https:\/\/movo-zaden.nl\/?post_type=product&#038;p=9413"},"modified":"2022-12-14T15:19:21","modified_gmt":"2022-12-14T14:19:21","slug":"sisi-mittelfrueh-mais","status":"publish","type":"product","link":"https:\/\/movo-zaden.nl\/de\/produkt\/sisi-mittelfrueh-mais\/","title":{"rendered":"Sisi"},"content":{"rendered":"\t\t<div data-elementor-type=\"product-post\" data-elementor-id=\"9413\" class=\"elementor elementor-9413\" data-elementor-post-type=\"product\">\n\t\t\t\t\t\t<section class=\"elementor-section elementor-top-section elementor-element elementor-element-decf203 elementor-section-boxed elementor-section-height-default elementor-section-height-default\" data-id=\"decf203\" data-element_type=\"section\" data-e-type=\"section\">\n\t\t\t\t\t\t<div class=\"elementor-container elementor-column-gap-default\">\n\t\t\t\t\t<div class=\"elementor-column elementor-col-100 elementor-top-column elementor-element elementor-element-36745f9\" data-id=\"36745f9\" data-element_type=\"column\" data-e-type=\"column\">\n\t\t\t<div class=\"elementor-widget-wrap elementor-element-populated\">\n\t\t\t\t\t\t<div class=\"elementor-element elementor-element-65823b1 elementor-tabs-view-horizontal elementor-widget elementor-widget-tabs\" data-id=\"65823b1\" data-element_type=\"widget\" data-e-type=\"widget\" data-widget_type=\"tabs.default\">\n\t\t\t\t<div class=\"elementor-widget-container\">\n\t\t\t\t\t\t\t<div class=\"elementor-tabs\">\n\t\t\t<div class=\"elementor-tabs-wrapper\" role=\"tablist\" >\n\t\t\t\t\t\t\t\t\t<div id=\"elementor-tab-title-1061\" class=\"elementor-tab-title elementor-tab-desktop-title\" aria-selected=\"true\" data-tab=\"1\" role=\"tab\" tabindex=\"0\" aria-controls=\"elementor-tab-content-1061\" aria-expanded=\"false\">Sortentest Twente<\/div>\n\t\t\t\t\t\t\t\t\t<div id=\"elementor-tab-title-1062\" class=\"elementor-tab-title elementor-tab-desktop-title\" aria-selected=\"false\" data-tab=\"2\" role=\"tab\" tabindex=\"-1\" aria-controls=\"elementor-tab-content-1062\" aria-expanded=\"false\">Resultate Euregio<\/div>\n\t\t\t\t\t\t\t<\/div>\n\t\t\t<div class=\"elementor-tabs-content-wrapper\" role=\"tablist\" aria-orientation=\"vertical\">\n\t\t\t\t\t\t\t\t\t<div class=\"elementor-tab-title elementor-tab-mobile-title\" aria-selected=\"true\" data-tab=\"1\" role=\"tab\" tabindex=\"0\" aria-controls=\"elementor-tab-content-1061\" aria-expanded=\"false\">Sortentest Twente<\/div>\n\t\t\t\t\t<div id=\"elementor-tab-content-1061\" class=\"elementor-tab-content elementor-clearfix\" data-tab=\"1\" role=\"tabpanel\" aria-labelledby=\"elementor-tab-title-1061\" tabindex=\"0\" hidden=\"false\"><table style=\"height: 168px; width: 0%; border-collapse: collapse;\" cellspacing=\"5\" cellpadding=\"5\"><tbody><tr style=\"height: 24px;\"><td style=\"width: 33.2734%; height: 24px; background-color: #008cba; color: #ffffff;\" colspan=\"2\"><strong>Und Praxis Erfahrungen 2022<\/strong><\/td><\/tr><tr style=\"height: 24px;\"><td style=\"width: 1.73611%; height: 24px;\">Frischmasse (t)<\/td><td style=\"width: 31.5373%; height: 24px;\">69<\/td><\/tr><tr style=\"height: 24px;\"><td style=\"width: 1.73611%; height: 24px;\">TS %<\/td><td style=\"width: 31.5373%; height: 24px;\">35<\/td><\/tr><tr style=\"height: 24px;\"><td style=\"width: 1.73611%; height: 24px;\">TS Ertrag (t)<\/td><td style=\"width: 31.5373%; height: 24px;\">24,2<\/td><\/tr><tr style=\"height: 24px;\"><td style=\"width: 1.73611%; height: 24px;\"><p>Energie (VEM)<\/p><\/td><td style=\"width: 31.5373%; height: 24px;\">975<\/td><\/tr><tr style=\"height: 24px;\"><td style=\"width: 1.73611%; height: 24px;\">St\u00e4rke %<\/td><td style=\"width: 31.5373%; height: 24px;\">37,0<\/td><\/tr><tr style=\"height: 24px;\"><td style=\"width: 1.73611%; height: 24px;\">Energie\/ha (VEM)<\/td><td style=\"width: 31.5373%; height: 24px;\">23.595<\/td><\/tr><\/tbody><\/table><\/div>\n\t\t\t\t\t\t\t\t\t<div class=\"elementor-tab-title elementor-tab-mobile-title\" aria-selected=\"false\" data-tab=\"2\" role=\"tab\" tabindex=\"-1\" aria-controls=\"elementor-tab-content-1062\" aria-expanded=\"false\">Resultate Euregio<\/div>\n\t\t\t\t\t<div id=\"elementor-tab-content-1062\" class=\"elementor-tab-content elementor-clearfix\" data-tab=\"2\" role=\"tabpanel\" aria-labelledby=\"elementor-tab-title-1062\" tabindex=\"0\" hidden=\"hidden\"><table style=\"height: 329px; width: 0%; border-collapse: collapse;\" cellspacing=\"5\" cellpadding=\"5\"><tbody><tr style=\"height: 24px;\"><td style=\"width: 70.663%; height: 24px; background-color: #008cba; color: #ffffff;\" colspan=\"2\"><strong>Und Praxis Erfahrungen 2022<\/strong><strong><br \/><\/strong><\/td><\/tr><tr style=\"height: 24px;\"><td style=\"width: 1.73611%; height: 24px;\">Jugendentwicklung<\/td><td style=\"width: 68.9269%; height: 24px;\">8,0<\/td><\/tr><tr style=\"height: 24px;\"><td style=\"width: 1.73611%; height: 24px;\">Standfestigkeit<\/td><td style=\"width: 68.9269%; height: 24px;\">7,6<\/td><\/tr><tr style=\"height: 24px;\"><td style=\"width: 1.73611%; height: 24px;\">Resist. Fusarium<\/td><td style=\"width: 68.9269%; height: 24px;\">7,8<\/td><\/tr><tr style=\"height: 24px;\"><td style=\"width: 1.73611%; height: 24px;\">Resist. Blattkrankenheiten<\/td><td style=\"width: 68.9269%; height: 24px;\">7,8<\/td><\/tr><tr style=\"height: 24px;\"><td style=\"width: 1.73611%; height: 24px;\">Resist. Beulenbrand<\/td><td style=\"width: 68.9269%; height: 24px;\">7,5<\/td><\/tr><tr style=\"height: 24px;\"><td style=\"width: 1.73611%; height: 24px;\">Allgemeiner Eindruck<\/td><td style=\"width: 68.9269%; height: 24px;\">8,0<\/td><\/tr><\/tbody><\/table><\/div>\n\t\t\t\t\t\t\t<\/div>\n\t\t<\/div>\n\t\t\t\t\t\t<\/div>\n\t\t\t\t<\/div>\n\t\t\t\t\t<\/div>\n\t\t<\/div>\n\t\t\t\t\t<\/div>\n\t\t<\/section>\n\t\t\t\t<\/div>\n\t\t","protected":false},"excerpt":{"rendered":"<p><span class=\"fontstyle0\">Sisi, die royale Mais-Kombination im Mittelfr\u00fchen Bereich <\/span><span class=\"fontstyle2\">Ihr majest\u00e4tisches und imposantes Erscheinungsbild stellte sich dieses Jahr als \u201eder Magnet\u201c auf den Demofeldern heraus.<br \/>\n<\/span><\/p>\n<p><span class=\"fontstyle2\">Sisi ist eine gesunde und resistente Kombination aus sorgf\u00e4ltig ausgew\u00e4hlter Genetik, welche sich zu dieser kaiserlichen Pflanze entfalten. Sisi, die ausgesprochen ertragreiche und energiegeladene Doppelnutzungssorte.<\/span><\/p>\n<p><strong><span class=\"fontstyle0\">Empfohlene Aussaatst\u00e4rke: 80.000 &#8211; 85.000 K\u00f6rner\/ha<\/span><\/strong><\/p>\n","protected":false},"featured_media":9424,"template":"","meta":{"content-type":"","_monsterinsights_skip_tracking":false,"_monsterinsights_sitenote_active":false,"_monsterinsights_sitenote_note":"","_monsterinsights_sitenote_category":0},"product_brand":[],"product_cat":[145],"product_tag":[150],"class_list":{"0":"post-9413","1":"product","2":"type-product","3":"status-publish","4":"has-post-thumbnail","6":"product_cat-mais-de","7":"product_tag-opticoat-de","8":"pa_type-2-mais","9":"pa_vroegheid-mitte-fruh","10":"entry","11":"has-media","13":"first","14":"instock","15":"shipping-taxable","16":"purchasable","17":"product-type-simple"},"yoast_head":"<!-- This site is optimized with the Yoast SEO plugin v27.1.1 - https:\/\/yoast.com\/product\/yoast-seo-wordpress\/ -->\n<title>Sisi | Mittelfr\u00fch | mais<\/title>\n<meta name=\"description\" content=\"Sisi, die royale Mais-Kombination im Mittelfr\u00fchen Bereich Ihr majest\u00e4tisches und imposantes Erscheinungsbild stellte sich dieses Jahr als \u201eder Magnet\u201c auf den Demofeldern heraus.\" \/>\n<meta name=\"robots\" content=\"index, follow, max-snippet:-1, max-image-preview:large, max-video-preview:-1\" \/>\n<link rel=\"canonical\" href=\"https:\/\/movo-zaden.nl\/de\/product\/sisi-mittelfrueh-mais\/\" \/>\n<meta property=\"og:locale\" content=\"de_DE\" \/>\n<meta property=\"og:type\" content=\"article\" \/>\n<meta property=\"og:title\" content=\"Sisi | Mittelfr\u00fch | mais\" \/>\n<meta property=\"og:description\" content=\"Sisi, die royale Mais-Kombination im Mittelfr\u00fchen Bereich Ihr majest\u00e4tisches und imposantes Erscheinungsbild stellte sich dieses Jahr als \u201eder Magnet\u201c auf den Demofeldern heraus.\" \/>\n<meta property=\"og:url\" content=\"https:\/\/movo-zaden.nl\/de\/product\/sisi-mittelfrueh-mais\/\" \/>\n<meta property=\"og:site_name\" content=\"MOVO-Zaden\" \/>\n<meta property=\"article:modified_time\" content=\"2022-12-14T14:19:21+00:00\" \/>\n<meta property=\"og:image\" content=\"https:\/\/movo-zaden.nl\/wp-content\/uploads\/2022\/12\/corn-g36cf44777_1920.jpg\" \/>\n\t<meta property=\"og:image:width\" content=\"1920\" \/>\n\t<meta property=\"og:image:height\" content=\"1280\" \/>\n\t<meta property=\"og:image:type\" content=\"image\/jpeg\" \/>\n<meta name=\"twitter:card\" content=\"summary_large_image\" \/>\n<meta name=\"twitter:label1\" content=\"Gesch\u00e4tzte Lesezeit\" \/>\n\t<meta name=\"twitter:data1\" content=\"1\u00a0Minute\" \/>\n<script type=\"application\/ld+json\" class=\"yoast-schema-graph\">{\"@context\":\"https:\/\/schema.org\",\"@graph\":[{\"@type\":\"WebPage\",\"@id\":\"https:\/\/movo-zaden.nl\/de\/product\/sisi-mittelfrueh-mais\/\",\"url\":\"https:\/\/movo-zaden.nl\/de\/product\/sisi-mittelfrueh-mais\/\",\"name\":\"Sisi | Mittelfr\u00fch | mais\",\"isPartOf\":{\"@id\":\"https:\/\/movo-zaden.nl\/#website\"},\"primaryImageOfPage\":{\"@id\":\"https:\/\/movo-zaden.nl\/de\/product\/sisi-mittelfrueh-mais\/#primaryimage\"},\"image\":{\"@id\":\"https:\/\/movo-zaden.nl\/de\/product\/sisi-mittelfrueh-mais\/#primaryimage\"},\"thumbnailUrl\":\"https:\/\/movo-zaden.nl\/wp-content\/uploads\/2022\/12\/corn-g36cf44777_1920.jpg\",\"datePublished\":\"2022-12-14T13:11:01+00:00\",\"dateModified\":\"2022-12-14T14:19:21+00:00\",\"description\":\"Sisi, die royale Mais-Kombination im Mittelfr\u00fchen Bereich Ihr majest\u00e4tisches und imposantes Erscheinungsbild stellte sich dieses Jahr als \u201eder Magnet\u201c auf den Demofeldern heraus.\",\"breadcrumb\":{\"@id\":\"https:\/\/movo-zaden.nl\/de\/product\/sisi-mittelfrueh-mais\/#breadcrumb\"},\"inLanguage\":\"de\",\"potentialAction\":[{\"@type\":\"ReadAction\",\"target\":[\"https:\/\/movo-zaden.nl\/de\/product\/sisi-mittelfrueh-mais\/\"]}]},{\"@type\":\"ImageObject\",\"inLanguage\":\"de\",\"@id\":\"https:\/\/movo-zaden.nl\/de\/product\/sisi-mittelfrueh-mais\/#primaryimage\",\"url\":\"https:\/\/movo-zaden.nl\/wp-content\/uploads\/2022\/12\/corn-g36cf44777_1920.jpg\",\"contentUrl\":\"https:\/\/movo-zaden.nl\/wp-content\/uploads\/2022\/12\/corn-g36cf44777_1920.jpg\",\"width\":1920,\"height\":1280,\"caption\":\"Sisi mais\"},{\"@type\":\"BreadcrumbList\",\"@id\":\"https:\/\/movo-zaden.nl\/de\/product\/sisi-mittelfrueh-mais\/#breadcrumb\",\"itemListElement\":[{\"@type\":\"ListItem\",\"position\":1,\"name\":\"Home\",\"item\":\"https:\/\/movo-zaden.nl\/de\/\"},{\"@type\":\"ListItem\",\"position\":2,\"name\":\"Producten\",\"item\":\"https:\/\/movo-zaden.nl\/be\/shop\/\"},{\"@type\":\"ListItem\",\"position\":3,\"name\":\"Sisi\"}]},{\"@type\":\"WebSite\",\"@id\":\"https:\/\/movo-zaden.nl\/#website\",\"url\":\"https:\/\/movo-zaden.nl\/\",\"name\":\"MOVO-Zaden\",\"description\":\"Groothandel en specialist in landbouwzaden\",\"publisher\":{\"@id\":\"https:\/\/movo-zaden.nl\/#organization\"},\"potentialAction\":[{\"@type\":\"SearchAction\",\"target\":{\"@type\":\"EntryPoint\",\"urlTemplate\":\"https:\/\/movo-zaden.nl\/?s={search_term_string}\"},\"query-input\":{\"@type\":\"PropertyValueSpecification\",\"valueRequired\":true,\"valueName\":\"search_term_string\"}}],\"inLanguage\":\"de\"},{\"@type\":\"Organization\",\"@id\":\"https:\/\/movo-zaden.nl\/#organization\",\"name\":\"MOVO-Zaden\",\"url\":\"https:\/\/movo-zaden.nl\/\",\"logo\":{\"@type\":\"ImageObject\",\"inLanguage\":\"de\",\"@id\":\"https:\/\/movo-zaden.nl\/#\/schema\/logo\/image\/\",\"url\":\"https:\/\/movo-zaden.nl\/wp-content\/uploads\/2020\/02\/Logo-MOVO-zaden-groot.png\",\"contentUrl\":\"https:\/\/movo-zaden.nl\/wp-content\/uploads\/2020\/02\/Logo-MOVO-zaden-groot.png\",\"width\":399,\"height\":148,\"caption\":\"MOVO-Zaden\"},\"image\":{\"@id\":\"https:\/\/movo-zaden.nl\/#\/schema\/logo\/image\/\"}}]}<\/script>\n<!-- \/ Yoast SEO plugin. -->","yoast_head_json":{"title":"Sisi | Mittelfr\u00fch | mais","description":"Sisi, die royale Mais-Kombination im Mittelfr\u00fchen Bereich Ihr majest\u00e4tisches und imposantes Erscheinungsbild stellte sich dieses Jahr als \u201eder Magnet\u201c auf den Demofeldern heraus.","robots":{"index":"index","follow":"follow","max-snippet":"max-snippet:-1","max-image-preview":"max-image-preview:large","max-video-preview":"max-video-preview:-1"},"canonical":"https:\/\/movo-zaden.nl\/de\/product\/sisi-mittelfrueh-mais\/","og_locale":"de_DE","og_type":"article","og_title":"Sisi | Mittelfr\u00fch | mais","og_description":"Sisi, die royale Mais-Kombination im Mittelfr\u00fchen Bereich Ihr majest\u00e4tisches und imposantes Erscheinungsbild stellte sich dieses Jahr als \u201eder Magnet\u201c auf den Demofeldern heraus.","og_url":"https:\/\/movo-zaden.nl\/de\/product\/sisi-mittelfrueh-mais\/","og_site_name":"MOVO-Zaden","article_modified_time":"2022-12-14T14:19:21+00:00","og_image":[{"width":1920,"height":1280,"url":"https:\/\/movo-zaden.nl\/wp-content\/uploads\/2022\/12\/corn-g36cf44777_1920.jpg","type":"image\/jpeg"}],"twitter_card":"summary_large_image","twitter_misc":{"Gesch\u00e4tzte Lesezeit":"1\u00a0Minute"},"schema":{"@context":"https:\/\/schema.org","@graph":[{"@type":"WebPage","@id":"https:\/\/movo-zaden.nl\/de\/product\/sisi-mittelfrueh-mais\/","url":"https:\/\/movo-zaden.nl\/de\/product\/sisi-mittelfrueh-mais\/","name":"Sisi | Mittelfr\u00fch | mais","isPartOf":{"@id":"https:\/\/movo-zaden.nl\/#website"},"primaryImageOfPage":{"@id":"https:\/\/movo-zaden.nl\/de\/product\/sisi-mittelfrueh-mais\/#primaryimage"},"image":{"@id":"https:\/\/movo-zaden.nl\/de\/product\/sisi-mittelfrueh-mais\/#primaryimage"},"thumbnailUrl":"https:\/\/movo-zaden.nl\/wp-content\/uploads\/2022\/12\/corn-g36cf44777_1920.jpg","datePublished":"2022-12-14T13:11:01+00:00","dateModified":"2022-12-14T14:19:21+00:00","description":"Sisi, die royale Mais-Kombination im Mittelfr\u00fchen Bereich Ihr majest\u00e4tisches und imposantes Erscheinungsbild stellte sich dieses Jahr als \u201eder Magnet\u201c auf den Demofeldern heraus.","breadcrumb":{"@id":"https:\/\/movo-zaden.nl\/de\/product\/sisi-mittelfrueh-mais\/#breadcrumb"},"inLanguage":"de","potentialAction":[{"@type":"ReadAction","target":["https:\/\/movo-zaden.nl\/de\/product\/sisi-mittelfrueh-mais\/"]}]},{"@type":"ImageObject","inLanguage":"de","@id":"https:\/\/movo-zaden.nl\/de\/product\/sisi-mittelfrueh-mais\/#primaryimage","url":"https:\/\/movo-zaden.nl\/wp-content\/uploads\/2022\/12\/corn-g36cf44777_1920.jpg","contentUrl":"https:\/\/movo-zaden.nl\/wp-content\/uploads\/2022\/12\/corn-g36cf44777_1920.jpg","width":1920,"height":1280,"caption":"Sisi mais"},{"@type":"BreadcrumbList","@id":"https:\/\/movo-zaden.nl\/de\/product\/sisi-mittelfrueh-mais\/#breadcrumb","itemListElement":[{"@type":"ListItem","position":1,"name":"Home","item":"https:\/\/movo-zaden.nl\/de\/"},{"@type":"ListItem","position":2,"name":"Producten","item":"https:\/\/movo-zaden.nl\/be\/shop\/"},{"@type":"ListItem","position":3,"name":"Sisi"}]},{"@type":"WebSite","@id":"https:\/\/movo-zaden.nl\/#website","url":"https:\/\/movo-zaden.nl\/","name":"MOVO-Zaden","description":"Groothandel en specialist in landbouwzaden","publisher":{"@id":"https:\/\/movo-zaden.nl\/#organization"},"potentialAction":[{"@type":"SearchAction","target":{"@type":"EntryPoint","urlTemplate":"https:\/\/movo-zaden.nl\/?s={search_term_string}"},"query-input":{"@type":"PropertyValueSpecification","valueRequired":true,"valueName":"search_term_string"}}],"inLanguage":"de"},{"@type":"Organization","@id":"https:\/\/movo-zaden.nl\/#organization","name":"MOVO-Zaden","url":"https:\/\/movo-zaden.nl\/","logo":{"@type":"ImageObject","inLanguage":"de","@id":"https:\/\/movo-zaden.nl\/#\/schema\/logo\/image\/","url":"https:\/\/movo-zaden.nl\/wp-content\/uploads\/2020\/02\/Logo-MOVO-zaden-groot.png","contentUrl":"https:\/\/movo-zaden.nl\/wp-content\/uploads\/2020\/02\/Logo-MOVO-zaden-groot.png","width":399,"height":148,"caption":"MOVO-Zaden"},"image":{"@id":"https:\/\/movo-zaden.nl\/#\/schema\/logo\/image\/"}}]}},"_links":{"self":[{"href":"https:\/\/movo-zaden.nl\/de\/wp-json\/wp\/v2\/product\/9413","targetHints":{"allow":["GET"]}}],"collection":[{"href":"https:\/\/movo-zaden.nl\/de\/wp-json\/wp\/v2\/product"}],"about":[{"href":"https:\/\/movo-zaden.nl\/de\/wp-json\/wp\/v2\/types\/product"}],"version-history":[{"count":5,"href":"https:\/\/movo-zaden.nl\/de\/wp-json\/wp\/v2\/product\/9413\/revisions"}],"predecessor-version":[{"id":9421,"href":"https:\/\/movo-zaden.nl\/de\/wp-json\/wp\/v2\/product\/9413\/revisions\/9421"}],"wp:featuredmedia":[{"embeddable":true,"href":"https:\/\/movo-zaden.nl\/de\/wp-json\/wp\/v2\/media\/9424"}],"wp:attachment":[{"href":"https:\/\/movo-zaden.nl\/de\/wp-json\/wp\/v2\/media?parent=9413"}],"wp:term":[{"taxonomy":"product_brand","embeddable":true,"href":"https:\/\/movo-zaden.nl\/de\/wp-json\/wp\/v2\/product_brand?post=9413"},{"taxonomy":"product_cat","embeddable":true,"href":"https:\/\/movo-zaden.nl\/de\/wp-json\/wp\/v2\/product_cat?post=9413"},{"taxonomy":"product_tag","embeddable":true,"href":"https:\/\/movo-zaden.nl\/de\/wp-json\/wp\/v2\/product_tag?post=9413"}],"curies":[{"name":"wp","href":"https:\/\/api.w.org\/{rel}","templated":true}]}}